{"id":37133,"date":"2025-07-28T06:48:35","date_gmt":"2025-07-27T22:48:35","guid":{"rendered":"https:\/\/demostore.ai\/?post_type=product&#038;p=37133"},"modified":"2026-02-19T11:05:16","modified_gmt":"2026-02-19T03:05:16","slug":"broz-ve-tvaru-zlateho-listu-se-dvema-tony","status":"publish","type":"product","link":"https:\/\/demostore.ai\/cs\/produkt\/broz-ve-tvaru-zlateho-listu-se-dvema-tony\/","title":{"rendered":"Bro\u017e ve Tvaru Zlat\u00e9ho Listu se Dv\u011bma T\u00f3ny"},"content":{"rendered":"<section data-wtai-block-id=\"wtai_product_description_features\" class=\"wtai-section wtai-features-section\">\n<h2>Hlavn\u00ed p\u0159ednosti bro\u017ee<\/h2>\n<ul>\n<li><strong>Materi\u00e1l:<\/strong> Kvalitn\u00ed slitina kovu s povrchovou \u00fapravou ve dvou t\u00f3nech zlata (\u017elut\u00fd a b\u00edl\u00fd t\u00f3n)<\/li>\n<li><strong>Povrchov\u00e1 \u00faprava:<\/strong> Leskl\u00fd a matn\u00fd efekt pro vysok\u00fd vizu\u00e1ln\u00ed kontrast a eleganci<\/li>\n<li><strong>Tvar a design:<\/strong> Detailn\u011b propracovan\u00fd motiv listu s realistick\u00fdm \u017eilkov\u00e1n\u00edm a plastickou strukturou<\/li>\n<li><strong>Zdoben\u00ed:<\/strong> Jemn\u00e9 \u010dir\u00e9 kam\u00ednky vsazen\u00e9 do st\u0159edov\u00e9 \u010d\u00e1sti listu pro decentn\u00ed t\u0159pyt<\/li>\n<li><strong>Zap\u00edn\u00e1n\u00ed:<\/strong> Bezpe\u010dn\u00e9 bro\u017eov\u00e9 zap\u00edn\u00e1n\u00ed zaji\u0161\u0165uj\u00edc\u00ed pevn\u00e9 uchycen\u00ed na od\u011bvu<\/li>\n<li><strong>Zpracov\u00e1n\u00ed:<\/strong> Precizn\u00ed ru\u010dn\u00ed pr\u00e1ce s d\u016frazem na detail, vhodn\u00e9 i pro slavnostn\u00ed p\u0159\u00edle\u017eitosti<\/li>\n<\/ul>\n<\/section>\n<div data-wtai-block-id=\"wtai_product_description_image_1753853427907\" class=\"wtai-section wtai-image_1753853427907-section\">\n<figure class=\"wtai-image-p wtai-align-center\" style=\"text-align:center\"><img decoding=\"async\" src=\"https:\/\/demostore.ai\/wp-content\/uploads\/2025\/07\/2-Two-Tone-Gold-Ring-with-Twin-Pearls-and-Textured-Leaf-Detail-1-600x181.png\" alt=\"Elegantn\u00ed bro\u017e ve tvaru zlat\u00e9ho listu se dv\u011bma t\u00f3ny, detailn\u00ed design pro elegantn\u00ed dopln\u011bk.\" srcset=\"https:\/\/demostore.ai\/wp-content\/uploads\/2025\/07\/2-Two-Tone-Gold-Ring-with-Twin-Pearls-and-Textured-Leaf-Detail-1.png 1000w, https:\/\/demostore.ai\/wp-content\/uploads\/2025\/07\/2-Two-Tone-Gold-Ring-with-Twin-Pearls-and-Textured-Leaf-Detail-1-300x90.png 300w, https:\/\/demostore.ai\/wp-content\/uploads\/2025\/07\/2-Two-Tone-Gold-Ring-with-Twin-Pearls-and-Textured-Leaf-Detail-1-768x231.png 768w, https:\/\/demostore.ai\/wp-content\/uploads\/2025\/07\/2-Two-Tone-Gold-Ring-with-Twin-Pearls-and-Textured-Leaf-Detail-1-600x181.png 600w\"><figcaption>\n<p>Dvoubarevn\u00e9 zlato decentn\u011b zv\u00fdraz\u0148uje jemn\u00e9 \u017eilkov\u00e1n\u00ed listu pro elegantn\u00ed, nad\u010dasov\u00fd dojem.<\/p>\n<\/figcaption><\/figure>\n<\/p><\/div>\n<section data-wtai-block-id=\"wtai_product_description_use_cases\" class=\"wtai-section wtai-use_cases-section\">\n<h2>Jak m\u016f\u017eete bro\u017e stylov\u011b vyu\u017e\u00edt<\/h2>\n<ul>\n<li>Elegantn\u00ed dopln\u011bk na sako nebo kab\u00e1t b\u011bhem pracovn\u00ed sch\u016fzky \u010di spole\u010densk\u00e9 akce.<\/li>\n<li>O\u017eiven\u00ed slavnostn\u00edch \u0161at\u016f nebo halenky na ve\u010d\u00edrku, oslav\u011b nebo svatb\u011b.<\/li>\n<li>Zv\u00fdrazn\u011bn\u00ed jednoduch\u00e9ho outfitu v b\u011b\u017en\u00fd den, vhodn\u00e9 i na kardigan \u010di svetr.<\/li>\n<li>Hod\u00ed se jako komponent pro vrstven\u00ed s dal\u0161\u00edmi \u0161perky \u010di bro\u017eemi \u2013 nap\u0159\u00edklad ke klobouku nebo na \u0161\u00e1lu.<\/li>\n<li>Vytvo\u0159te set s odpov\u00eddaj\u00edc\u00edmi zlat\u00fdmi n\u00e1u\u0161nicemi \u010di \u0159et\u00edzkem pro jednotn\u00fd vzhled.<\/li>\n<\/ul>\n<\/section>\n<section data-wtai-block-id=\"wtai_product_description_custom_1754204236758\" class=\"wtai-section wtai-custom_1754204236758-section\">\n<h2>Kdy se hod\u00ed bro\u017e ve tvaru zlat\u00e9ho listu se dv\u011bma t\u00f3ny<\/h2>\n<ul>\n<li><strong>Ka\u017edodenn\u00ed outfit<\/strong> \u2013 O\u017eiv\u00ed jednoduch\u00fd svetr, kab\u00e1t nebo sako a dod\u00e1 va\u0161emu stylu dotek elegance.<\/li>\n<li><strong>Pracovn\u00ed sch\u016fzky<\/strong> \u2013 Podtrhne profesionalitu a vkus, ani\u017e by p\u016fsobila p\u0159\u00edli\u0161 ok\u00e1zale.<\/li>\n<li><strong>Spole\u010densk\u00e9 ud\u00e1losti<\/strong> \u2013 Vynikne p\u0159i slavnostn\u00edch p\u0159\u00edle\u017eitostech, jako jsou plesy \u010di gala ve\u010dery.<\/li>\n<li><strong>Svatby a oslavy<\/strong> \u2013 Kr\u00e1sn\u00fd dopln\u011bk pro nev\u011bstu, dru\u017ei\u010dky nebo hosty na slavnostn\u00edm dni.<\/li>\n<li><strong>V\u00e1no\u010dn\u00ed a rodinn\u00e1 setk\u00e1n\u00ed<\/strong> \u2013 Stylov\u00fd \u0161perk, kter\u00fdm zpest\u0159\u00edte sv\u00e1te\u010dn\u00ed atmosf\u00e9ru i rodinn\u00e9 oslavy.<\/li>\n<li><strong>D\u00e1rkov\u00e1 p\u0159\u00edle\u017eitost<\/strong> \u2013 V\u00fdjime\u010dn\u00fd d\u00e1rek pro bl\u00edzkou, kter\u00e1 ocen\u00ed osobit\u00fd, p\u0159\u00edrodn\u00ed design.<\/li>\n<\/ul>\n<\/section>\n<section data-wtai-block-id=\"wtai_product_description_custom_1753164383380\" class=\"wtai-section wtai-custom_1753164383380-section\">\n<h3>Jak pe\u010dovat o va\u0161i bro\u017e ve tvaru zlat\u00e9ho listu<\/h3>\n<ul>\n<li>Po ka\u017ed\u00e9m no\u0161en\u00ed bro\u017e jemn\u011b ot\u0159ete m\u011bkk\u00fdm such\u00fdm had\u0159\u00edkem, abyste uchovali jej\u00ed lesk a zabr\u00e1nili usazov\u00e1n\u00ed ne\u010distot.<\/li>\n<li>Uchov\u00e1vejte bro\u017e na such\u00e9m m\u00edst\u011b odd\u011blen\u011b od ostatn\u00edch \u0161perk\u016f, nejl\u00e9pe v l\u00e1tkov\u00e9m s\u00e1\u010dku nebo \u0161perkovnici.<\/li>\n<li>Vyh\u00fdbejte se kontaktu bro\u017ee s vodou, parf\u00e9my a kosmetikou, aby nedo\u0161lo k po\u0161kozen\u00ed povrchu a ztr\u00e1t\u011b barevn\u00e9 dvout\u00f3nov\u00e9 efektnosti.<\/li>\n<\/ul>\n<\/section>\n<div data-wtai-block-id=\"wtai_product_description_image_1753853450366\" class=\"wtai-section wtai-image_1753853450366-section\">\n<figure class=\"wtai-image-p wtai-align-center\" style=\"text-align:center\"><img decoding=\"async\" src=\"https:\/\/demostore.ai\/wp-content\/uploads\/2025\/07\/4-Two-Tone-Gold-Ring-with-Twin-Pearls-and-Textured-Leaf-Detail.png\" alt=\"Bro\u017e ve tvaru zlat\u00e9ho listu se dv\u011bma t\u00f3ny a zdoben\u00edm drobn\u00fdmi kam\u00ednky.\" srcset=\"https:\/\/demostore.ai\/wp-content\/uploads\/2025\/07\/4-Two-Tone-Gold-Ring-with-Twin-Pearls-and-Textured-Leaf-Detail.png 498w, https:\/\/demostore.ai\/wp-content\/uploads\/2025\/07\/4-Two-Tone-Gold-Ring-with-Twin-Pearls-and-Textured-Leaf-Detail-205x300.png 205w\"><figcaption>\n<p>K\u0159i\u0161\u0165\u00e1lov\u011b t\u0159pytiv\u00e9 kam\u00ednky podtrhuj\u00ed detaily bro\u017ee a dod\u00e1vaj\u00ed \u0161perku honosn\u00fd n\u00e1dech.<\/p>\n<\/figcaption><\/figure>\n<\/p><\/div>\n<section data-wtai-block-id=\"wtai_product_description_faqs\" class=\"wtai-section wtai-faqs-section\">\n<h2>\u010casto kladen\u00e9 ot\u00e1zky<\/h2>\n<p><strong>Z jak\u00e9ho materi\u00e1lu je bro\u017e vyrobena?<\/strong> <br \/> Bro\u017e je z kvalitn\u00ed slitiny s povrchovou \u00fapravou ve dvou odst\u00ednech zlata a m\u00e1 jemn\u00e9 vsazen\u00e9 kam\u00ednky.<\/p>\n<p><strong>Je bro\u017e vhodn\u00e1 na denn\u00ed no\u0161en\u00ed?<\/strong> <br \/> D\u00edky pevn\u00e9 a spolehliv\u00e9 spon\u011b i decentn\u00edmu zdoben\u00ed je vhodn\u00e1 na v\u0161edn\u00ed dny i speci\u00e1ln\u00ed ud\u00e1losti.<\/p>\n<p><strong>Jak bro\u017e skladovat, aby vydr\u017eela co nejd\u00e9le kr\u00e1sn\u00e1?<\/strong> <br \/> Ukl\u00e1dejte ji do sametov\u00e9ho s\u00e1\u010dku nebo krabi\u010dky zvl\u00e1\u0161\u0165 od ostatn\u00edch \u0161perk\u016f, aby se povrch nepo\u0161kr\u00e1bal.<\/p>\n<p><strong>Je bro\u017e vhodn\u00e1 jako d\u00e1rek?<\/strong> <br \/> Ano, d\u00edky nad\u010dasov\u00e9mu motivu listu a univerz\u00e1ln\u00edmu designu pot\u011b\u0161\u00ed \u017eeny v\u0161ech generac\u00ed.<\/p>\n<\/section>\n<section data-wtai-block-id=\"wtai_product_description_conclusion\" class=\"wtai-section wtai-conclusion-section\">\n<h2>Dodejte sv\u00e9mu stylu okouzluj\u00edc\u00ed detail<\/h2>\n<p><strong>Bro\u017e ve tvaru zlat\u00e9ho listu se dv\u011bma t\u00f3ny vnese do va\u0161eho \u0161atn\u00edku \u0161petku originality a elegance.<\/strong> <strong>Precizn\u00ed ru\u010dn\u00ed zpracov\u00e1n\u00ed a harmonick\u00e9 spojen\u00ed barev podtrhne va\u0161i osobitost p\u0159i ka\u017ed\u00e9 p\u0159\u00edle\u017eitosti.<\/strong> <strong>Nev\u00e1hejte a p\u0159idejte tento nad\u010dasov\u00fd \u0161perk do sv\u00e9 kolekce u\u017e dnes.<\/strong> <strong>Ka\u017ed\u00fd detail zaujme na prvn\u00ed pohled a vykouzl\u00ed dojem, na kter\u00fd se nezapom\u00edn\u00e1.<\/strong> <strong>Nev\u00e1hejte s v\u00fdb\u011brem \u2013 va\u0161e nov\u00e1 obl\u00edben\u00e1 bro\u017e \u010dek\u00e1 pr\u00e1v\u011b te\u010f.<\/strong><\/p>\n<\/section>\n","protected":false},"excerpt":{"rendered":"<div data-wtai-block-id=\"wtai_excerpt_subtitle\" class=\"wtai-section wtai-subtitle-section\">\n<p><em><strong>Lesk dvou t\u00f3n\u016f, kter\u00fd podtrhne ka\u017ed\u00fd okam\u017eik kr\u00e1sy.<\/strong><\/em><\/p>\n<\/p><\/div>\n<div data-wtai-block-id=\"wtai_excerpt_introduction\" class=\"wtai-section wtai-introduction-section\">\n<p>Ob\u010das sta\u010d\u00ed jedin\u00fd detail k tomu, aby outfit dostal neopakovateln\u00fd charakter. Tato bro\u017e ve tvaru zlat\u00e9ho listu si z\u00edsk\u00e1 pozornost sv\u00fdm jemn\u00fdm zpracov\u00e1n\u00edm, p\u016fsobiv\u00fdm dvout\u00f3nov\u00fdm efektem a t\u0159pytem decentn\u011b zasazen\u00fdch kam\u00ednk\u016f. Nosit ji znamen\u00e1 vn\u00e9st do ka\u017ed\u00e9ho dne kousek p\u0159\u00edrody a nad\u010dasov\u00e9 elegance. Stane se nepostradateln\u00fdm dopl\u0148kem, kter\u00fd podtrhne va\u0161i originalitu a p\u0159inese h\u0159ejivou vzpom\u00ednku na slavnostn\u00ed i b\u011b\u017en\u00e9 chv\u00edle.<\/p>\n<\/p><\/div>\n","protected":false},"featured_media":32194,"comment_status":"open","ping_status":"closed","template":"","meta":[],"product_brand":[],"product_cat":[295],"product_tag":[],"class_list":{"0":"post-37133","1":"product","2":"type-product","3":"status-publish","4":"has-post-thumbnail","6":"product_cat-sperky","8":"first","9":"instock","10":"shipping-taxable","11":"purchasable","12":"product-type-simple"},"bundled_by":[],"bundle_stock_status":"instock","bundle_stock_quantity":null,"bundle_virtual":false,"bundle_layout":"","bundle_add_to_cart_form_location":"","bundle_editable_in_cart":false,"bundle_sold_individually_context":"","bundle_item_grouping":"","bundle_min_size":"","bundle_max_size":"","bundle_price":[],"bundled_items":[],"bundle_sell_ids":[],"yoast_head":"<!-- This site is optimized with the Yoast SEO plugin v25.2 - https:\/\/yoast.com\/wordpress\/plugins\/seo\/ -->\n<title>Objevte Nejlep\u0161\u00ed Bro\u017e ve Tvaru Zlat\u00e9ho Listu pro V\u00e1\u0161 Styl<\/title>\n<meta name=\"description\" content=\"Precizn\u00ed spojen\u00ed dvou zlat\u00fdch t\u00f3n\u016f v detailu listu o\u017eiv\u00ed ka\u017ed\u00fd outfit. Elegantn\u00ed bro\u017e s t\u0159pytem kam\u00ednk\u016f vynik\u00e1 jemn\u00fdm designem a univerz\u00e1ln\u00edm vyu\u017eit\u00edm.\" \/>\n<meta name=\"robots\" content=\"index, follow, max-snippet:-1, max-image-preview:large, max-video-preview:-1\" \/>\n<link rel=\"canonical\" href=\"https:\/\/demostore.ai\/cs\/produkt\/broz-ve-tvaru-zlateho-listu-se-dvema-tony\/\" \/>\n<meta property=\"og:type\" content=\"article\" \/>\n<meta property=\"og:title\" content=\"Objevte Nejlep\u0161\u00ed Bro\u017e ve Tvaru Zlat\u00e9ho Listu pro V\u00e1\u0161 Styl\" \/>\n<meta property=\"og:description\" content=\"Precizn\u011b zpracovan\u00e1 bro\u017e ve dvou odst\u00ednech zlata s jemn\u00fdm t\u0159pytem kam\u00ednk\u016f. Dod\u00e1 eleganci ka\u017ed\u00e9mu outfitu i p\u0159\u00edle\u017eitosti a bezvadn\u011b zapadne do va\u0161\u00ed \u0161perkovnice.\" \/>\n<meta property=\"og:url\" content=\"https:\/\/demostore.ai\/cs\/produkt\/broz-ve-tvaru-zlateho-listu-se-dvema-tony\/\" \/>\n<meta property=\"og:site_name\" content=\"Trendy Thread\" \/>\n<meta property=\"article:modified_time\" content=\"2026-02-19T03:05:16+00:00\" \/>\n<meta property=\"og:image\" content=\"https:\/\/demostore.ai\/wp-content\/uploads\/2025\/07\/1-Two-Tone-Gold-Ring-with-Twin-Pearls-and-Textured-Leaf-Detail-1.png\" \/>\n\t<meta property=\"og:image:width\" content=\"1000\" \/>\n\t<meta property=\"og:image:height\" content=\"445\" \/>\n\t<meta property=\"og:image:type\" content=\"image\/png\" \/>\n<meta name=\"twitter:card\" content=\"summary_large_image\" \/>\n<meta name=\"twitter:title\" content=\"Objevte Nejlep\u0161\u00ed Bro\u017e ve Tvaru Zlat\u00e9ho Listu pro V\u00e1\u0161 Styl\" \/>\n<meta name=\"twitter:description\" content=\"Precizn\u011b zpracovan\u00e1 bro\u017e ve dvou odst\u00ednech zlata s jemn\u00fdm t\u0159pytem kam\u00ednk\u016f. Dod\u00e1 eleganci ka\u017ed\u00e9mu outfitu i p\u0159\u00edle\u017eitosti a bezvadn\u011b zapadne do va\u0161\u00ed \u0161perkovnice.\" \/>\n<meta name=\"twitter:label1\" content=\"Odhadovan\u00e1 doba \u010dten\u00ed\" \/>\n\t<meta name=\"twitter:data1\" content=\"1 minuta\" \/>\n<script type=\"application\/ld+json\" class=\"yoast-schema-graph\">{\"@context\":\"https:\/\/schema.org\",\"@graph\":[{\"@type\":\"WebPage\",\"@id\":\"https:\/\/demostore.ai\/cs\/produkt\/broz-ve-tvaru-zlateho-listu-se-dvema-tony\/\",\"url\":\"https:\/\/demostore.ai\/cs\/produkt\/broz-ve-tvaru-zlateho-listu-se-dvema-tony\/\",\"name\":\"Objevte Nejlep\u0161\u00ed Bro\u017e ve Tvaru Zlat\u00e9ho Listu pro V\u00e1\u0161 Styl\",\"isPartOf\":{\"@id\":\"https:\/\/demostore.ai\/cs\/#website\"},\"primaryImageOfPage\":{\"@id\":\"https:\/\/demostore.ai\/cs\/produkt\/broz-ve-tvaru-zlateho-listu-se-dvema-tony\/#primaryimage\"},\"image\":{\"@id\":\"https:\/\/demostore.ai\/cs\/produkt\/broz-ve-tvaru-zlateho-listu-se-dvema-tony\/#primaryimage\"},\"thumbnailUrl\":\"https:\/\/demostore.ai\/wp-content\/uploads\/2025\/07\/1-Two-Tone-Gold-Ring-with-Twin-Pearls-and-Textured-Leaf-Detail-1.png\",\"datePublished\":\"2025-07-27T22:48:35+00:00\",\"dateModified\":\"2026-02-19T03:05:16+00:00\",\"description\":\"Precizn\u00ed spojen\u00ed dvou zlat\u00fdch t\u00f3n\u016f v detailu listu o\u017eiv\u00ed ka\u017ed\u00fd outfit. Elegantn\u00ed bro\u017e s t\u0159pytem kam\u00ednk\u016f vynik\u00e1 jemn\u00fdm designem a univerz\u00e1ln\u00edm vyu\u017eit\u00edm.\",\"breadcrumb\":{\"@id\":\"https:\/\/demostore.ai\/cs\/produkt\/broz-ve-tvaru-zlateho-listu-se-dvema-tony\/#breadcrumb\"},\"inLanguage\":\"cs\",\"potentialAction\":[{\"@type\":\"ReadAction\",\"target\":[\"https:\/\/demostore.ai\/cs\/produkt\/broz-ve-tvaru-zlateho-listu-se-dvema-tony\/\"]}]},{\"@type\":\"ImageObject\",\"inLanguage\":\"cs\",\"@id\":\"https:\/\/demostore.ai\/cs\/produkt\/broz-ve-tvaru-zlateho-listu-se-dvema-tony\/#primaryimage\",\"url\":\"https:\/\/demostore.ai\/wp-content\/uploads\/2025\/07\/1-Two-Tone-Gold-Ring-with-Twin-Pearls-and-Textured-Leaf-Detail-1.png\",\"contentUrl\":\"https:\/\/demostore.ai\/wp-content\/uploads\/2025\/07\/1-Two-Tone-Gold-Ring-with-Twin-Pearls-and-Textured-Leaf-Detail-1.png\",\"width\":1000,\"height\":445,\"caption\":\"Elegantn\u00ed bro\u017e ve tvaru zlat\u00e9ho listu se dv\u011bma t\u00f3ny a zdoben\u00edm kam\u00ednky.\"},{\"@type\":\"BreadcrumbList\",\"@id\":\"https:\/\/demostore.ai\/cs\/produkt\/broz-ve-tvaru-zlateho-listu-se-dvema-tony\/#breadcrumb\",\"itemListElement\":[{\"@type\":\"ListItem\",\"position\":1,\"name\":\"Dom\u016f\",\"item\":\"https:\/\/demostore.ai\/cs\/\"},{\"@type\":\"ListItem\",\"position\":2,\"name\":\"Obchod\",\"item\":\"https:\/\/demostore.ai\/cs\/obchod\/\"},{\"@type\":\"ListItem\",\"position\":3,\"name\":\"Bro\u017e ve Tvaru Zlat\u00e9ho Listu se Dv\u011bma T\u00f3ny\"}]},{\"@type\":\"WebSite\",\"@id\":\"https:\/\/demostore.ai\/cs\/#website\",\"url\":\"https:\/\/demostore.ai\/cs\/\",\"name\":\"Trendy Thread\",\"description\":\"Demo obchod WriteText.ai\",\"publisher\":{\"@id\":\"https:\/\/demostore.ai\/cs\/#organization\"},\"potentialAction\":[{\"@type\":\"SearchAction\",\"target\":{\"@type\":\"EntryPoint\",\"urlTemplate\":\"https:\/\/demostore.ai\/cs\/?s={search_term_string}\"},\"query-input\":{\"@type\":\"PropertyValueSpecification\",\"valueRequired\":true,\"valueName\":\"search_term_string\"}}],\"inLanguage\":\"cs\"},{\"@type\":\"Organization\",\"@id\":\"https:\/\/demostore.ai\/cs\/#organization\",\"name\":\"WriteText.ai\",\"url\":\"https:\/\/demostore.ai\/cs\/\",\"logo\":{\"@type\":\"ImageObject\",\"inLanguage\":\"cs\",\"@id\":\"https:\/\/demostore.ai\/cs\/#\/schema\/logo\/image\/\",\"url\":\"https:\/\/demostore.ai\/wp-content\/uploads\/2025\/10\/writetext_logo.webp\",\"contentUrl\":\"https:\/\/demostore.ai\/wp-content\/uploads\/2025\/10\/writetext_logo.webp\",\"width\":200,\"height\":34,\"caption\":\"WriteText.ai\"},\"image\":{\"@id\":\"https:\/\/demostore.ai\/cs\/#\/schema\/logo\/image\/\"}}]}<\/script>\n<!-- \/ Yoast SEO plugin. -->","yoast_head_json":{"title":"Objevte Nejlep\u0161\u00ed Bro\u017e ve Tvaru Zlat\u00e9ho Listu pro V\u00e1\u0161 Styl","description":"Precizn\u00ed spojen\u00ed dvou zlat\u00fdch t\u00f3n\u016f v detailu listu o\u017eiv\u00ed ka\u017ed\u00fd outfit. Elegantn\u00ed bro\u017e s t\u0159pytem kam\u00ednk\u016f vynik\u00e1 jemn\u00fdm designem a univerz\u00e1ln\u00edm vyu\u017eit\u00edm.","robots":{"index":"index","follow":"follow","max-snippet":"max-snippet:-1","max-image-preview":"max-image-preview:large","max-video-preview":"max-video-preview:-1"},"canonical":"https:\/\/demostore.ai\/cs\/produkt\/broz-ve-tvaru-zlateho-listu-se-dvema-tony\/","og_type":"article","og_title":"Objevte Nejlep\u0161\u00ed Bro\u017e ve Tvaru Zlat\u00e9ho Listu pro V\u00e1\u0161 Styl","og_description":"Precizn\u011b zpracovan\u00e1 bro\u017e ve dvou odst\u00ednech zlata s jemn\u00fdm t\u0159pytem kam\u00ednk\u016f. Dod\u00e1 eleganci ka\u017ed\u00e9mu outfitu i p\u0159\u00edle\u017eitosti a bezvadn\u011b zapadne do va\u0161\u00ed \u0161perkovnice.","og_url":"https:\/\/demostore.ai\/cs\/produkt\/broz-ve-tvaru-zlateho-listu-se-dvema-tony\/","og_site_name":"Trendy Thread","article_modified_time":"2026-02-19T03:05:16+00:00","og_image":[{"width":1000,"height":445,"url":"https:\/\/demostore.ai\/wp-content\/uploads\/2025\/07\/1-Two-Tone-Gold-Ring-with-Twin-Pearls-and-Textured-Leaf-Detail-1.png","type":"image\/png"}],"twitter_card":"summary_large_image","twitter_title":"Objevte Nejlep\u0161\u00ed Bro\u017e ve Tvaru Zlat\u00e9ho Listu pro V\u00e1\u0161 Styl","twitter_description":"Precizn\u011b zpracovan\u00e1 bro\u017e ve dvou odst\u00ednech zlata s jemn\u00fdm t\u0159pytem kam\u00ednk\u016f. Dod\u00e1 eleganci ka\u017ed\u00e9mu outfitu i p\u0159\u00edle\u017eitosti a bezvadn\u011b zapadne do va\u0161\u00ed \u0161perkovnice.","twitter_misc":{"Odhadovan\u00e1 doba \u010dten\u00ed":"1 minuta"},"schema":{"@context":"https:\/\/schema.org","@graph":[{"@type":"WebPage","@id":"https:\/\/demostore.ai\/cs\/produkt\/broz-ve-tvaru-zlateho-listu-se-dvema-tony\/","url":"https:\/\/demostore.ai\/cs\/produkt\/broz-ve-tvaru-zlateho-listu-se-dvema-tony\/","name":"Objevte Nejlep\u0161\u00ed Bro\u017e ve Tvaru Zlat\u00e9ho Listu pro V\u00e1\u0161 Styl","isPartOf":{"@id":"https:\/\/demostore.ai\/cs\/#website"},"primaryImageOfPage":{"@id":"https:\/\/demostore.ai\/cs\/produkt\/broz-ve-tvaru-zlateho-listu-se-dvema-tony\/#primaryimage"},"image":{"@id":"https:\/\/demostore.ai\/cs\/produkt\/broz-ve-tvaru-zlateho-listu-se-dvema-tony\/#primaryimage"},"thumbnailUrl":"https:\/\/demostore.ai\/wp-content\/uploads\/2025\/07\/1-Two-Tone-Gold-Ring-with-Twin-Pearls-and-Textured-Leaf-Detail-1.png","datePublished":"2025-07-27T22:48:35+00:00","dateModified":"2026-02-19T03:05:16+00:00","description":"Precizn\u00ed spojen\u00ed dvou zlat\u00fdch t\u00f3n\u016f v detailu listu o\u017eiv\u00ed ka\u017ed\u00fd outfit. Elegantn\u00ed bro\u017e s t\u0159pytem kam\u00ednk\u016f vynik\u00e1 jemn\u00fdm designem a univerz\u00e1ln\u00edm vyu\u017eit\u00edm.","breadcrumb":{"@id":"https:\/\/demostore.ai\/cs\/produkt\/broz-ve-tvaru-zlateho-listu-se-dvema-tony\/#breadcrumb"},"inLanguage":"cs","potentialAction":[{"@type":"ReadAction","target":["https:\/\/demostore.ai\/cs\/produkt\/broz-ve-tvaru-zlateho-listu-se-dvema-tony\/"]}]},{"@type":"ImageObject","inLanguage":"cs","@id":"https:\/\/demostore.ai\/cs\/produkt\/broz-ve-tvaru-zlateho-listu-se-dvema-tony\/#primaryimage","url":"https:\/\/demostore.ai\/wp-content\/uploads\/2025\/07\/1-Two-Tone-Gold-Ring-with-Twin-Pearls-and-Textured-Leaf-Detail-1.png","contentUrl":"https:\/\/demostore.ai\/wp-content\/uploads\/2025\/07\/1-Two-Tone-Gold-Ring-with-Twin-Pearls-and-Textured-Leaf-Detail-1.png","width":1000,"height":445,"caption":"Elegantn\u00ed bro\u017e ve tvaru zlat\u00e9ho listu se dv\u011bma t\u00f3ny a zdoben\u00edm kam\u00ednky."},{"@type":"BreadcrumbList","@id":"https:\/\/demostore.ai\/cs\/produkt\/broz-ve-tvaru-zlateho-listu-se-dvema-tony\/#breadcrumb","itemListElement":[{"@type":"ListItem","position":1,"name":"Dom\u016f","item":"https:\/\/demostore.ai\/cs\/"},{"@type":"ListItem","position":2,"name":"Obchod","item":"https:\/\/demostore.ai\/cs\/obchod\/"},{"@type":"ListItem","position":3,"name":"Bro\u017e ve Tvaru Zlat\u00e9ho Listu se Dv\u011bma T\u00f3ny"}]},{"@type":"WebSite","@id":"https:\/\/demostore.ai\/cs\/#website","url":"https:\/\/demostore.ai\/cs\/","name":"Trendy Thread","description":"Demo obchod WriteText.ai","publisher":{"@id":"https:\/\/demostore.ai\/cs\/#organization"},"potentialAction":[{"@type":"SearchAction","target":{"@type":"EntryPoint","urlTemplate":"https:\/\/demostore.ai\/cs\/?s={search_term_string}"},"query-input":{"@type":"PropertyValueSpecification","valueRequired":true,"valueName":"search_term_string"}}],"inLanguage":"cs"},{"@type":"Organization","@id":"https:\/\/demostore.ai\/cs\/#organization","name":"WriteText.ai","url":"https:\/\/demostore.ai\/cs\/","logo":{"@type":"ImageObject","inLanguage":"cs","@id":"https:\/\/demostore.ai\/cs\/#\/schema\/logo\/image\/","url":"https:\/\/demostore.ai\/wp-content\/uploads\/2025\/10\/writetext_logo.webp","contentUrl":"https:\/\/demostore.ai\/wp-content\/uploads\/2025\/10\/writetext_logo.webp","width":200,"height":34,"caption":"WriteText.ai"},"image":{"@id":"https:\/\/demostore.ai\/cs\/#\/schema\/logo\/image\/"}}]}},"_links":{"self":[{"href":"https:\/\/demostore.ai\/cs\/wp-json\/wp\/v2\/product\/37133","targetHints":{"allow":["GET"]}}],"collection":[{"href":"https:\/\/demostore.ai\/cs\/wp-json\/wp\/v2\/product"}],"about":[{"href":"https:\/\/demostore.ai\/cs\/wp-json\/wp\/v2\/types\/product"}],"replies":[{"embeddable":true,"href":"https:\/\/demostore.ai\/cs\/wp-json\/wp\/v2\/comments?post=37133"}],"wp:featuredmedia":[{"embeddable":true,"href":"https:\/\/demostore.ai\/cs\/wp-json\/wp\/v2\/media\/32194"}],"wp:attachment":[{"href":"https:\/\/demostore.ai\/cs\/wp-json\/wp\/v2\/media?parent=37133"}],"wp:term":[{"taxonomy":"product_brand","embeddable":true,"href":"https:\/\/demostore.ai\/cs\/wp-json\/wp\/v2\/product_brand?post=37133"},{"taxonomy":"product_cat","embeddable":true,"href":"https:\/\/demostore.ai\/cs\/wp-json\/wp\/v2\/product_cat?post=37133"},{"taxonomy":"product_tag","embeddable":true,"href":"https:\/\/demostore.ai\/cs\/wp-json\/wp\/v2\/product_tag?post=37133"}],"curies":[{"name":"wp","href":"https:\/\/api.w.org\/{rel}","templated":true}]}}