{"id":36823,"date":"2025-06-13T08:39:29","date_gmt":"2025-06-13T00:39:29","guid":{"rendered":"https:\/\/demostore.ai\/?post_type=product&#038;p=36823"},"modified":"2026-02-19T16:05:29","modified_gmt":"2026-02-19T08:05:29","slug":"fairy-skin-rozjasnujici-opalovaci-krem","status":"publish","type":"product","link":"https:\/\/demostore.ai\/cs\/produkt\/fairy-skin-rozjasnujici-opalovaci-krem\/","title":{"rendered":"Fairy Skin Rozjas\u0148uj\u00edc\u00ed Opalovac\u00ed Kr\u00e9m"},"content":{"rendered":"<section data-wtai-block-id=\"wtai_product_description_features\" class=\"wtai-section wtai-features-section\">\n<h2>Hlavn\u00ed p\u0159ednosti produktu<\/h2>\n<ul>\n<li><strong>Hydrata\u010dn\u00ed a rozjas\u0148uj\u00edc\u00ed efekt<\/strong> dod\u00e1v\u00e1 poko\u017ece sv\u011b\u017e\u00ed vzhled a podporuje zdrav\u00fd jas<\/li>\n<li><strong>Siln\u00e1 ochrana SPF 50 PA+++<\/strong> spolehliv\u011b chr\u00e1n\u00ed p\u0159ed UVA i UVB z\u00e1\u0159en\u00edm ka\u017ed\u00fd den<\/li>\n<li><strong>Lehk\u00e1 textura<\/strong> se snadno rozt\u00edr\u00e1 a nezanech\u00e1v\u00e1 mastn\u00fd film na pleti<\/li>\n<li><strong>Rychle vst\u0159ebateln\u00fd finish<\/strong> p\u0159izp\u016fsoben\u00fd ka\u017edodenn\u00edmu no\u0161en\u00ed bez b\u00edl\u00fdch stop<\/li>\n<li><strong>Niacinamid<\/strong> pom\u00e1h\u00e1 vyrovn\u00e1vat t\u00f3n pleti a posiluje ko\u017en\u00ed bari\u00e9ru<\/li>\n<li><strong>Extrakt z Centella Asiatica<\/strong> p\u016fsob\u00ed zklid\u0148uj\u00edc\u00edm \u00fa\u010dinkem na podr\u00e1\u017ed\u011bnou ple\u0165<\/li>\n<li><strong>Antioxida\u010dn\u00ed slo\u017eky<\/strong> chr\u00e1n\u00ed ple\u0165 p\u0159ed vn\u011bj\u0161\u00edmi vlivy a p\u0159ed\u010dasn\u00fdm st\u00e1rnut\u00edm<\/li>\n<li><strong>Modern\u00ed balen\u00ed v r\u016f\u017eov\u00e9 lahvi\u010dce<\/strong> je snadn\u00e9 na p\u0159en\u00e1\u0161en\u00ed a stylov\u00e9 do kabelky<\/li>\n<\/ul>\n<\/section>\n<div data-wtai-block-id=\"wtai_product_description_image_1753694499291\" class=\"wtai-section wtai-image_1753694499291-section\">\n<figure class=\"wtai-image-p wtai-align-center\" style=\"text-align:center\"><img decoding=\"async\" src=\"https:\/\/demostore.ai\/wp-content\/uploads\/2025\/06\/Sunscreen-4-scaled-1-600x305.png\" alt=\"R\u016f\u017eov\u00e1 lahvi\u010dka Fairy Skin Rozjas\u0148uj\u00edc\u00ed Opalovac\u00ed Kr\u00e9m SPF 50 PA+++ na b\u00edl\u00e9m pozad\u00ed.\" srcset=\"https:\/\/demostore.ai\/wp-content\/uploads\/2025\/06\/Sunscreen-4-scaled-1.png 1000w, https:\/\/demostore.ai\/wp-content\/uploads\/2025\/06\/Sunscreen-4-scaled-1-300x152.png 300w, https:\/\/demostore.ai\/wp-content\/uploads\/2025\/06\/Sunscreen-4-scaled-1-768x390.png 768w, https:\/\/demostore.ai\/wp-content\/uploads\/2025\/06\/Sunscreen-4-scaled-1-600x305.png 600w\"><figcaption>\n<p>Modern\u00ed, pastelov\u011b r\u016f\u017eov\u00e9 balen\u00ed pohodln\u011b padne do ruky a snadno se vejde do kabelky.<\/p>\n<\/figcaption><\/figure>\n<\/p><\/div>\n<section data-wtai-block-id=\"wtai_product_description_benefits\" class=\"wtai-section wtai-benefits-section\">\n<h2>Pro\u010d si ho zamilujete<\/h2>\n<ul>\n<li>Zanech\u00e1 va\u0161i ple\u0165 rozz\u00e1\u0159enou a sv\u011b\u017e\u00ed u\u017e po prvn\u00edm pou\u017eit\u00ed.<\/li>\n<li>Chr\u00e1n\u00ed v\u00e1s p\u0159ed \u0161kodliv\u00fdm sluncem bez pocitu t\u011b\u017ekosti.<\/li>\n<li>Va\u0161e ple\u0165 vypad\u00e1 sjednocen\u011bji, jemn\u011bji a zdrav\u011bji.<\/li>\n<li>Lehk\u00e9 slo\u017een\u00ed neucp\u00e1v\u00e1 p\u00f3ry a nelep\u00ed.<\/li>\n<li>Dod\u00e1v\u00e1 sebev\u011bdom\u00ed v ka\u017ed\u00e9m ro\u010dn\u00edm obdob\u00ed.<\/li>\n<\/ul>\n<\/section>\n<section data-wtai-block-id=\"wtai_product_description_use_cases\" class=\"wtai-section wtai-use_cases-section\">\n<h3>Jak za\u0159adit do sv\u00e9 rutiny<\/h3>\n<ol>\n<li>Aplikujte r\u00e1no jako posledn\u00ed krok p\u00e9\u010de o ple\u0165 p\u0159ed make-upem.<\/li>\n<li>Pou\u017e\u00edvejte na \u010distou a suchou tv\u00e1\u0159 i krk.<\/li>\n<li>Jemn\u011b rozet\u0159ete rovnom\u011brn\u011b po cel\u00e9 plo\u0161e tv\u00e1\u0159e.<\/li>\n<li>Ide\u00e1ln\u00ed na ka\u017edodenn\u00ed pou\u017eit\u00ed v l\u00e9t\u011b i zim\u011b.<\/li>\n<li>Obnovujte vrstvu ka\u017ed\u00e9 2\u20133 hodiny p\u0159i del\u0161\u00edm pobytu venku.<\/li>\n<li>Noste pod make-up pro ochranu i lehk\u00e9 rozz\u00e1\u0159en\u00ed.<\/li>\n<li>Hod\u00ed se do kabelky i na cesty d\u00edky kompaktn\u00edmu balen\u00ed.<\/li>\n<li>Vhodn\u00e9 pro rychlou \u00fapravu pleti b\u011bhem dne.<\/li>\n<\/ol>\n<\/section>\n<section data-wtai-block-id=\"wtai_product_description_technical_specifications\" class=\"wtai-section wtai-technical_specifications-section\">\n<h3>Detaily<\/h3>\n<ul>\n<li><strong>Objem<\/strong>: 50 ml<\/li>\n<li><strong>Ochrann\u00fd faktor<\/strong>: SPF 50 PA+++<\/li>\n<li><strong>Textura<\/strong>: lehk\u00e1, rychle vst\u0159ebateln\u00e1 emulze<\/li>\n<li><strong>Typ balen\u00ed<\/strong>: plastov\u00e1 lahvi\u010dka, r\u016f\u017eov\u00e1 barva<\/li>\n<\/ul>\n<\/section>\n<section data-wtai-block-id=\"wtai_product_description_custom_1753167803027\" class=\"wtai-section wtai-custom_1753167803027-section\">\n<h2>Pro jak\u00e9 ple\u0165ov\u00e9 probl\u00e9my je tento kr\u00e9m ur\u010den a pro jak\u00e9 typy pleti se hod\u00ed<\/h2>\n<ul>\n<li><strong>Such\u00e1 ple\u0165<\/strong> \u2013 dod\u00e1v\u00e1 hydrataci a sjednocuje t\u00f3n poko\u017eky.<\/li>\n<li><strong>Mastn\u00e1 ple\u0165<\/strong> \u2013 lehk\u00e1 textura nezat\u011b\u017euje a nemast\u00ed poko\u017eku.<\/li>\n<li><strong>Citliv\u00e1 ple\u0165<\/strong> \u2013 jemn\u00e9 slo\u017een\u00ed bez podr\u00e1\u017ed\u011bn\u00ed, vhodn\u00e9 i pro citliv\u00e9.<\/li>\n<li><strong>Skvrny a pigmentace<\/strong> \u2013 pom\u00e1h\u00e1 rozjasnit a redukovat tmav\u00e9 skvrny.<\/li>\n<li><strong>Unaven\u00e1 a mdl\u00e1 ple\u0165<\/strong> \u2013 rozz\u00e1\u0159\u00ed a osv\u011b\u017e\u00ed matn\u00fd vzhled poko\u017eky.<\/li>\n<li><strong>Ochrana p\u0159ed sluncem<\/strong> \u2013 vysok\u00e9 SPF chr\u00e1n\u00ed p\u0159ed \u0161kodliv\u00fdm UV z\u00e1\u0159en\u00edm.<\/li>\n<\/ul>\n<\/section>\n<section data-wtai-block-id=\"wtai_product_description_custom_1754200971412\" class=\"wtai-section wtai-custom_1754200971412-section\">\n<h2>Slo\u017een\u00ed produktu Fairy Skin Rozjas\u0148uj\u00edc\u00ed Opalovac\u00ed Kr\u00e9m<\/h2>\n<p>Aqua, Glycerin, Titanium Dioxide, Butyl Methoxydibenzoylmethane, Octocrylene, Ethylhexyl Methoxycinnamate, Phospholipids, Butylene Glycol, Ammonium Acryloyldimethyltaurate\/Beheneth\u201125 Methacrylate Crosspolymer, Phenoxyethanol, Ethylhexylglycerin, Caprylic\/Capric\/Succinic Triglyceride, Parfum, Centella Asiatica Extract, Polygonum Cuspidatum Root Extract, Scutellaria Baicalensis Root Extract, Camellia Sinensis Leaf Extract, Glycyrrhiza Glabra Root Extract, Chamomilla Recutita Flower Extract, Rosmarinus Officinalis Leaf Extract.<\/p>\n<\/section>\n<section data-wtai-block-id=\"wtai_product_description_faqs\" class=\"wtai-section wtai-faqs-section\">\n<h2>\u010casto kladen\u00e9 dotazy<\/h2>\n<p><strong>Je kr\u00e9m vhodn\u00fd i pro citlivou ple\u0165?<\/strong> <br \/> Ano, d\u00edky jemn\u00e9mu slo\u017een\u00ed a hydrata\u010dn\u00edm slo\u017ek\u00e1m je vhodn\u00fd pro v\u011bt\u0161inu typ\u016f pleti.<\/p>\n<p><strong>Lze pou\u017e\u00edvat s dal\u0161\u00edmi aktivn\u00edmi s\u00e9rami?<\/strong> <br \/> Ano, nan\u00e1\u0161ejte a\u017e po v\u0161ech s\u00e9rech, v\u017edy na \u010distou a suchou ple\u0165.<\/p>\n<p><strong>Za jak dlouho uvid\u00edm rozjasn\u011bn\u00ed?<\/strong> <br \/> Prvn\u00ed efekt m\u016f\u017eete pozorovat ihned, viditeln\u00e9 zlep\u0161en\u00ed b\u011bhem n\u011bkolika dn\u00ed pravideln\u00e9ho pou\u017eit\u00ed.<\/p>\n<p><strong>Jak kr\u00e9m spr\u00e1vn\u011b uchov\u00e1vat?<\/strong> <br \/> Skladujte na such\u00e9m a chladn\u00e9m m\u00edst\u011b, mimo p\u0159\u00edm\u00e9 slunce.<\/p>\n<p><strong>Jak dlouho po otev\u0159en\u00ed vydr\u017e\u00ed?<\/strong> <br \/> Spot\u0159ebujte ide\u00e1ln\u011b do 12 m\u011bs\u00edc\u016f po otev\u0159en\u00ed.<\/p>\n<\/section>\n<section data-wtai-block-id=\"wtai_product_description_conclusion\" class=\"wtai-section wtai-conclusion-section\">\n<h2>Objevte p\u00e9\u010di, kter\u00e1 v\u00e1m sedne<\/h2>\n<p><em><strong>Fairy Skin Rozjas\u0148uj\u00edc\u00ed Opalovac\u00ed Kr\u00e9m p\u0159in\u00e1\u0161\u00ed ka\u017edodenn\u00ed ochranu a bezchybn\u00fd lesk va\u0161\u00ed pleti.<\/strong><\/em> <em><strong>Rozmazlete sebe i svou ple\u0165 u\u017e dnes a dop\u0159ejte j\u00ed v\u0161e, co si zaslou\u017e\u00ed.<\/strong><\/em><\/p>\n<\/section>\n","protected":false},"excerpt":{"rendered":"<div data-wtai-block-id=\"wtai_excerpt_subtitle\" class=\"wtai-section wtai-subtitle-section\">\n<p><em><strong>Lehk\u00fd dotek ochrany a rozjasn\u011bn\u00ed pro ka\u017edodenn\u00ed p\u00e9\u010di o ple\u0165.<\/strong><\/em><\/p>\n<\/p><\/div>\n<div data-wtai-block-id=\"wtai_excerpt_introduction\" class=\"wtai-section wtai-introduction-section\">\n<p>P\u0159irozen\u011b z\u00e1\u0159iv\u00e1 a chr\u00e1n\u011bn\u00e1 ple\u0165? To nen\u00ed nesplniteln\u00fd sen. Fairy Skin Rozjas\u0148uj\u00edc\u00ed Opalovac\u00ed Kr\u00e9m p\u0159in\u00e1\u0161\u00ed spojen\u00ed jemn\u00e9 textury s intenzivn\u00ed ochranou p\u0159ed sluncem, kterou si m\u016f\u017eete dop\u0159\u00e1t ka\u017ed\u00fd den. Jeho lehk\u00e9 slo\u017een\u00ed nezat\u011b\u017euje ple\u0165, snadno se vst\u0159eb\u00e1v\u00e1 a zanech\u00e1v\u00e1 sv\u011b\u017e\u00ed pocit bez mastnoty i b\u00edl\u00fdch stop. Dop\u0159ejte si okam\u017eik pro sebe, kdy krom\u011b ochrany z\u00edsk\u00e1te viditeln\u011b jasn\u011bj\u0161\u00ed t\u00f3n a opravdu p\u0159\u00edjemn\u00e9 rann\u00ed ritu\u00e1ly. P\u00e9\u010de, kter\u00e1 zahal\u00ed va\u0161i ple\u0165 jemnost\u00ed a podtrhne jej\u00ed p\u0159irozenou kr\u00e1su.<\/p>\n<\/p><\/div>\n","protected":false},"featured_media":17302,"comment_status":"open","ping_status":"closed","template":"","meta":[],"product_brand":[],"product_cat":[198],"product_tag":[],"class_list":{"0":"post-36823","1":"product","2":"type-product","3":"status-publish","4":"has-post-thumbnail","6":"product_cat-krasa-wellness","8":"first","9":"instock","10":"shipping-taxable","11":"purchasable","12":"product-type-simple"},"bundled_by":[],"bundle_stock_status":"instock","bundle_stock_quantity":null,"bundle_virtual":false,"bundle_layout":"","bundle_add_to_cart_form_location":"","bundle_editable_in_cart":false,"bundle_sold_individually_context":"","bundle_item_grouping":"","bundle_min_size":"","bundle_max_size":"","bundle_price":[],"bundled_items":[],"bundle_sell_ids":[],"yoast_head":"<!-- This site is optimized with the Yoast SEO plugin v25.2 - https:\/\/yoast.com\/wordpress\/plugins\/seo\/ -->\n<title>Objevte Fairy Skin Rozjas\u0148uj\u00edc\u00ed Kr\u00e9m pro Ka\u017edodenn\u00ed Z\u00e1\u0159i Pleti<\/title>\n<meta name=\"description\" content=\"Unik\u00e1tn\u00ed textura chr\u00e1n\u00ed p\u0159ed UV z\u00e1\u0159en\u00edm, rozjas\u0148uje ple\u0165 a sjednocuje t\u00f3n. Ide\u00e1ln\u00ed volba pro modern\u00ed rutinu a sv\u011b\u017e\u00ed vzhled bez b\u00edl\u00fdch stop.\" \/>\n<meta name=\"robots\" content=\"index, follow, max-snippet:-1, max-image-preview:large, max-video-preview:-1\" \/>\n<link rel=\"canonical\" href=\"https:\/\/demostore.ai\/cs\/produkt\/fairy-skin-rozjasnujici-opalovaci-krem\/\" \/>\n<meta property=\"og:type\" content=\"article\" \/>\n<meta property=\"og:title\" content=\"Objevte Fairy Skin Rozjas\u0148uj\u00edc\u00ed Kr\u00e9m pro Ka\u017edodenn\u00ed Z\u00e1\u0159i Pleti\" \/>\n<meta property=\"og:description\" content=\"Mimo\u0159\u00e1dn\u00e1 ochrana pleti s SPF 50 PA+++ v lehk\u00e9m kr\u00e9mu, kter\u00fd rozjas\u0148uje, sjednocuje a nezanech\u00e1v\u00e1 b\u00edl\u00e9 stopy. Perfektn\u00ed volba pro ka\u017edodenn\u00ed p\u00e9\u010di o zdrav\u00fd a z\u00e1\u0159iv\u00fd vzhled.\" \/>\n<meta property=\"og:url\" content=\"https:\/\/demostore.ai\/cs\/produkt\/fairy-skin-rozjasnujici-opalovaci-krem\/\" \/>\n<meta property=\"og:site_name\" content=\"Trendy Thread\" \/>\n<meta property=\"article:modified_time\" content=\"2026-02-19T08:05:29+00:00\" \/>\n<meta property=\"og:image\" content=\"https:\/\/demostore.ai\/wp-content\/uploads\/2025\/06\/Sunscreen-1-scaled-1.png\" \/>\n\t<meta property=\"og:image:width\" content=\"570\" \/>\n\t<meta property=\"og:image:height\" content=\"930\" \/>\n\t<meta property=\"og:image:type\" content=\"image\/png\" \/>\n<meta name=\"twitter:card\" content=\"summary_large_image\" \/>\n<meta name=\"twitter:title\" content=\"Objevte Fairy Skin Rozjas\u0148uj\u00edc\u00ed Kr\u00e9m pro Ka\u017edodenn\u00ed Z\u00e1\u0159i Pleti\" \/>\n<meta name=\"twitter:description\" content=\"Mimo\u0159\u00e1dn\u00e1 ochrana pleti s SPF 50 PA+++ v lehk\u00e9m kr\u00e9mu, kter\u00fd rozjas\u0148uje, sjednocuje a nezanech\u00e1v\u00e1 b\u00edl\u00e9 stopy. Perfektn\u00ed volba pro ka\u017edodenn\u00ed p\u00e9\u010di o zdrav\u00fd a z\u00e1\u0159iv\u00fd vzhled.\" \/>\n<meta name=\"twitter:label1\" content=\"Odhadovan\u00e1 doba \u010dten\u00ed\" \/>\n\t<meta name=\"twitter:data1\" content=\"1 minuta\" \/>\n<script type=\"application\/ld+json\" class=\"yoast-schema-graph\">{\"@context\":\"https:\/\/schema.org\",\"@graph\":[{\"@type\":\"WebPage\",\"@id\":\"https:\/\/demostore.ai\/cs\/produkt\/fairy-skin-rozjasnujici-opalovaci-krem\/\",\"url\":\"https:\/\/demostore.ai\/cs\/produkt\/fairy-skin-rozjasnujici-opalovaci-krem\/\",\"name\":\"Objevte Fairy Skin Rozjas\u0148uj\u00edc\u00ed Kr\u00e9m pro Ka\u017edodenn\u00ed Z\u00e1\u0159i Pleti\",\"isPartOf\":{\"@id\":\"https:\/\/demostore.ai\/cs\/#website\"},\"primaryImageOfPage\":{\"@id\":\"https:\/\/demostore.ai\/cs\/produkt\/fairy-skin-rozjasnujici-opalovaci-krem\/#primaryimage\"},\"image\":{\"@id\":\"https:\/\/demostore.ai\/cs\/produkt\/fairy-skin-rozjasnujici-opalovaci-krem\/#primaryimage\"},\"thumbnailUrl\":\"https:\/\/demostore.ai\/wp-content\/uploads\/2025\/06\/Sunscreen-1-scaled-1.png\",\"datePublished\":\"2025-06-13T00:39:29+00:00\",\"dateModified\":\"2026-02-19T08:05:29+00:00\",\"description\":\"Unik\u00e1tn\u00ed textura chr\u00e1n\u00ed p\u0159ed UV z\u00e1\u0159en\u00edm, rozjas\u0148uje ple\u0165 a sjednocuje t\u00f3n. Ide\u00e1ln\u00ed volba pro modern\u00ed rutinu a sv\u011b\u017e\u00ed vzhled bez b\u00edl\u00fdch stop.\",\"breadcrumb\":{\"@id\":\"https:\/\/demostore.ai\/cs\/produkt\/fairy-skin-rozjasnujici-opalovaci-krem\/#breadcrumb\"},\"inLanguage\":\"cs\",\"potentialAction\":[{\"@type\":\"ReadAction\",\"target\":[\"https:\/\/demostore.ai\/cs\/produkt\/fairy-skin-rozjasnujici-opalovaci-krem\/\"]}]},{\"@type\":\"ImageObject\",\"inLanguage\":\"cs\",\"@id\":\"https:\/\/demostore.ai\/cs\/produkt\/fairy-skin-rozjasnujici-opalovaci-krem\/#primaryimage\",\"url\":\"https:\/\/demostore.ai\/wp-content\/uploads\/2025\/06\/Sunscreen-1-scaled-1.png\",\"contentUrl\":\"https:\/\/demostore.ai\/wp-content\/uploads\/2025\/06\/Sunscreen-1-scaled-1.png\",\"width\":570,\"height\":930,\"caption\":\"R\u016f\u017eov\u00e9 balen\u00ed Fairy Skin Rozjas\u0148uj\u00edc\u00ed Opalovac\u00ed Kr\u00e9m SPF 50 PA+++ na produktov\u00e9 str\u00e1nce.\"},{\"@type\":\"BreadcrumbList\",\"@id\":\"https:\/\/demostore.ai\/cs\/produkt\/fairy-skin-rozjasnujici-opalovaci-krem\/#breadcrumb\",\"itemListElement\":[{\"@type\":\"ListItem\",\"position\":1,\"name\":\"Dom\u016f\",\"item\":\"https:\/\/demostore.ai\/cs\/\"},{\"@type\":\"ListItem\",\"position\":2,\"name\":\"Obchod\",\"item\":\"https:\/\/demostore.ai\/cs\/obchod\/\"},{\"@type\":\"ListItem\",\"position\":3,\"name\":\"Fairy Skin Rozjas\u0148uj\u00edc\u00ed Opalovac\u00ed Kr\u00e9m\"}]},{\"@type\":\"WebSite\",\"@id\":\"https:\/\/demostore.ai\/cs\/#website\",\"url\":\"https:\/\/demostore.ai\/cs\/\",\"name\":\"Trendy Thread\",\"description\":\"Demo obchod WriteText.ai\",\"publisher\":{\"@id\":\"https:\/\/demostore.ai\/cs\/#organization\"},\"potentialAction\":[{\"@type\":\"SearchAction\",\"target\":{\"@type\":\"EntryPoint\",\"urlTemplate\":\"https:\/\/demostore.ai\/cs\/?s={search_term_string}\"},\"query-input\":{\"@type\":\"PropertyValueSpecification\",\"valueRequired\":true,\"valueName\":\"search_term_string\"}}],\"inLanguage\":\"cs\"},{\"@type\":\"Organization\",\"@id\":\"https:\/\/demostore.ai\/cs\/#organization\",\"name\":\"WriteText.ai\",\"url\":\"https:\/\/demostore.ai\/cs\/\",\"logo\":{\"@type\":\"ImageObject\",\"inLanguage\":\"cs\",\"@id\":\"https:\/\/demostore.ai\/cs\/#\/schema\/logo\/image\/\",\"url\":\"https:\/\/demostore.ai\/wp-content\/uploads\/2025\/10\/writetext_logo.webp\",\"contentUrl\":\"https:\/\/demostore.ai\/wp-content\/uploads\/2025\/10\/writetext_logo.webp\",\"width\":200,\"height\":34,\"caption\":\"WriteText.ai\"},\"image\":{\"@id\":\"https:\/\/demostore.ai\/cs\/#\/schema\/logo\/image\/\"}}]}<\/script>\n<!-- \/ Yoast SEO plugin. -->","yoast_head_json":{"title":"Objevte Fairy Skin Rozjas\u0148uj\u00edc\u00ed Kr\u00e9m pro Ka\u017edodenn\u00ed Z\u00e1\u0159i Pleti","description":"Unik\u00e1tn\u00ed textura chr\u00e1n\u00ed p\u0159ed UV z\u00e1\u0159en\u00edm, rozjas\u0148uje ple\u0165 a sjednocuje t\u00f3n. Ide\u00e1ln\u00ed volba pro modern\u00ed rutinu a sv\u011b\u017e\u00ed vzhled bez b\u00edl\u00fdch stop.","robots":{"index":"index","follow":"follow","max-snippet":"max-snippet:-1","max-image-preview":"max-image-preview:large","max-video-preview":"max-video-preview:-1"},"canonical":"https:\/\/demostore.ai\/cs\/produkt\/fairy-skin-rozjasnujici-opalovaci-krem\/","og_type":"article","og_title":"Objevte Fairy Skin Rozjas\u0148uj\u00edc\u00ed Kr\u00e9m pro Ka\u017edodenn\u00ed Z\u00e1\u0159i Pleti","og_description":"Mimo\u0159\u00e1dn\u00e1 ochrana pleti s SPF 50 PA+++ v lehk\u00e9m kr\u00e9mu, kter\u00fd rozjas\u0148uje, sjednocuje a nezanech\u00e1v\u00e1 b\u00edl\u00e9 stopy. Perfektn\u00ed volba pro ka\u017edodenn\u00ed p\u00e9\u010di o zdrav\u00fd a z\u00e1\u0159iv\u00fd vzhled.","og_url":"https:\/\/demostore.ai\/cs\/produkt\/fairy-skin-rozjasnujici-opalovaci-krem\/","og_site_name":"Trendy Thread","article_modified_time":"2026-02-19T08:05:29+00:00","og_image":[{"width":570,"height":930,"url":"https:\/\/demostore.ai\/wp-content\/uploads\/2025\/06\/Sunscreen-1-scaled-1.png","type":"image\/png"}],"twitter_card":"summary_large_image","twitter_title":"Objevte Fairy Skin Rozjas\u0148uj\u00edc\u00ed Kr\u00e9m pro Ka\u017edodenn\u00ed Z\u00e1\u0159i Pleti","twitter_description":"Mimo\u0159\u00e1dn\u00e1 ochrana pleti s SPF 50 PA+++ v lehk\u00e9m kr\u00e9mu, kter\u00fd rozjas\u0148uje, sjednocuje a nezanech\u00e1v\u00e1 b\u00edl\u00e9 stopy. Perfektn\u00ed volba pro ka\u017edodenn\u00ed p\u00e9\u010di o zdrav\u00fd a z\u00e1\u0159iv\u00fd vzhled.","twitter_misc":{"Odhadovan\u00e1 doba \u010dten\u00ed":"1 minuta"},"schema":{"@context":"https:\/\/schema.org","@graph":[{"@type":"WebPage","@id":"https:\/\/demostore.ai\/cs\/produkt\/fairy-skin-rozjasnujici-opalovaci-krem\/","url":"https:\/\/demostore.ai\/cs\/produkt\/fairy-skin-rozjasnujici-opalovaci-krem\/","name":"Objevte Fairy Skin Rozjas\u0148uj\u00edc\u00ed Kr\u00e9m pro Ka\u017edodenn\u00ed Z\u00e1\u0159i Pleti","isPartOf":{"@id":"https:\/\/demostore.ai\/cs\/#website"},"primaryImageOfPage":{"@id":"https:\/\/demostore.ai\/cs\/produkt\/fairy-skin-rozjasnujici-opalovaci-krem\/#primaryimage"},"image":{"@id":"https:\/\/demostore.ai\/cs\/produkt\/fairy-skin-rozjasnujici-opalovaci-krem\/#primaryimage"},"thumbnailUrl":"https:\/\/demostore.ai\/wp-content\/uploads\/2025\/06\/Sunscreen-1-scaled-1.png","datePublished":"2025-06-13T00:39:29+00:00","dateModified":"2026-02-19T08:05:29+00:00","description":"Unik\u00e1tn\u00ed textura chr\u00e1n\u00ed p\u0159ed UV z\u00e1\u0159en\u00edm, rozjas\u0148uje ple\u0165 a sjednocuje t\u00f3n. Ide\u00e1ln\u00ed volba pro modern\u00ed rutinu a sv\u011b\u017e\u00ed vzhled bez b\u00edl\u00fdch stop.","breadcrumb":{"@id":"https:\/\/demostore.ai\/cs\/produkt\/fairy-skin-rozjasnujici-opalovaci-krem\/#breadcrumb"},"inLanguage":"cs","potentialAction":[{"@type":"ReadAction","target":["https:\/\/demostore.ai\/cs\/produkt\/fairy-skin-rozjasnujici-opalovaci-krem\/"]}]},{"@type":"ImageObject","inLanguage":"cs","@id":"https:\/\/demostore.ai\/cs\/produkt\/fairy-skin-rozjasnujici-opalovaci-krem\/#primaryimage","url":"https:\/\/demostore.ai\/wp-content\/uploads\/2025\/06\/Sunscreen-1-scaled-1.png","contentUrl":"https:\/\/demostore.ai\/wp-content\/uploads\/2025\/06\/Sunscreen-1-scaled-1.png","width":570,"height":930,"caption":"R\u016f\u017eov\u00e9 balen\u00ed Fairy Skin Rozjas\u0148uj\u00edc\u00ed Opalovac\u00ed Kr\u00e9m SPF 50 PA+++ na produktov\u00e9 str\u00e1nce."},{"@type":"BreadcrumbList","@id":"https:\/\/demostore.ai\/cs\/produkt\/fairy-skin-rozjasnujici-opalovaci-krem\/#breadcrumb","itemListElement":[{"@type":"ListItem","position":1,"name":"Dom\u016f","item":"https:\/\/demostore.ai\/cs\/"},{"@type":"ListItem","position":2,"name":"Obchod","item":"https:\/\/demostore.ai\/cs\/obchod\/"},{"@type":"ListItem","position":3,"name":"Fairy Skin Rozjas\u0148uj\u00edc\u00ed Opalovac\u00ed Kr\u00e9m"}]},{"@type":"WebSite","@id":"https:\/\/demostore.ai\/cs\/#website","url":"https:\/\/demostore.ai\/cs\/","name":"Trendy Thread","description":"Demo obchod WriteText.ai","publisher":{"@id":"https:\/\/demostore.ai\/cs\/#organization"},"potentialAction":[{"@type":"SearchAction","target":{"@type":"EntryPoint","urlTemplate":"https:\/\/demostore.ai\/cs\/?s={search_term_string}"},"query-input":{"@type":"PropertyValueSpecification","valueRequired":true,"valueName":"search_term_string"}}],"inLanguage":"cs"},{"@type":"Organization","@id":"https:\/\/demostore.ai\/cs\/#organization","name":"WriteText.ai","url":"https:\/\/demostore.ai\/cs\/","logo":{"@type":"ImageObject","inLanguage":"cs","@id":"https:\/\/demostore.ai\/cs\/#\/schema\/logo\/image\/","url":"https:\/\/demostore.ai\/wp-content\/uploads\/2025\/10\/writetext_logo.webp","contentUrl":"https:\/\/demostore.ai\/wp-content\/uploads\/2025\/10\/writetext_logo.webp","width":200,"height":34,"caption":"WriteText.ai"},"image":{"@id":"https:\/\/demostore.ai\/cs\/#\/schema\/logo\/image\/"}}]}},"_links":{"self":[{"href":"https:\/\/demostore.ai\/cs\/wp-json\/wp\/v2\/product\/36823","targetHints":{"allow":["GET"]}}],"collection":[{"href":"https:\/\/demostore.ai\/cs\/wp-json\/wp\/v2\/product"}],"about":[{"href":"https:\/\/demostore.ai\/cs\/wp-json\/wp\/v2\/types\/product"}],"replies":[{"embeddable":true,"href":"https:\/\/demostore.ai\/cs\/wp-json\/wp\/v2\/comments?post=36823"}],"wp:featuredmedia":[{"embeddable":true,"href":"https:\/\/demostore.ai\/cs\/wp-json\/wp\/v2\/media\/17302"}],"wp:attachment":[{"href":"https:\/\/demostore.ai\/cs\/wp-json\/wp\/v2\/media?parent=36823"}],"wp:term":[{"taxonomy":"product_brand","embeddable":true,"href":"https:\/\/demostore.ai\/cs\/wp-json\/wp\/v2\/product_brand?post=36823"},{"taxonomy":"product_cat","embeddable":true,"href":"https:\/\/demostore.ai\/cs\/wp-json\/wp\/v2\/product_cat?post=36823"},{"taxonomy":"product_tag","embeddable":true,"href":"https:\/\/demostore.ai\/cs\/wp-json\/wp\/v2\/product_tag?post=36823"}],"curies":[{"name":"wp","href":"https:\/\/api.w.org\/{rel}","templated":true}]}}