{"id":36768,"date":"2025-06-16T09:53:02","date_gmt":"2025-06-16T01:53:02","guid":{"rendered":"https:\/\/demostore.ai\/?post_type=product&#038;p=36768"},"modified":"2026-02-19T15:28:17","modified_gmt":"2026-02-19T07:28:17","slug":"umele-topiary-aranzma","status":"publish","type":"product","link":"https:\/\/demostore.ai\/cs\/produkt\/umele-topiary-aranzma\/","title":{"rendered":"Um\u011bl\u00e9 Topiary Aran\u017em\u00e1"},"content":{"rendered":"<section data-wtai-block-id=\"wtai_product_description_features\" class=\"wtai-section wtai-features-section\">\n<h2>Hlavn\u00ed vlastnosti aran\u017em\u00e1<\/h2>\n<ul>\n<li><strong>Realistick\u00fd vzhled<\/strong>: Kuli\u010dkov\u00e9 topiary koule v\u011brn\u011b imituj\u00ed \u017eivou zele\u0148 a p\u016fsob\u00ed p\u0159irozen\u011b v ka\u017ed\u00e9m prostoru.<\/li>\n<li><strong>Odoln\u00fd materi\u00e1l<\/strong>: Listy jsou vyrobeny z kvalitn\u00edho plastu, kter\u00fd zaji\u0161\u0165uje dlouhou \u017eivotnost i p\u0159i um\u00edst\u011bn\u00ed v interi\u00e9ru i venku.<\/li>\n<li><strong>Stabiln\u00ed sklen\u011bn\u00e1 v\u00e1za<\/strong>: Pr\u016fhledn\u00e1 v\u00e1za nab\u00edz\u00edvizu\u00e1ln\u00ed \u010distotu a z\u00e1rove\u0148 zvy\u0161uje stabilitu cel\u00e9ho aran\u017em\u00e1.<\/li>\n<li><strong>Bez\u00fadr\u017ebovost<\/strong>: Nevy\u017eaduje zal\u00e9v\u00e1n\u00ed, st\u0159\u00edh\u00e1n\u00ed ani speci\u00e1ln\u00ed p\u00e9\u010di, co\u017e ocen\u00edte v dom\u00e1cnosti i kancel\u00e1\u0159i.<\/li>\n<li><strong>Modern\u00ed design<\/strong>: Kombinace kulov\u00fdch topiary a zelen\u00fdch st\u00e9bel vytv\u00e1\u0159\u00ed v\u00fdrazn\u00fd dekorativn\u00ed prvek vhodn\u00fd do r\u016fzn\u00fdch styl\u016f interi\u00e9ru.<\/li>\n<li><strong>Univerz\u00e1ln\u00ed pou\u017eit\u00ed<\/strong>: Um\u00edst\u011bn\u00ed je mo\u017en\u00e9 na st\u016fl, do haly, recepce, nebo jako decentn\u00ed dekoraci oken a teras.<\/li>\n<\/ul>\n<\/section>\n<div data-wtai-block-id=\"wtai_product_description_image_1754207315479\" class=\"wtai-section wtai-image_1754207315479-section\">\n<figure class=\"wtai-image-p wtai-align-center\" style=\"text-align:center\"><img decoding=\"async\" src=\"https:\/\/demostore.ai\/wp-content\/uploads\/2025\/06\/Potted-plant-2-600x759.png\" alt=\"Um\u011bl\u00e9 topiary aran\u017em\u00e1 v kulat\u00e9m kv\u011btin\u00e1\u010di s dekora\u010dn\u00edmi zelen\u00fdmi koulemi a listy.\" srcset=\"https:\/\/demostore.ai\/wp-content\/uploads\/2025\/06\/Potted-plant-2.png 790w, https:\/\/demostore.ai\/wp-content\/uploads\/2025\/06\/Potted-plant-2-237x300.png 237w, https:\/\/demostore.ai\/wp-content\/uploads\/2025\/06\/Potted-plant-2-768x972.png 768w, https:\/\/demostore.ai\/wp-content\/uploads\/2025\/06\/Potted-plant-2-600x759.png 600w\"><figcaption>\n<p>Elegantn\u00ed kombinace syt\u011b zelen\u00fdch kouli\u010dek a dlouh\u00fdch list\u016f nab\u00edz\u00ed modern\u00ed dekorativn\u00ed prvek.<\/p>\n<\/figcaption><\/figure>\n<\/p><\/div>\n<section data-wtai-block-id=\"wtai_product_description_technical_specifications\" class=\"wtai-section wtai-technical_specifications-section\">\n<h2>Detaily<\/h2>\n<ul>\n<li><strong>Rozm\u011bry cel\u00e9 dekorace<\/strong>: V\u00fd\u0161ka 45,00 cm, \u0161\u00ed\u0159ka 32,00 cm.<\/li>\n<li><strong>Materi\u00e1l list\u016f\/topiary<\/strong>: Plast (PE), zelen\u00fd odst\u00edn.<\/li>\n<li><strong>V\u00e1za<\/strong>: Pr\u016fhledn\u00e9 sklo, pr\u016fm\u011br z\u00e1kladny 15,00 cm.<\/li>\n<li><strong>Celkov\u00e1 hmotnost<\/strong>: 750 g.<\/li>\n<\/ul>\n<\/section>\n<div data-wtai-block-id=\"wtai_product_description_image_1754207334585\" class=\"wtai-section wtai-image_1754207334585-section\">\n<figure class=\"wtai-image-p wtai-align-center\" style=\"text-align:center\"><img decoding=\"async\" src=\"https:\/\/demostore.ai\/wp-content\/uploads\/2025\/06\/Potted-plant-3-600x600.png\" alt=\"Um\u011bl\u00e9 topiary aran\u017em\u00e1 ve sklen\u011bn\u00e9 v\u00e1ze s kam\u00ednky a zelen\u00fdmi listy vhodn\u00e9 pro dekoraci interi\u00e9ru.\" srcset=\"https:\/\/demostore.ai\/wp-content\/uploads\/2025\/06\/Potted-plant-3.png 1000w, https:\/\/demostore.ai\/wp-content\/uploads\/2025\/06\/Potted-plant-3-300x300.png 300w, https:\/\/demostore.ai\/wp-content\/uploads\/2025\/06\/Potted-plant-3-150x150.png 150w, https:\/\/demostore.ai\/wp-content\/uploads\/2025\/06\/Potted-plant-3-768x768.png 768w, https:\/\/demostore.ai\/wp-content\/uploads\/2025\/06\/Potted-plant-3-600x600.png 600w, https:\/\/demostore.ai\/wp-content\/uploads\/2025\/06\/Potted-plant-3-250x250.png 250w\"><figcaption>\n<p>Sklen\u011bn\u00e1 kulat\u00e1 v\u00e1za umo\u017e\u0148uje nahl\u00e9dnout na detailn\u00ed uspo\u0159\u00e1d\u00e1n\u00ed kam\u00ednk\u016f a um\u011bl\u00fdch list\u016f.<\/p>\n<\/figcaption><\/figure>\n<\/p><\/div>\n<section data-wtai-block-id=\"wtai_product_description_use_cases\" class=\"wtai-section wtai-use_cases-section\">\n<h2>Mo\u017enosti vyu\u017eit\u00ed v ka\u017edodenn\u00edm prost\u0159ed\u00ed<\/h2>\n<ul>\n<li><strong>Dekorace na st\u016fl:<\/strong> Zv\u00fdrazn\u00ed atmosf\u00e9ru v ob\u00fdvac\u00edm pokoji, j\u00eddeln\u011b nebo kancel\u00e1\u0159i a nevy\u017eaduje \u017e\u00e1dnou p\u00e9\u010di.<\/li>\n<li><strong>P\u0159iv\u00edt\u00e1n\u00ed host\u016f:<\/strong> Efektn\u00ed dopln\u011bk na recepce, do hal nebo vstupn\u00edch \u010d\u00e1st\u00ed firemn\u00edch prostor i domov\u016f.<\/li>\n<li><strong>Sez\u00f3nn\u00ed \u010di sv\u00e1te\u010dn\u00ed v\u00fdzdoba:<\/strong> Um\u00edst\u011bn\u00ed na slavnostn\u00ed tabuli nebo b\u011bhem tematick\u00fdch akc\u00ed pro rychl\u00e9 ozvl\u00e1\u0161tn\u011bn\u00ed.<\/li>\n<li><strong>Z\u00fatuln\u011bn\u00ed m\u00e9n\u011b osv\u011btlen\u00fdch m\u00edst:<\/strong> \u0158e\u0161en\u00ed pro prostory s nedostate\u010dn\u00fdm denn\u00edm sv\u011btlem, kam nen\u00ed vhodn\u00e1 \u017eiv\u00e1 zele\u0148.<\/li>\n<\/ul>\n<\/section>\n<section data-wtai-block-id=\"wtai_product_description_custom_1754207271771\" class=\"wtai-section wtai-custom_1754207271771-section\">\n<h2>Tipy pro p\u00e9\u010di o um\u011bl\u00e9 topiary aran\u017em\u00e1<\/h2>\n<ul>\n<li>Pravideln\u011b ot\u00edrejte prach m\u011bkk\u00fdm had\u0159\u00edkem, aby aran\u017em\u00e1 z\u016fstalo sv\u011b\u017e\u00ed a \u010dist\u00e9.<\/li>\n<li>Um\u00edst\u011bte do m\u00edstnosti s rozpt\u00fdlen\u00fdm sv\u011btlem, aby nedoch\u00e1zelo k blednut\u00ed barev.<\/li>\n<li>Vyhn\u011bte se vlhk\u00e9mu prost\u0159ed\u00ed, aby nedo\u0161lo k po\u0161kozen\u00ed materi\u00e1lu.<\/li>\n<li>P\u0159ed del\u0161\u00edm ulo\u017een\u00edm o\u010dist\u011bte a uskladn\u011bte na such\u00e9m a stinn\u00e9m m\u00edst\u011b.<\/li>\n<\/ul>\n<\/section>\n<section data-wtai-block-id=\"wtai_product_description_faqs\" class=\"wtai-section wtai-faqs-section\">\n<h2>\u010casto kladen\u00e9 dotazy<\/h2>\n<p><strong>Lze aran\u017em\u00e1 pou\u017e\u00edt i venku?<\/strong> <br \/> Ano, d\u00edky odoln\u00e9mu plastov\u00e9mu list\u00ed snese aran\u017em\u00e1 b\u011b\u017en\u00e9 venkovn\u00ed podm\u00ednky. V p\u0159\u00edpad\u011b v\u00fdrazn\u00e9ho v\u011btru doporu\u010dujeme um\u00edstit na chr\u00e1n\u011bn\u00e9 m\u00edsto.<\/p>\n<p><strong>Vy\u017eaduje aran\u017em\u00e1 n\u011bjakou \u00fadr\u017ebu?<\/strong> <br \/> Aran\u017em\u00e1 nen\u00ed t\u0159eba zal\u00e9vat ani st\u0159\u00edhat. Pro zachov\u00e1n\u00ed vzhledu sta\u010d\u00ed ob\u010das ot\u0159\u00edt prach z povrchu list\u016f vlhk\u00fdm had\u0159\u00edkem.<\/p>\n<p><strong>Je v\u00e1za sou\u010d\u00e1st\u00ed balen\u00ed?<\/strong> <br \/> Ano, dekorativn\u00ed pr\u016fhledn\u00e1 v\u00e1za na fotografii je pevnou sou\u010d\u00e1st\u00ed cel\u00e9ho aran\u017em\u00e1.<\/p>\n<p><strong>Dr\u017e\u00ed aran\u017em\u00e1 stabiln\u011b na stole?<\/strong> <br \/> D\u00edky hmotnosti v\u00e1zy a podkladu s kam\u00ednky stoj\u00ed dekorace stabiln\u011b na rovn\u00e9m povrchu.<\/p>\n<p><strong>Jak dlouho si aran\u017em\u00e1 zachov\u00e1v\u00e1 sv\u016fj vzhled?<\/strong> <br \/> Kvalitn\u00ed materi\u00e1ly zajist\u00ed p\u011bkn\u00fd vzhled po mnoho let, bez zm\u011bny barvy \u010di tvaru i p\u0159i b\u011b\u017en\u00e9 p\u00e9\u010di.<\/p>\n<\/section>\n<section data-wtai-block-id=\"wtai_product_description_conclusion\" class=\"wtai-section wtai-conclusion-section\">\n<h2>Z\u00e1v\u011bre\u010dn\u00e9 shrnut\u00ed<\/h2>\n<p><strong>Um\u011bl\u00e9 topiary aran\u017em\u00e1 nab\u00edz\u00ed dlouhodob\u011b sv\u011b\u017e\u00ed vzhled bez n\u00e1ro\u010dn\u00e9 \u00fadr\u017eby. Je vhodn\u00e9 pro domov, kancel\u00e1\u0159 i frekventovan\u00e9 prostory.<\/strong> <strong>D\u00edky realistick\u00e9mu designu okam\u017eit\u011b z\u00fatuln\u00ed ka\u017ed\u00fd interi\u00e9r a p\u0159in\u00e1\u0161\u00ed nen\u00e1ro\u010dn\u00e9 \u0159e\u0161en\u00ed tam, kde \u017eiv\u00e1 zele\u0148 nen\u00ed mo\u017en\u00e1.<\/strong> <strong>Vytvo\u0159te si p\u0159\u00edjemnou atmosf\u00e9ru a dodejte sv\u00e9mu prostoru origin\u00e1ln\u00ed prvek. Rozhodn\u011bte se pro bezstarostnou dekoraci je\u0161t\u011b dnes.<\/strong><\/p>\n<\/section>\n","protected":false},"excerpt":{"rendered":"<div data-wtai-block-id=\"wtai_excerpt_subtitle\" class=\"wtai-section wtai-subtitle-section\">\n<p><em><strong>Nad\u010dasov\u00e1 zele\u0148, kter\u00e1 o\u017eiv\u00ed ka\u017ed\u00fd prostor bez starost\u00ed.<\/strong><\/em><\/p>\n<\/p><\/div>\n<div data-wtai-block-id=\"wtai_excerpt_introduction\" class=\"wtai-section wtai-introduction-section\">\n<p>Spousta z n\u00e1s hled\u00e1 zp\u016fsob, jak vn\u00e9st sv\u011b\u017eest a p\u0159\u00edjemnou atmosf\u00e9ru do domova nebo kancel\u00e1\u0159e. Um\u011bl\u00e9 topiary aran\u017em\u00e1 v modern\u00edm tvaru nab\u00edz\u00ed elegantn\u00ed \u0159e\u0161en\u00ed pro ka\u017ed\u00e9ho, kdo si p\u0159eje zelen\u00fd prvek bez nutnosti p\u00e9\u010de. Kulovit\u00e9 tvary a syt\u011b zelen\u00e9 listy p\u016fsob\u00ed velmi p\u0159irozen\u011b a snadno dopln\u00ed jak\u00fdkoliv interi\u00e9r i reprezentativn\u00ed prostory. P\u0159irozen\u00e1 harmonie a trvanliv\u00fd vzhled pot\u011b\u0161\u00ed nejen milovn\u00edky designu, ale i ty, kte\u0159\u00ed up\u0159ednost\u0148uj\u00ed praktickou str\u00e1nku za\u0159\u00edzen\u00ed.<\/p>\n<\/p><\/div>\n","protected":false},"featured_media":24572,"comment_status":"open","ping_status":"closed","template":"","meta":[],"product_brand":[],"product_cat":[115],"product_tag":[],"class_list":{"0":"post-36768","1":"product","2":"type-product","3":"status-publish","4":"has-post-thumbnail","6":"product_cat-domov-bydleni","8":"first","9":"instock","10":"shipping-taxable","11":"purchasable","12":"product-type-simple"},"bundled_by":[],"bundle_stock_status":"instock","bundle_stock_quantity":null,"bundle_virtual":false,"bundle_layout":"","bundle_add_to_cart_form_location":"","bundle_editable_in_cart":false,"bundle_sold_individually_context":"","bundle_item_grouping":"","bundle_min_size":"","bundle_max_size":"","bundle_price":[],"bundled_items":[],"bundle_sell_ids":[],"yoast_head":"<!-- This site is optimized with the Yoast SEO plugin v25.2 - https:\/\/yoast.com\/wordpress\/plugins\/seo\/ -->\n<title>Objevte Modern\u00ed Um\u011bl\u00e9 Topiary Aran\u017em\u00e1 pro Ka\u017ed\u00fd Interi\u00e9r<\/title>\n<meta name=\"description\" content=\"Jedine\u010dn\u00e9 spojen\u00ed dekorativn\u00edch topiary koul\u00ed a zelen\u011b ve sklen\u011bn\u00e9 v\u00e1ze. Um\u011bl\u00e1 aran\u017em\u00e1 vhodn\u00e1 na st\u016fl, recepci i m\u00edsta bez denn\u00edho sv\u011btla.\" \/>\n<meta name=\"robots\" content=\"index, follow, max-snippet:-1, max-image-preview:large, max-video-preview:-1\" \/>\n<link rel=\"canonical\" href=\"https:\/\/demostore.ai\/cs\/produkt\/umele-topiary-aranzma\/\" \/>\n<meta property=\"og:type\" content=\"article\" \/>\n<meta property=\"og:title\" content=\"Objevte Modern\u00ed Um\u011bl\u00e9 Topiary Aran\u017em\u00e1 pro Ka\u017ed\u00fd Interi\u00e9r\" \/>\n<meta property=\"og:description\" content=\"Origin\u00e1ln\u00ed \u0159e\u0161en\u00ed, kdy\u017e \u017eiv\u00e1 zele\u0148 nesta\u010d\u00ed. Um\u011bl\u00e9 topiary aran\u017em\u00e1 v designov\u00e9 sklen\u011bn\u00e9 v\u00e1ze vdechne atmosf\u00e9ru ka\u017ed\u00e9 kancel\u00e1\u0159i nebo dom\u00e1cnosti bez nutnosti star\u00e1n\u00ed.\" \/>\n<meta property=\"og:url\" content=\"https:\/\/demostore.ai\/cs\/produkt\/umele-topiary-aranzma\/\" \/>\n<meta property=\"og:site_name\" content=\"Trendy Thread\" \/>\n<meta property=\"article:modified_time\" content=\"2026-02-19T07:28:17+00:00\" \/>\n<meta property=\"og:image\" content=\"https:\/\/demostore.ai\/wp-content\/uploads\/2025\/06\/Potted-plant-1.png\" \/>\n\t<meta property=\"og:image:width\" content=\"866\" \/>\n\t<meta property=\"og:image:height\" content=\"1000\" \/>\n\t<meta property=\"og:image:type\" content=\"image\/png\" \/>\n<meta name=\"twitter:card\" content=\"summary_large_image\" \/>\n<meta name=\"twitter:title\" content=\"Objevte Modern\u00ed Um\u011bl\u00e9 Topiary Aran\u017em\u00e1 pro Ka\u017ed\u00fd Interi\u00e9r\" \/>\n<meta name=\"twitter:description\" content=\"Origin\u00e1ln\u00ed \u0159e\u0161en\u00ed, kdy\u017e \u017eiv\u00e1 zele\u0148 nesta\u010d\u00ed. Um\u011bl\u00e9 topiary aran\u017em\u00e1 v designov\u00e9 sklen\u011bn\u00e9 v\u00e1ze vdechne atmosf\u00e9ru ka\u017ed\u00e9 kancel\u00e1\u0159i nebo dom\u00e1cnosti bez nutnosti star\u00e1n\u00ed.\" \/>\n<meta name=\"twitter:label1\" content=\"Odhadovan\u00e1 doba \u010dten\u00ed\" \/>\n\t<meta name=\"twitter:data1\" content=\"1 minuta\" \/>\n<script type=\"application\/ld+json\" class=\"yoast-schema-graph\">{\"@context\":\"https:\/\/schema.org\",\"@graph\":[{\"@type\":\"WebPage\",\"@id\":\"https:\/\/demostore.ai\/cs\/produkt\/umele-topiary-aranzma\/\",\"url\":\"https:\/\/demostore.ai\/cs\/produkt\/umele-topiary-aranzma\/\",\"name\":\"Objevte Modern\u00ed Um\u011bl\u00e9 Topiary Aran\u017em\u00e1 pro Ka\u017ed\u00fd Interi\u00e9r\",\"isPartOf\":{\"@id\":\"https:\/\/demostore.ai\/cs\/#website\"},\"primaryImageOfPage\":{\"@id\":\"https:\/\/demostore.ai\/cs\/produkt\/umele-topiary-aranzma\/#primaryimage\"},\"image\":{\"@id\":\"https:\/\/demostore.ai\/cs\/produkt\/umele-topiary-aranzma\/#primaryimage\"},\"thumbnailUrl\":\"https:\/\/demostore.ai\/wp-content\/uploads\/2025\/06\/Potted-plant-1.png\",\"datePublished\":\"2025-06-16T01:53:02+00:00\",\"dateModified\":\"2026-02-19T07:28:17+00:00\",\"description\":\"Jedine\u010dn\u00e9 spojen\u00ed dekorativn\u00edch topiary koul\u00ed a zelen\u011b ve sklen\u011bn\u00e9 v\u00e1ze. Um\u011bl\u00e1 aran\u017em\u00e1 vhodn\u00e1 na st\u016fl, recepci i m\u00edsta bez denn\u00edho sv\u011btla.\",\"breadcrumb\":{\"@id\":\"https:\/\/demostore.ai\/cs\/produkt\/umele-topiary-aranzma\/#breadcrumb\"},\"inLanguage\":\"cs\",\"potentialAction\":[{\"@type\":\"ReadAction\",\"target\":[\"https:\/\/demostore.ai\/cs\/produkt\/umele-topiary-aranzma\/\"]}]},{\"@type\":\"ImageObject\",\"inLanguage\":\"cs\",\"@id\":\"https:\/\/demostore.ai\/cs\/produkt\/umele-topiary-aranzma\/#primaryimage\",\"url\":\"https:\/\/demostore.ai\/wp-content\/uploads\/2025\/06\/Potted-plant-1.png\",\"contentUrl\":\"https:\/\/demostore.ai\/wp-content\/uploads\/2025\/06\/Potted-plant-1.png\",\"width\":866,\"height\":1000,\"caption\":\"Um\u011bl\u00e9 topiary aran\u017em\u00e1 v kulat\u00e9m kv\u011btin\u00e1\u010di s dv\u011bma zelen\u00fdmi koulemi a tr\u00e1vovit\u00fdmi listy.\"},{\"@type\":\"BreadcrumbList\",\"@id\":\"https:\/\/demostore.ai\/cs\/produkt\/umele-topiary-aranzma\/#breadcrumb\",\"itemListElement\":[{\"@type\":\"ListItem\",\"position\":1,\"name\":\"Dom\u016f\",\"item\":\"https:\/\/demostore.ai\/cs\/\"},{\"@type\":\"ListItem\",\"position\":2,\"name\":\"Obchod\",\"item\":\"https:\/\/demostore.ai\/cs\/obchod\/\"},{\"@type\":\"ListItem\",\"position\":3,\"name\":\"Um\u011bl\u00e9 Topiary Aran\u017em\u00e1\"}]},{\"@type\":\"WebSite\",\"@id\":\"https:\/\/demostore.ai\/cs\/#website\",\"url\":\"https:\/\/demostore.ai\/cs\/\",\"name\":\"Trendy Thread\",\"description\":\"Demo obchod WriteText.ai\",\"publisher\":{\"@id\":\"https:\/\/demostore.ai\/cs\/#organization\"},\"potentialAction\":[{\"@type\":\"SearchAction\",\"target\":{\"@type\":\"EntryPoint\",\"urlTemplate\":\"https:\/\/demostore.ai\/cs\/?s={search_term_string}\"},\"query-input\":{\"@type\":\"PropertyValueSpecification\",\"valueRequired\":true,\"valueName\":\"search_term_string\"}}],\"inLanguage\":\"cs\"},{\"@type\":\"Organization\",\"@id\":\"https:\/\/demostore.ai\/cs\/#organization\",\"name\":\"WriteText.ai\",\"url\":\"https:\/\/demostore.ai\/cs\/\",\"logo\":{\"@type\":\"ImageObject\",\"inLanguage\":\"cs\",\"@id\":\"https:\/\/demostore.ai\/cs\/#\/schema\/logo\/image\/\",\"url\":\"https:\/\/demostore.ai\/wp-content\/uploads\/2025\/10\/writetext_logo.webp\",\"contentUrl\":\"https:\/\/demostore.ai\/wp-content\/uploads\/2025\/10\/writetext_logo.webp\",\"width\":200,\"height\":34,\"caption\":\"WriteText.ai\"},\"image\":{\"@id\":\"https:\/\/demostore.ai\/cs\/#\/schema\/logo\/image\/\"}}]}<\/script>\n<!-- \/ Yoast SEO plugin. -->","yoast_head_json":{"title":"Objevte Modern\u00ed Um\u011bl\u00e9 Topiary Aran\u017em\u00e1 pro Ka\u017ed\u00fd Interi\u00e9r","description":"Jedine\u010dn\u00e9 spojen\u00ed dekorativn\u00edch topiary koul\u00ed a zelen\u011b ve sklen\u011bn\u00e9 v\u00e1ze. Um\u011bl\u00e1 aran\u017em\u00e1 vhodn\u00e1 na st\u016fl, recepci i m\u00edsta bez denn\u00edho sv\u011btla.","robots":{"index":"index","follow":"follow","max-snippet":"max-snippet:-1","max-image-preview":"max-image-preview:large","max-video-preview":"max-video-preview:-1"},"canonical":"https:\/\/demostore.ai\/cs\/produkt\/umele-topiary-aranzma\/","og_type":"article","og_title":"Objevte Modern\u00ed Um\u011bl\u00e9 Topiary Aran\u017em\u00e1 pro Ka\u017ed\u00fd Interi\u00e9r","og_description":"Origin\u00e1ln\u00ed \u0159e\u0161en\u00ed, kdy\u017e \u017eiv\u00e1 zele\u0148 nesta\u010d\u00ed. Um\u011bl\u00e9 topiary aran\u017em\u00e1 v designov\u00e9 sklen\u011bn\u00e9 v\u00e1ze vdechne atmosf\u00e9ru ka\u017ed\u00e9 kancel\u00e1\u0159i nebo dom\u00e1cnosti bez nutnosti star\u00e1n\u00ed.","og_url":"https:\/\/demostore.ai\/cs\/produkt\/umele-topiary-aranzma\/","og_site_name":"Trendy Thread","article_modified_time":"2026-02-19T07:28:17+00:00","og_image":[{"width":866,"height":1000,"url":"https:\/\/demostore.ai\/wp-content\/uploads\/2025\/06\/Potted-plant-1.png","type":"image\/png"}],"twitter_card":"summary_large_image","twitter_title":"Objevte Modern\u00ed Um\u011bl\u00e9 Topiary Aran\u017em\u00e1 pro Ka\u017ed\u00fd Interi\u00e9r","twitter_description":"Origin\u00e1ln\u00ed \u0159e\u0161en\u00ed, kdy\u017e \u017eiv\u00e1 zele\u0148 nesta\u010d\u00ed. Um\u011bl\u00e9 topiary aran\u017em\u00e1 v designov\u00e9 sklen\u011bn\u00e9 v\u00e1ze vdechne atmosf\u00e9ru ka\u017ed\u00e9 kancel\u00e1\u0159i nebo dom\u00e1cnosti bez nutnosti star\u00e1n\u00ed.","twitter_misc":{"Odhadovan\u00e1 doba \u010dten\u00ed":"1 minuta"},"schema":{"@context":"https:\/\/schema.org","@graph":[{"@type":"WebPage","@id":"https:\/\/demostore.ai\/cs\/produkt\/umele-topiary-aranzma\/","url":"https:\/\/demostore.ai\/cs\/produkt\/umele-topiary-aranzma\/","name":"Objevte Modern\u00ed Um\u011bl\u00e9 Topiary Aran\u017em\u00e1 pro Ka\u017ed\u00fd Interi\u00e9r","isPartOf":{"@id":"https:\/\/demostore.ai\/cs\/#website"},"primaryImageOfPage":{"@id":"https:\/\/demostore.ai\/cs\/produkt\/umele-topiary-aranzma\/#primaryimage"},"image":{"@id":"https:\/\/demostore.ai\/cs\/produkt\/umele-topiary-aranzma\/#primaryimage"},"thumbnailUrl":"https:\/\/demostore.ai\/wp-content\/uploads\/2025\/06\/Potted-plant-1.png","datePublished":"2025-06-16T01:53:02+00:00","dateModified":"2026-02-19T07:28:17+00:00","description":"Jedine\u010dn\u00e9 spojen\u00ed dekorativn\u00edch topiary koul\u00ed a zelen\u011b ve sklen\u011bn\u00e9 v\u00e1ze. Um\u011bl\u00e1 aran\u017em\u00e1 vhodn\u00e1 na st\u016fl, recepci i m\u00edsta bez denn\u00edho sv\u011btla.","breadcrumb":{"@id":"https:\/\/demostore.ai\/cs\/produkt\/umele-topiary-aranzma\/#breadcrumb"},"inLanguage":"cs","potentialAction":[{"@type":"ReadAction","target":["https:\/\/demostore.ai\/cs\/produkt\/umele-topiary-aranzma\/"]}]},{"@type":"ImageObject","inLanguage":"cs","@id":"https:\/\/demostore.ai\/cs\/produkt\/umele-topiary-aranzma\/#primaryimage","url":"https:\/\/demostore.ai\/wp-content\/uploads\/2025\/06\/Potted-plant-1.png","contentUrl":"https:\/\/demostore.ai\/wp-content\/uploads\/2025\/06\/Potted-plant-1.png","width":866,"height":1000,"caption":"Um\u011bl\u00e9 topiary aran\u017em\u00e1 v kulat\u00e9m kv\u011btin\u00e1\u010di s dv\u011bma zelen\u00fdmi koulemi a tr\u00e1vovit\u00fdmi listy."},{"@type":"BreadcrumbList","@id":"https:\/\/demostore.ai\/cs\/produkt\/umele-topiary-aranzma\/#breadcrumb","itemListElement":[{"@type":"ListItem","position":1,"name":"Dom\u016f","item":"https:\/\/demostore.ai\/cs\/"},{"@type":"ListItem","position":2,"name":"Obchod","item":"https:\/\/demostore.ai\/cs\/obchod\/"},{"@type":"ListItem","position":3,"name":"Um\u011bl\u00e9 Topiary Aran\u017em\u00e1"}]},{"@type":"WebSite","@id":"https:\/\/demostore.ai\/cs\/#website","url":"https:\/\/demostore.ai\/cs\/","name":"Trendy Thread","description":"Demo obchod WriteText.ai","publisher":{"@id":"https:\/\/demostore.ai\/cs\/#organization"},"potentialAction":[{"@type":"SearchAction","target":{"@type":"EntryPoint","urlTemplate":"https:\/\/demostore.ai\/cs\/?s={search_term_string}"},"query-input":{"@type":"PropertyValueSpecification","valueRequired":true,"valueName":"search_term_string"}}],"inLanguage":"cs"},{"@type":"Organization","@id":"https:\/\/demostore.ai\/cs\/#organization","name":"WriteText.ai","url":"https:\/\/demostore.ai\/cs\/","logo":{"@type":"ImageObject","inLanguage":"cs","@id":"https:\/\/demostore.ai\/cs\/#\/schema\/logo\/image\/","url":"https:\/\/demostore.ai\/wp-content\/uploads\/2025\/10\/writetext_logo.webp","contentUrl":"https:\/\/demostore.ai\/wp-content\/uploads\/2025\/10\/writetext_logo.webp","width":200,"height":34,"caption":"WriteText.ai"},"image":{"@id":"https:\/\/demostore.ai\/cs\/#\/schema\/logo\/image\/"}}]}},"_links":{"self":[{"href":"https:\/\/demostore.ai\/cs\/wp-json\/wp\/v2\/product\/36768","targetHints":{"allow":["GET"]}}],"collection":[{"href":"https:\/\/demostore.ai\/cs\/wp-json\/wp\/v2\/product"}],"about":[{"href":"https:\/\/demostore.ai\/cs\/wp-json\/wp\/v2\/types\/product"}],"replies":[{"embeddable":true,"href":"https:\/\/demostore.ai\/cs\/wp-json\/wp\/v2\/comments?post=36768"}],"wp:featuredmedia":[{"embeddable":true,"href":"https:\/\/demostore.ai\/cs\/wp-json\/wp\/v2\/media\/24572"}],"wp:attachment":[{"href":"https:\/\/demostore.ai\/cs\/wp-json\/wp\/v2\/media?parent=36768"}],"wp:term":[{"taxonomy":"product_brand","embeddable":true,"href":"https:\/\/demostore.ai\/cs\/wp-json\/wp\/v2\/product_brand?post=36768"},{"taxonomy":"product_cat","embeddable":true,"href":"https:\/\/demostore.ai\/cs\/wp-json\/wp\/v2\/product_cat?post=36768"},{"taxonomy":"product_tag","embeddable":true,"href":"https:\/\/demostore.ai\/cs\/wp-json\/wp\/v2\/product_tag?post=36768"}],"curies":[{"name":"wp","href":"https:\/\/api.w.org\/{rel}","templated":true}]}}