{"id":36723,"date":"2025-06-16T09:50:47","date_gmt":"2025-06-16T01:50:47","guid":{"rendered":"https:\/\/demostore.ai\/?post_type=product&#038;p=36723"},"modified":"2026-02-19T15:28:09","modified_gmt":"2026-02-19T07:28:09","slug":"ergonomicka-kancelarska-zidle-s-sitovinou","status":"publish","type":"product","link":"https:\/\/demostore.ai\/cs\/produkt\/ergonomicka-kancelarska-zidle-s-sitovinou\/","title":{"rendered":"Ergonomick\u00e1 Kancel\u00e1\u0159sk\u00e1 \u017didle s S\u00ed\u0165ovinou"},"content":{"rendered":"<section data-wtai-block-id=\"wtai_product_description_features\" class=\"wtai-section wtai-features-section\">\n<h2>Hlavn\u00ed p\u0159ednosti<\/h2>\n<ul>\n<li><strong>Prody\u0161n\u00fd op\u011br\u00e1k z pevn\u00e9 s\u00ed\u0165oviny<\/strong> zaji\u0161\u0165uje cirkulaci vzduchu pro celodenn\u00ed komfort.<\/li>\n<li><strong>Ergonomicky tvarovan\u00e1 op\u011brka zad<\/strong> podporuje spr\u00e1vn\u00e9 dr\u017een\u00ed t\u011bla a sni\u017euje \u00fanavu zad.<\/li>\n<li><strong>Siln\u011b polstrovan\u00fd sed\u00e1k<\/strong> poskytuje pohodl\u00ed i p\u0159i dlouhodob\u00e9m sezen\u00ed.<\/li>\n<li><strong>V\u00fd\u0161kov\u011b nastaviteln\u00fd mechanismus<\/strong> umo\u017e\u0148uje snadn\u00e9 p\u0159izp\u016fsoben\u00ed ka\u017ed\u00e9 postav\u011b.<\/li>\n<li><strong>Pevn\u00e9 podru\u010dky<\/strong> slou\u017e\u00ed k odleh\u010den\u00ed ramen a jist\u00e9 opo\u0159e pa\u017e\u00ed.<\/li>\n<li><strong>Stabiln\u00ed p\u011btiramenn\u00e1 z\u00e1kladna s kole\u010dky<\/strong> zaji\u0161\u0165uje snadn\u00fd pohyb a bezpe\u010dnost b\u011bhem pou\u017e\u00edv\u00e1n\u00ed.<\/li>\n<\/ul>\n<\/section>\n<div data-wtai-block-id=\"wtai_product_description_image_1754207315479\" class=\"wtai-section wtai-image_1754207315479-section\">\n<figure class=\"wtai-image-p wtai-align-center\" style=\"text-align:center\"><img decoding=\"async\" src=\"https:\/\/demostore.ai\/wp-content\/uploads\/2025\/06\/Chair-2-600x909.png\" alt=\"\u010cern\u00e1 ergonomick\u00e1 kancel\u00e1\u0159sk\u00e1 \u017eidle se s\u00ed\u0165ovan\u00fdm op\u011bradlem a podru\u010dkami na kole\u010dk\u00e1ch.\" srcset=\"https:\/\/demostore.ai\/wp-content\/uploads\/2025\/06\/Chair-2.png 660w, https:\/\/demostore.ai\/wp-content\/uploads\/2025\/06\/Chair-2-198x300.png 198w, https:\/\/demostore.ai\/wp-content\/uploads\/2025\/06\/Chair-2-600x909.png 600w\"><figcaption>\n<p>Modern\u00ed \u010dern\u00e1 \u017eidle se s\u00ed\u0165ovan\u00fdm op\u011bradlem a stabiln\u00edmi podru\u010dkami podporuje pohodln\u00e9 sezen\u00ed.<\/p>\n<\/figcaption><\/figure>\n<\/p><\/div>\n<section data-wtai-block-id=\"wtai_product_description_technical_specifications\" class=\"wtai-section wtai-technical_specifications-section\">\n<h2>Detaily<\/h2>\n<ul>\n<li><strong>Rozm\u011bry \u017eidle:<\/strong> 98\u2013108 cm (v\u00fd\u0161ka) \u00d7 60 cm (\u0161\u00ed\u0159ka) \u00d7 60 cm (hloubka)<\/li>\n<li><strong>Materi\u00e1l konstrukce:<\/strong> kovov\u00e1 z\u00e1kladna, plastov\u00e9 dopl\u0148ky, s\u00ed\u0165ovina<\/li>\n<li><strong>Nosnost:<\/strong> 100 kg<\/li>\n<li><strong>Barva:<\/strong> \u010dern\u00e1<\/li>\n<\/ul>\n<\/section>\n<div data-wtai-block-id=\"wtai_product_description_image_1754207334585\" class=\"wtai-section wtai-image_1754207334585-section\">\n<figure class=\"wtai-image-p wtai-align-center\" style=\"text-align:center\"><img decoding=\"async\" src=\"https:\/\/demostore.ai\/wp-content\/uploads\/2025\/06\/Chair-4-600x600.png\" alt=\"Detailn\u00ed pohled na op\u011bradlo a podru\u010dky ergonomick\u00e9 kancel\u00e1\u0159sk\u00e9 \u017eidle se s\u00ed\u0165ovinou.\" srcset=\"https:\/\/demostore.ai\/wp-content\/uploads\/2025\/06\/Chair-4.png 1000w, https:\/\/demostore.ai\/wp-content\/uploads\/2025\/06\/Chair-4-300x300.png 300w, https:\/\/demostore.ai\/wp-content\/uploads\/2025\/06\/Chair-4-150x150.png 150w, https:\/\/demostore.ai\/wp-content\/uploads\/2025\/06\/Chair-4-768x768.png 768w, https:\/\/demostore.ai\/wp-content\/uploads\/2025\/06\/Chair-4-600x600.png 600w, https:\/\/demostore.ai\/wp-content\/uploads\/2025\/06\/Chair-4-250x250.png 250w\"><figcaption>\n<p>S\u00ed\u0165ovan\u00e1 z\u00e1da \u017eidle l\u00e9pe odv\u011btr\u00e1vaj\u00ed, zat\u00edmco zkosen\u00e9 podru\u010dky usnad\u0148uj\u00ed pohyb i oporu.<\/p>\n<\/figcaption><\/figure>\n<\/p><\/div>\n<section data-wtai-block-id=\"wtai_product_description_use_cases\" class=\"wtai-section wtai-use_cases-section\">\n<h2>Vyu\u017eit\u00ed v ka\u017edodenn\u00edm \u017eivot\u011b<\/h2>\n<ul>\n<li><strong>Pracovn\u00ed kancel\u00e1\u0159:<\/strong> Ide\u00e1ln\u00ed pro pohodlnou a zdravou pr\u00e1ci u stolu nebo po\u010d\u00edta\u010de po cel\u00fd den.<\/li>\n<li><strong>Dom\u00e1c\u00ed home office:<\/strong> Skv\u011bl\u00e1 volba pro dom\u00e1c\u00ed pracovny a studijn\u00ed kouty v\u0161ech generac\u00ed.<\/li>\n<li><strong>Konferen\u010dn\u00ed prostory:<\/strong> Hod\u00ed se do zasedac\u00edch m\u00edstnost\u00ed \u010di \u0161kol\u00edc\u00edch center pro dlouh\u00e1 jedn\u00e1n\u00ed.<\/li>\n<li><strong>Recepce a administrativn\u00ed z\u00e1zem\u00ed:<\/strong> Zaji\u0161\u0165uje komfort a reprezentativn\u00ed vzhled pro pracovn\u00edky prvn\u00ed linie.<\/li>\n<\/ul>\n<\/section>\n<section data-wtai-block-id=\"wtai_product_description_custom_1754207271771\" class=\"wtai-section wtai-custom_1754207271771-section\">\n<h2>Jak spr\u00e1vn\u011b pe\u010dovat o s\u00ed\u0165ovanou kancel\u00e1\u0159skou \u017eidli<\/h2>\n<ul>\n<li>Pravideln\u011b ot\u00edrejte op\u011brku a sed\u00e1k jemn\u011b navlh\u010den\u00fdm had\u0159\u00edkem, abyste odstranili prach.<\/li>\n<li>Vyhn\u011bte se p\u0159\u00edm\u00e9mu slune\u010dn\u00edmu z\u00e1\u0159en\u00ed, aby nedoch\u00e1zelo k blednut\u00ed a oslaben\u00ed s\u00ed\u0165oviny.<\/li>\n<li>\u010cas od \u010dasu zkontrolujte kole\u010dka a odstra\u0148te z nich ne\u010distoty nebo vlasy.<\/li>\n<li>Pokud \u017eidli del\u0161\u00ed dobu nepou\u017e\u00edv\u00e1te, uskladn\u011bte ji na such\u00e9m m\u00edst\u011b chr\u00e1n\u011bn\u00e9m p\u0159ed prachem.<\/li>\n<\/ul>\n<\/section>\n<section data-wtai-block-id=\"wtai_product_description_faqs\" class=\"wtai-section wtai-faqs-section\">\n<h2>Nej\u010dast\u011bj\u0161\u00ed dotazy<\/h2>\n<p><strong>Je \u017eidle vhodn\u00e1 i pro celodenn\u00ed sezen\u00ed?<\/strong> <br \/> Ano, prody\u0161n\u00fd op\u011br\u00e1k a ergonomick\u00e9 tvarov\u00e1n\u00ed ulevuj\u00ed z\u00e1d\u016fm i p\u0159i del\u0161\u00edm pou\u017e\u00edv\u00e1n\u00ed.<\/p>\n<p><strong>Je mo\u017en\u00e9 nastavit v\u00fd\u0161ku sed\u00e1ku?<\/strong> <br \/> Ano, \u017eidle m\u00e1 plynule nastavitelnou v\u00fd\u0161ku pomoc\u00ed jednoduch\u00e9ho p\u00e1\u010dkov\u00e9ho mechanismu.<\/p>\n<p><strong>Jak\u00e1 je maxim\u00e1ln\u00ed nosnost \u017eidle?<\/strong> <br \/> Maxim\u00e1ln\u00ed doporu\u010den\u00e1 nosnost je 100 kg.<\/p>\n<p><strong>Zvl\u00e1dnou kole\u010dka pohyb na koberci i tvrd\u00e9 podlaze?<\/strong> <br \/> Ano, plastov\u00e1 kole\u010dka jsou vhodn\u00e1 na v\u011bt\u0161inu b\u011b\u017en\u00fdch povrch\u016f v kancel\u00e1\u0159i i doma.<\/p>\n<p><strong>Lze polstrovan\u00fd sed\u00e1k snadno \u010distit?<\/strong> <br \/> Ano, sed\u00e1k je z odoln\u00e9 textilie, kterou lze jednodu\u0161e p\u0159et\u0159\u00edt nebo vys\u00e1t.<\/p>\n<\/section>\n<section data-wtai-block-id=\"wtai_product_description_conclusion\" class=\"wtai-section wtai-conclusion-section\">\n<h2>Vyberte si pohodl\u00ed pro pr\u00e1ci i dom\u00e1cnost<\/h2>\n<p><strong>Ergonomick\u00e1 kancel\u00e1\u0159sk\u00e1 \u017eidle s\u202fs\u00ed\u0165ovinou p\u0159in\u00e1\u0161\u00ed dlouhodob\u00fd komfort a podporu zdrav\u00e9ho sezen\u00ed ve v\u0161ech typech pracovn\u00edch prost\u0159ed\u00ed.<\/strong> <strong>Investujte do sv\u00e9ho pohodl\u00ed a dop\u0159ejte si praktick\u00fd i modern\u00ed prvek do kancel\u00e1\u0159e nebo dom\u016f.<\/strong> <strong>Nev\u00e1hejte \u2013 najd\u011bte svou cestu k pohodln\u011bj\u0161\u00edmu pracovn\u00edmu dni ji\u017e dnes.<\/strong><\/p>\n<\/section>\n","protected":false},"excerpt":{"rendered":"<div data-wtai-block-id=\"wtai_excerpt_subtitle\" class=\"wtai-section wtai-subtitle-section\">\n<p><em><strong>Pohodl\u00ed a vzdu\u0161nost pro dlouh\u00e9 pracovn\u00ed dny v modern\u00ed kancel\u00e1\u0159i.<\/strong><\/em><\/p>\n<\/p><\/div>\n<div data-wtai-block-id=\"wtai_excerpt_introduction\" class=\"wtai-section wtai-introduction-section\">\n<p>V kancel\u00e1\u0159i, kde z\u00e1le\u017e\u00ed na pohod\u011b i produktivit\u011b, dok\u00e1\u017ee spr\u00e1vn\u00e1 \u017eidle ud\u011blat velk\u00fd rozd\u00edl. Tato ergonomick\u00e1 kancel\u00e1\u0159sk\u00e1 \u017eidle s prody\u0161nou s\u00ed\u0165ovinou je navr\u017eena pr\u00e1v\u011b pro ty, kte\u0159\u00ed tr\u00e1v\u00ed u pracovn\u00edho stolu cel\u00e9 hodiny a ocen\u00ed p\u0159\u00edjemn\u00e9 prost\u0159ed\u00ed bez pocitu p\u0159eh\u0159\u00edv\u00e1n\u00ed nebo \u00fanavy. D\u00edky modern\u00edm lini\u00edm a v\u0161estrann\u00e9mu \u010dern\u00e9mu proveden\u00ed snadno zapadne do sou\u010dasn\u00fdch i tradi\u010dn\u011bj\u0161\u00edch kancel\u00e1\u0159sk\u00fdch prostor. Praktick\u00e1 opora zad, m\u011bkk\u00fd sed\u00e1k i kole\u010dka, kter\u00e1 umo\u017en\u00ed snadn\u00fd pohyb po m\u00edstnosti, posunou komfort p\u0159i pr\u00e1ci na vy\u0161\u0161\u00ed \u00farove\u0148.<\/p>\n<\/p><\/div>\n","protected":false},"featured_media":24194,"comment_status":"open","ping_status":"closed","template":"","meta":[],"product_brand":[],"product_cat":[115],"product_tag":[],"class_list":{"0":"post-36723","1":"product","2":"type-product","3":"status-publish","4":"has-post-thumbnail","6":"product_cat-domov-bydleni","8":"first","9":"instock","10":"shipping-taxable","11":"purchasable","12":"product-type-simple"},"bundled_by":["244204"],"bundle_stock_status":"instock","bundle_stock_quantity":null,"bundle_virtual":false,"bundle_layout":"","bundle_add_to_cart_form_location":"","bundle_editable_in_cart":false,"bundle_sold_individually_context":"","bundle_item_grouping":"","bundle_min_size":"","bundle_max_size":"","bundle_price":[],"bundled_items":[],"bundle_sell_ids":[],"yoast_head":"<!-- This site is optimized with the Yoast SEO plugin v25.2 - https:\/\/yoast.com\/wordpress\/plugins\/seo\/ -->\n<title>Objevte Ergonomickou Kancel\u00e1\u0159skou \u017didli s Modern\u00edm S\u00ed\u0165ovan\u00fdm Op\u011bradlem<\/title>\n<meta name=\"description\" content=\"Nad\u010dasov\u00fd design s ergonomickou oporou a prody\u0161n\u00fdm op\u011br\u00e1kem. Polstrovan\u00fd sed\u00e1k, nastaviteln\u00e1 v\u00fd\u0161ka a stabiln\u00ed kole\u010dka p\u0159inesou pohodl\u00ed ka\u017ed\u00fd den.\" \/>\n<meta name=\"robots\" content=\"index, follow, max-snippet:-1, max-image-preview:large, max-video-preview:-1\" \/>\n<link rel=\"canonical\" href=\"https:\/\/demostore.ai\/cs\/produkt\/ergonomicka-kancelarska-zidle-s-sitovinou\/\" \/>\n<meta property=\"og:type\" content=\"article\" \/>\n<meta property=\"og:title\" content=\"Objevte Ergonomickou Kancel\u00e1\u0159skou \u017didli s Modern\u00edm S\u00ed\u0165ovan\u00fdm Op\u011bradlem\" \/>\n<meta property=\"og:description\" content=\"Promy\u0161len\u00e1 volba pro pr\u00e1ci a dom\u00e1c\u00ed kancel\u00e1\u0159. Ergonomick\u00fd design, s\u00ed\u0165ovan\u00fd op\u011br\u00e1k a kvalitn\u00ed polstrov\u00e1n\u00ed nab\u00edzej\u00ed komfort i p\u0159i dlouh\u00e9m sezen\u00ed. Vhodn\u00e9 pro r\u016fzn\u00e9 pracovn\u00ed prostory.\" \/>\n<meta property=\"og:url\" content=\"https:\/\/demostore.ai\/cs\/produkt\/ergonomicka-kancelarska-zidle-s-sitovinou\/\" \/>\n<meta property=\"og:site_name\" content=\"Trendy Thread\" \/>\n<meta property=\"article:modified_time\" content=\"2026-02-19T07:28:09+00:00\" \/>\n<meta property=\"og:image\" content=\"https:\/\/demostore.ai\/wp-content\/uploads\/2025\/06\/Chair-1.png\" \/>\n\t<meta property=\"og:image:width\" content=\"660\" \/>\n\t<meta property=\"og:image:height\" content=\"1000\" \/>\n\t<meta property=\"og:image:type\" content=\"image\/png\" \/>\n<meta name=\"twitter:card\" content=\"summary_large_image\" \/>\n<meta name=\"twitter:title\" content=\"Objevte Ergonomickou Kancel\u00e1\u0159skou \u017didli s Modern\u00edm S\u00ed\u0165ovan\u00fdm Op\u011bradlem\" \/>\n<meta name=\"twitter:description\" content=\"Promy\u0161len\u00e1 volba pro pr\u00e1ci a dom\u00e1c\u00ed kancel\u00e1\u0159. Ergonomick\u00fd design, s\u00ed\u0165ovan\u00fd op\u011br\u00e1k a kvalitn\u00ed polstrov\u00e1n\u00ed nab\u00edzej\u00ed komfort i p\u0159i dlouh\u00e9m sezen\u00ed. Vhodn\u00e9 pro r\u016fzn\u00e9 pracovn\u00ed prostory.\" \/>\n<meta name=\"twitter:label1\" content=\"Odhadovan\u00e1 doba \u010dten\u00ed\" \/>\n\t<meta name=\"twitter:data1\" content=\"1 minuta\" \/>\n<script type=\"application\/ld+json\" class=\"yoast-schema-graph\">{\"@context\":\"https:\/\/schema.org\",\"@graph\":[{\"@type\":\"WebPage\",\"@id\":\"https:\/\/demostore.ai\/cs\/produkt\/ergonomicka-kancelarska-zidle-s-sitovinou\/\",\"url\":\"https:\/\/demostore.ai\/cs\/produkt\/ergonomicka-kancelarska-zidle-s-sitovinou\/\",\"name\":\"Objevte Ergonomickou Kancel\u00e1\u0159skou \u017didli s Modern\u00edm S\u00ed\u0165ovan\u00fdm Op\u011bradlem\",\"isPartOf\":{\"@id\":\"https:\/\/demostore.ai\/cs\/#website\"},\"primaryImageOfPage\":{\"@id\":\"https:\/\/demostore.ai\/cs\/produkt\/ergonomicka-kancelarska-zidle-s-sitovinou\/#primaryimage\"},\"image\":{\"@id\":\"https:\/\/demostore.ai\/cs\/produkt\/ergonomicka-kancelarska-zidle-s-sitovinou\/#primaryimage\"},\"thumbnailUrl\":\"https:\/\/demostore.ai\/wp-content\/uploads\/2025\/06\/Chair-1.png\",\"datePublished\":\"2025-06-16T01:50:47+00:00\",\"dateModified\":\"2026-02-19T07:28:09+00:00\",\"description\":\"Nad\u010dasov\u00fd design s ergonomickou oporou a prody\u0161n\u00fdm op\u011br\u00e1kem. Polstrovan\u00fd sed\u00e1k, nastaviteln\u00e1 v\u00fd\u0161ka a stabiln\u00ed kole\u010dka p\u0159inesou pohodl\u00ed ka\u017ed\u00fd den.\",\"breadcrumb\":{\"@id\":\"https:\/\/demostore.ai\/cs\/produkt\/ergonomicka-kancelarska-zidle-s-sitovinou\/#breadcrumb\"},\"inLanguage\":\"cs\",\"potentialAction\":[{\"@type\":\"ReadAction\",\"target\":[\"https:\/\/demostore.ai\/cs\/produkt\/ergonomicka-kancelarska-zidle-s-sitovinou\/\"]}]},{\"@type\":\"ImageObject\",\"inLanguage\":\"cs\",\"@id\":\"https:\/\/demostore.ai\/cs\/produkt\/ergonomicka-kancelarska-zidle-s-sitovinou\/#primaryimage\",\"url\":\"https:\/\/demostore.ai\/wp-content\/uploads\/2025\/06\/Chair-1.png\",\"contentUrl\":\"https:\/\/demostore.ai\/wp-content\/uploads\/2025\/06\/Chair-1.png\",\"width\":660,\"height\":1000,\"caption\":\"Ergonomick\u00e1 kancel\u00e1\u0159sk\u00e1 \u017eidle s \u010dern\u00fdm s\u00ed\u0165ovan\u00fdm op\u011bradlem a podru\u010dkami, vhodn\u00e1 pro dlouh\u00e9 sezen\u00ed.\"},{\"@type\":\"BreadcrumbList\",\"@id\":\"https:\/\/demostore.ai\/cs\/produkt\/ergonomicka-kancelarska-zidle-s-sitovinou\/#breadcrumb\",\"itemListElement\":[{\"@type\":\"ListItem\",\"position\":1,\"name\":\"Dom\u016f\",\"item\":\"https:\/\/demostore.ai\/cs\/\"},{\"@type\":\"ListItem\",\"position\":2,\"name\":\"Obchod\",\"item\":\"https:\/\/demostore.ai\/cs\/obchod\/\"},{\"@type\":\"ListItem\",\"position\":3,\"name\":\"Ergonomick\u00e1 Kancel\u00e1\u0159sk\u00e1 \u017didle s S\u00ed\u0165ovinou\"}]},{\"@type\":\"WebSite\",\"@id\":\"https:\/\/demostore.ai\/cs\/#website\",\"url\":\"https:\/\/demostore.ai\/cs\/\",\"name\":\"Trendy Thread\",\"description\":\"Demo obchod WriteText.ai\",\"publisher\":{\"@id\":\"https:\/\/demostore.ai\/cs\/#organization\"},\"potentialAction\":[{\"@type\":\"SearchAction\",\"target\":{\"@type\":\"EntryPoint\",\"urlTemplate\":\"https:\/\/demostore.ai\/cs\/?s={search_term_string}\"},\"query-input\":{\"@type\":\"PropertyValueSpecification\",\"valueRequired\":true,\"valueName\":\"search_term_string\"}}],\"inLanguage\":\"cs\"},{\"@type\":\"Organization\",\"@id\":\"https:\/\/demostore.ai\/cs\/#organization\",\"name\":\"WriteText.ai\",\"url\":\"https:\/\/demostore.ai\/cs\/\",\"logo\":{\"@type\":\"ImageObject\",\"inLanguage\":\"cs\",\"@id\":\"https:\/\/demostore.ai\/cs\/#\/schema\/logo\/image\/\",\"url\":\"https:\/\/demostore.ai\/wp-content\/uploads\/2025\/10\/writetext_logo.webp\",\"contentUrl\":\"https:\/\/demostore.ai\/wp-content\/uploads\/2025\/10\/writetext_logo.webp\",\"width\":200,\"height\":34,\"caption\":\"WriteText.ai\"},\"image\":{\"@id\":\"https:\/\/demostore.ai\/cs\/#\/schema\/logo\/image\/\"}}]}<\/script>\n<!-- \/ Yoast SEO plugin. -->","yoast_head_json":{"title":"Objevte Ergonomickou Kancel\u00e1\u0159skou \u017didli s Modern\u00edm S\u00ed\u0165ovan\u00fdm Op\u011bradlem","description":"Nad\u010dasov\u00fd design s ergonomickou oporou a prody\u0161n\u00fdm op\u011br\u00e1kem. Polstrovan\u00fd sed\u00e1k, nastaviteln\u00e1 v\u00fd\u0161ka a stabiln\u00ed kole\u010dka p\u0159inesou pohodl\u00ed ka\u017ed\u00fd den.","robots":{"index":"index","follow":"follow","max-snippet":"max-snippet:-1","max-image-preview":"max-image-preview:large","max-video-preview":"max-video-preview:-1"},"canonical":"https:\/\/demostore.ai\/cs\/produkt\/ergonomicka-kancelarska-zidle-s-sitovinou\/","og_type":"article","og_title":"Objevte Ergonomickou Kancel\u00e1\u0159skou \u017didli s Modern\u00edm S\u00ed\u0165ovan\u00fdm Op\u011bradlem","og_description":"Promy\u0161len\u00e1 volba pro pr\u00e1ci a dom\u00e1c\u00ed kancel\u00e1\u0159. Ergonomick\u00fd design, s\u00ed\u0165ovan\u00fd op\u011br\u00e1k a kvalitn\u00ed polstrov\u00e1n\u00ed nab\u00edzej\u00ed komfort i p\u0159i dlouh\u00e9m sezen\u00ed. Vhodn\u00e9 pro r\u016fzn\u00e9 pracovn\u00ed prostory.","og_url":"https:\/\/demostore.ai\/cs\/produkt\/ergonomicka-kancelarska-zidle-s-sitovinou\/","og_site_name":"Trendy Thread","article_modified_time":"2026-02-19T07:28:09+00:00","og_image":[{"width":660,"height":1000,"url":"https:\/\/demostore.ai\/wp-content\/uploads\/2025\/06\/Chair-1.png","type":"image\/png"}],"twitter_card":"summary_large_image","twitter_title":"Objevte Ergonomickou Kancel\u00e1\u0159skou \u017didli s Modern\u00edm S\u00ed\u0165ovan\u00fdm Op\u011bradlem","twitter_description":"Promy\u0161len\u00e1 volba pro pr\u00e1ci a dom\u00e1c\u00ed kancel\u00e1\u0159. Ergonomick\u00fd design, s\u00ed\u0165ovan\u00fd op\u011br\u00e1k a kvalitn\u00ed polstrov\u00e1n\u00ed nab\u00edzej\u00ed komfort i p\u0159i dlouh\u00e9m sezen\u00ed. Vhodn\u00e9 pro r\u016fzn\u00e9 pracovn\u00ed prostory.","twitter_misc":{"Odhadovan\u00e1 doba \u010dten\u00ed":"1 minuta"},"schema":{"@context":"https:\/\/schema.org","@graph":[{"@type":"WebPage","@id":"https:\/\/demostore.ai\/cs\/produkt\/ergonomicka-kancelarska-zidle-s-sitovinou\/","url":"https:\/\/demostore.ai\/cs\/produkt\/ergonomicka-kancelarska-zidle-s-sitovinou\/","name":"Objevte Ergonomickou Kancel\u00e1\u0159skou \u017didli s Modern\u00edm S\u00ed\u0165ovan\u00fdm Op\u011bradlem","isPartOf":{"@id":"https:\/\/demostore.ai\/cs\/#website"},"primaryImageOfPage":{"@id":"https:\/\/demostore.ai\/cs\/produkt\/ergonomicka-kancelarska-zidle-s-sitovinou\/#primaryimage"},"image":{"@id":"https:\/\/demostore.ai\/cs\/produkt\/ergonomicka-kancelarska-zidle-s-sitovinou\/#primaryimage"},"thumbnailUrl":"https:\/\/demostore.ai\/wp-content\/uploads\/2025\/06\/Chair-1.png","datePublished":"2025-06-16T01:50:47+00:00","dateModified":"2026-02-19T07:28:09+00:00","description":"Nad\u010dasov\u00fd design s ergonomickou oporou a prody\u0161n\u00fdm op\u011br\u00e1kem. Polstrovan\u00fd sed\u00e1k, nastaviteln\u00e1 v\u00fd\u0161ka a stabiln\u00ed kole\u010dka p\u0159inesou pohodl\u00ed ka\u017ed\u00fd den.","breadcrumb":{"@id":"https:\/\/demostore.ai\/cs\/produkt\/ergonomicka-kancelarska-zidle-s-sitovinou\/#breadcrumb"},"inLanguage":"cs","potentialAction":[{"@type":"ReadAction","target":["https:\/\/demostore.ai\/cs\/produkt\/ergonomicka-kancelarska-zidle-s-sitovinou\/"]}]},{"@type":"ImageObject","inLanguage":"cs","@id":"https:\/\/demostore.ai\/cs\/produkt\/ergonomicka-kancelarska-zidle-s-sitovinou\/#primaryimage","url":"https:\/\/demostore.ai\/wp-content\/uploads\/2025\/06\/Chair-1.png","contentUrl":"https:\/\/demostore.ai\/wp-content\/uploads\/2025\/06\/Chair-1.png","width":660,"height":1000,"caption":"Ergonomick\u00e1 kancel\u00e1\u0159sk\u00e1 \u017eidle s \u010dern\u00fdm s\u00ed\u0165ovan\u00fdm op\u011bradlem a podru\u010dkami, vhodn\u00e1 pro dlouh\u00e9 sezen\u00ed."},{"@type":"BreadcrumbList","@id":"https:\/\/demostore.ai\/cs\/produkt\/ergonomicka-kancelarska-zidle-s-sitovinou\/#breadcrumb","itemListElement":[{"@type":"ListItem","position":1,"name":"Dom\u016f","item":"https:\/\/demostore.ai\/cs\/"},{"@type":"ListItem","position":2,"name":"Obchod","item":"https:\/\/demostore.ai\/cs\/obchod\/"},{"@type":"ListItem","position":3,"name":"Ergonomick\u00e1 Kancel\u00e1\u0159sk\u00e1 \u017didle s S\u00ed\u0165ovinou"}]},{"@type":"WebSite","@id":"https:\/\/demostore.ai\/cs\/#website","url":"https:\/\/demostore.ai\/cs\/","name":"Trendy Thread","description":"Demo obchod WriteText.ai","publisher":{"@id":"https:\/\/demostore.ai\/cs\/#organization"},"potentialAction":[{"@type":"SearchAction","target":{"@type":"EntryPoint","urlTemplate":"https:\/\/demostore.ai\/cs\/?s={search_term_string}"},"query-input":{"@type":"PropertyValueSpecification","valueRequired":true,"valueName":"search_term_string"}}],"inLanguage":"cs"},{"@type":"Organization","@id":"https:\/\/demostore.ai\/cs\/#organization","name":"WriteText.ai","url":"https:\/\/demostore.ai\/cs\/","logo":{"@type":"ImageObject","inLanguage":"cs","@id":"https:\/\/demostore.ai\/cs\/#\/schema\/logo\/image\/","url":"https:\/\/demostore.ai\/wp-content\/uploads\/2025\/10\/writetext_logo.webp","contentUrl":"https:\/\/demostore.ai\/wp-content\/uploads\/2025\/10\/writetext_logo.webp","width":200,"height":34,"caption":"WriteText.ai"},"image":{"@id":"https:\/\/demostore.ai\/cs\/#\/schema\/logo\/image\/"}}]}},"_links":{"self":[{"href":"https:\/\/demostore.ai\/cs\/wp-json\/wp\/v2\/product\/36723","targetHints":{"allow":["GET"]}}],"collection":[{"href":"https:\/\/demostore.ai\/cs\/wp-json\/wp\/v2\/product"}],"about":[{"href":"https:\/\/demostore.ai\/cs\/wp-json\/wp\/v2\/types\/product"}],"replies":[{"embeddable":true,"href":"https:\/\/demostore.ai\/cs\/wp-json\/wp\/v2\/comments?post=36723"}],"wp:featuredmedia":[{"embeddable":true,"href":"https:\/\/demostore.ai\/cs\/wp-json\/wp\/v2\/media\/24194"}],"wp:attachment":[{"href":"https:\/\/demostore.ai\/cs\/wp-json\/wp\/v2\/media?parent=36723"}],"wp:term":[{"taxonomy":"product_brand","embeddable":true,"href":"https:\/\/demostore.ai\/cs\/wp-json\/wp\/v2\/product_brand?post=36723"},{"taxonomy":"product_cat","embeddable":true,"href":"https:\/\/demostore.ai\/cs\/wp-json\/wp\/v2\/product_cat?post=36723"},{"taxonomy":"product_tag","embeddable":true,"href":"https:\/\/demostore.ai\/cs\/wp-json\/wp\/v2\/product_tag?post=36723"}],"curies":[{"name":"wp","href":"https:\/\/api.w.org\/{rel}","templated":true}]}}