{"id":35688,"date":"2025-06-16T08:16:29","date_gmt":"2025-06-16T00:16:29","guid":{"rendered":"https:\/\/demostore.ai\/?post_type=product&#038;p=35688"},"modified":"2026-02-19T15:50:32","modified_gmt":"2026-02-19T07:50:32","slug":"detective-conan-svazek-37","status":"publish","type":"product","link":"https:\/\/demostore.ai\/cs\/produkt\/detective-conan-svazek-37\/","title":{"rendered":"Detective Conan Svazek 37"},"content":{"rendered":"<section data-wtai-block-id=\"wtai_product_description_features\" class=\"wtai-section wtai-features-section\">\n<h2>Pro\u010d si zamilujete Detective Conan Svazek 37<\/h2>\n<ul>\n<li><strong>Pokra\u010dov\u00e1n\u00ed obl\u00edben\u00e9 s\u00e9rie<\/strong> \u2013 Tento svazek nab\u00edz\u00ed dal\u0161\u00ed nap\u00ednav\u00e9 p\u0159\u00edb\u011bhy mal\u00e9ho detektiva Conana v origin\u00e1ln\u00ed manga podob\u011b.<\/li>\n<li><strong>Origin\u00e1ln\u00ed japonsk\u00fd styl a ilustrace<\/strong> \u2013 Kresby a sc\u00e9n\u00e1\u0159e p\u0159\u00edmo od slavn\u00e9ho tv\u016frce Go\u0161\u00f3 Aoyamy dod\u00e1vaj\u00ed knize autentickou atmosf\u00e9ru a styl.<\/li>\n<li><strong>Kompletn\u00ed svazek v p\u0159ehledn\u00e9m form\u00e1tu<\/strong> \u2013 Obsahuje n\u011bkolik navazuj\u00edc\u00edch kapitol, kter\u00e9 m\u016f\u017eete \u010d\u00edst samostatn\u011b nebo v r\u00e1mci cel\u00e9 s\u00e9rie.<\/li>\n<li><strong>Sb\u011bratelsk\u00fd kousek<\/strong> \u2013 Ob\u00e1lka s unik\u00e1tn\u00edm designem, ozna\u010den\u00edm svazku a atraktivn\u00ed vizu\u00e1ln\u00ed str\u00e1nkou d\u011bl\u00e1 z titulu skv\u011bl\u00fd p\u0159\u00edr\u016fstek do ka\u017ed\u00e9 knihovny.<\/li>\n<li><strong>Ide\u00e1ln\u00ed pro v\u0161echny v\u011bkov\u00e9 skupiny<\/strong> \u2013 Svazek pot\u011b\u0161\u00ed jak dlouholet\u00e9 fanou\u0161ky, tak nov\u00e1\u010dky nap\u0159\u00ed\u010d generacemi d\u00edky d\u016fvtipn\u00e9mu humoru i nap\u00ednav\u00fdm z\u00e1pletk\u00e1m.<\/li>\n<\/ul>\n<\/section>\n<div data-wtai-block-id=\"wtai_product_description_image_1\" class=\"wtai-section wtai-image_1-section\">\n<figure class=\"wtai-image-p wtai-align-center\" style=\"text-align:center\"><img decoding=\"async\" src=\"https:\/\/demostore.ai\/wp-content\/uploads\/2025\/06\/Graphic-novel-2-600x600.png\" alt=\"Zadn\u00ed ob\u00e1lka knihy Detective Conan Svazek 37 s ilustrac\u00ed postavy a anglick\u00fdm popisem d\u011bje.\" srcset=\"https:\/\/demostore.ai\/wp-content\/uploads\/2025\/06\/Graphic-novel-2.png 1000w, https:\/\/demostore.ai\/wp-content\/uploads\/2025\/06\/Graphic-novel-2-300x300.png 300w, https:\/\/demostore.ai\/wp-content\/uploads\/2025\/06\/Graphic-novel-2-150x150.png 150w, https:\/\/demostore.ai\/wp-content\/uploads\/2025\/06\/Graphic-novel-2-768x768.png 768w, https:\/\/demostore.ai\/wp-content\/uploads\/2025\/06\/Graphic-novel-2-600x600.png 600w, https:\/\/demostore.ai\/wp-content\/uploads\/2025\/06\/Graphic-novel-2-250x250.png 250w\"><figcaption>\n<p>Na zadn\u00ed stran\u011b ob\u00e1lky upout\u00e1 v\u00fdrazn\u00e1 ilustrace postavy v modr\u00e9 bund\u011b, dopln\u011bn\u00e1 nap\u00ednav\u00fdm popiskem d\u011bje.<\/p>\n<\/figcaption><\/figure>\n<\/p><\/div>\n<section data-wtai-block-id=\"wtai_product_description_technical_specifications\" class=\"wtai-section wtai-technical_specifications-section\">\n<h3>Detaily<\/h3>\n<ul>\n<li><strong>N\u00e1zev:<\/strong> Detective Conan Svazek 37<\/li>\n<li><strong>Autor a ilustr\u00e1tor:<\/strong> Go\u0161\u00f3 Aoyama<\/li>\n<li><strong>Vydavatel:<\/strong> Shogakukan<\/li>\n<li><strong>Po\u010det stran:<\/strong> 192<\/li>\n<li><strong>Form\u00e1t:<\/strong> B6 (5,1&quot; \u00d7 7,1&quot;)<\/li>\n<li><strong>Jazyk:<\/strong> japon\u0161tina (mo\u017eno s \u010desk\u00fdm p\u0159ekladem dle edice)<\/li>\n<li><strong>ISBN:<\/strong> 4-09-126167-1<\/li>\n<li><strong>Datum vyd\u00e1n\u00ed:<\/strong> 18. dubna 2002<\/li>\n<\/ul>\n<\/section>\n<section data-wtai-block-id=\"wtai_product_description_custom_1\" class=\"wtai-section wtai-custom_1-section\">\n<h2>Kdo si Detective Conan Svazek 37 opravdu u\u017eije<\/h2>\n<ul>\n<li><strong>Milovn\u00edci detektivek<\/strong> \u2013 \u0158e\u0161en\u00ed rafinovan\u00fdch z\u00e1had a nap\u011bt\u00ed od prvn\u00ed do posledn\u00ed str\u00e1nky.<\/li>\n<li><strong>Sb\u00edr\u00e1n\u00ed manga s\u00e9ri\u00ed<\/strong> \u2013 Skv\u011bl\u00fd d\u00edl k roz\u0161\u00ed\u0159en\u00ed va\u0161\u00ed sb\u00edrky obl\u00edben\u00e9ho detektiva.<\/li>\n<li><strong>\u010cten\u00ed na cestu i dom\u016f<\/strong> \u2013 Ide\u00e1ln\u00ed zp\u016fsob, jak si zp\u0159\u00edjemnit voln\u00fd \u010das modern\u00ed klasikou.<\/li>\n<\/ul>\n<\/section>\n<section data-wtai-block-id=\"wtai_product_description_custom_2\" class=\"wtai-section wtai-custom_2-section\">\n<h2>O autorovi a tv\u016frci s\u00e9rie Detective Conan<\/h2>\n<p>Gosho Aoyama je jedn\u00edm z nejslavn\u011bj\u0161\u00edch japonsk\u00fdch mangak\u016f a tv\u016frcem nezam\u011bniteln\u00e9 s\u00e9rie Detective Conan.<\/p>\n<p>Narodil se v prefektu\u0159e Tottori a u\u017e od d\u011btstv\u00ed vynikal sv\u00fdm v\u00fdtvarn\u00fdm talentem.<\/p>\n<p>Jeho kari\u00e9ra za\u010dala v\u00edt\u011bzstv\u00edm v sout\u011b\u017ei pro mlad\u00e9 autory, kde zaz\u00e1\u0159il origin\u00e1ln\u00edm pojet\u00edm humoru i nap\u011bt\u00ed.<\/p>\n<p>Proslavil se nejen d\u00edky Detective Conan, ale i s\u00e9riemi jako Magic Kaito nebo Yaiba, kter\u00e9 si z\u00edskaly \u0161irokou z\u00e1kladnu v\u011brn\u00fdch \u010dten\u00e1\u0159\u016f.<\/p>\n<p>Kombinac\u00ed nap\u00ednav\u00fdch z\u00e1pletek, sympatick\u00fdch postav a chytr\u00fdch odkaz\u016f na klasik y detektivn\u00edho \u017e\u00e1nru dok\u00e1\u017ee Aoyama oslovit fanou\u0161ky v\u0161ech generac\u00ed.<\/p>\n<p>D\u00edky jeho pr\u00e1ci se Detective Conan stal glob\u00e1ln\u00edm fenom\u00e9nem a postava Conana Edogawy ikonou modern\u00ed popul\u00e1rn\u00ed kultury.<\/p>\n<\/section>\n<section data-wtai-block-id=\"wtai_product_description_faqs\" class=\"wtai-section wtai-faqs-section\">\n<h2>Nej\u010dast\u011bj\u0161\u00ed dotazy<\/h2>\n<p><strong>Je svazek vhodn\u00fd pro za\u010d\u00e1te\u010dn\u00edky, kte\u0159\u00ed s Conanen za\u010d\u00ednaj\u00ed?<\/strong><\/p>\n<p>Ano, knihu si u\u017eij\u00ed i nov\u00ed \u010dten\u00e1\u0159i d\u00edky samostatn\u00fdm p\u0159\u00edpad\u016fm. Pro pln\u00e9 pochopen\u00ed kontextu s\u00e9rie v\u0161ak doporu\u010dujeme za\u010d\u00edt od ni\u017e\u0161\u00edch svazk\u016f.<\/p>\n<p><strong>Obsahuje tento svazek barevn\u00e9 str\u00e1nky nebo speci\u00e1ln\u00ed bonusy?<\/strong><\/p>\n<p>Standardn\u00ed vyd\u00e1n\u00ed obsahuje \u010dernob\u00edl\u00e9 kresby. N\u011bkdy m\u016f\u017ee b\u00fdt p\u0159ilo\u017eena speci\u00e1ln\u00ed bonusov\u00e1 str\u00e1nka \u010di \u00favodn\u00ed barevn\u00e1 ilustrace dle konkr\u00e9tn\u00ed edice.<\/p>\n<p><strong>Jak\u00fd je hlavn\u00ed \u017e\u00e1nr manga Detective Conan?<\/strong><\/p>\n<p>Detective Conan je detektivn\u00ed s\u00e9rie kombinuj\u00edc\u00ed nap\u011bt\u00ed, logick\u00e9 r\u00e9busy a svi\u017en\u00fd humor v modern\u00edm japonsk\u00e9m prost\u0159ed\u00ed.<\/p>\n<p><strong>Pro jakou v\u011bkovou skupinu je tato manga vhodn\u00e1?<\/strong><\/p>\n<p>Svazek je ur\u010den pro \u0161irok\u00fd v\u011bkov\u00fd rozsah od d\u011bt\u00ed po dosp\u011bl\u00e9 \u010dten\u00e1\u0159e. Z\u00e1bavu i nap\u011bt\u00ed si v p\u0159\u00edb\u011bz\u00edch najdou mlad\u0161\u00ed i dosp\u011bl\u00ed.<\/p>\n<\/section>\n<section data-wtai-block-id=\"wtai_product_description_conclusion\" class=\"wtai-section wtai-conclusion-section\">\n<h3>Objevte sv\u011bt Detektiva Conana pr\u00e1v\u011b te\u010f<\/h3>\n<p><strong>Tento svazek p\u0159in\u00e1\u0161\u00ed skv\u011ble napsan\u00e9 p\u0159\u00edb\u011bhy s ne\u010dekan\u00fdmi zvraty, kter\u00e9 v\u00e1s vt\u00e1hnou od prvn\u00ed str\u00e1nky.<\/strong> <strong>Ocen\u00edte propracovan\u00e9 kresby, d\u016fvtipn\u00e9 postavy a nap\u00ednav\u00e9 detektivn\u00ed z\u00e1pletky, kter\u00e9 v\u00e1s udr\u017e\u00ed v nap\u011bt\u00ed do posledn\u00edho panelu.<\/strong> <strong>Vstupte do sv\u011bta z\u00e1had a logiky a roz\u0161i\u0159te svou sb\u00edrku nebo objevte novou kni\u017en\u00ed z\u00e1vislost. Po\u0159i\u010fte si svou kopii dnes a za\u017eijte Conana v akci!<\/strong><\/p>\n<\/section>\n","protected":false},"excerpt":{"rendered":"<div data-wtai-block-id=\"wtai_excerpt_subtitle\" class=\"wtai-section wtai-subtitle-section\">\n<p><em><strong>Dobrodru\u017estv\u00ed na hran\u011b nap\u011bt\u00ed \u2013 nov\u00e9 z\u00e1hady \u010dekaj\u00ed uvnit\u0159 ka\u017ed\u00e9 str\u00e1nky.<\/strong><\/em><\/p>\n<\/p><\/div>\n<div data-wtai-block-id=\"wtai_excerpt_introduction\" class=\"wtai-section wtai-introduction-section\">\n<p>Kdo by necht\u011bl na chv\u00edli uniknout do sv\u011bta pln\u00e9ho z\u00e1had a nap\u00ednav\u00fdch situac\u00ed? Detective Conan Svazek 37 v\u00e1s vt\u00e1hne rovnou do nitra ru\u0161n\u00fdch japonsk\u00fdch ulic i tajupln\u00fdch p\u0159\u00edpad\u016f, kter\u00e9 vy\u0159e\u0161\u00ed jen ti nejbyst\u0159ej\u0161\u00ed. Tento d\u00edl legend\u00e1rn\u00ed mangy je ur\u010den ka\u017ed\u00e9mu, kdo miluje nap\u00ednav\u00e9 detektivn\u00ed p\u0159\u00edb\u011bhy, svi\u017en\u00fd humor a postavy, kter\u00e9 um\u00ed p\u0159ekvapit. Stylov\u00e1 ob\u00e1lka d\u00e1v\u00e1 tu\u0161it akci i n\u00e1paditost, co\u017e ocen\u00ed nejen letit\u00ed fanou\u0161ci s\u00e9rie, ale i ti, kdo s Conanen teprve za\u010d\u00ednaj\u00ed.<\/p>\n<\/p><\/div>\n","protected":false},"featured_media":18273,"comment_status":"open","ping_status":"closed","template":"","meta":[],"product_brand":[],"product_cat":[117],"product_tag":[],"class_list":{"0":"post-35688","1":"product","2":"type-product","3":"status-publish","4":"has-post-thumbnail","6":"product_cat-knihy-media","8":"first","9":"instock","10":"shipping-taxable","11":"purchasable","12":"product-type-simple"},"bundled_by":[],"bundle_stock_status":"instock","bundle_stock_quantity":null,"bundle_virtual":false,"bundle_layout":"","bundle_add_to_cart_form_location":"","bundle_editable_in_cart":false,"bundle_sold_individually_context":"","bundle_item_grouping":"","bundle_min_size":"","bundle_max_size":"","bundle_price":[],"bundled_items":[],"bundle_sell_ids":[],"yoast_head":"<!-- This site is optimized with the Yoast SEO plugin v25.2 - https:\/\/yoast.com\/wordpress\/plugins\/seo\/ -->\n<title>Shop Detective Conan Svazek 37 Pro Nov\u00e9 Nap\u011bt\u00ed<\/title>\n<meta name=\"description\" content=\"Nad\u010dasov\u00e9 detektivn\u00ed p\u0159\u00edb\u011bhy v japonsk\u00e9 manga edici. Detective Conan Svazek 37 kombinuje nap\u011bt\u00ed, sb\u011bratelskou hodnotu i origin\u00e1ln\u00ed kresby v jednom.\" \/>\n<meta name=\"robots\" content=\"index, follow, max-snippet:-1, max-image-preview:large, max-video-preview:-1\" \/>\n<link rel=\"canonical\" href=\"https:\/\/demostore.ai\/cs\/produkt\/detective-conan-svazek-37\/\" \/>\n<meta property=\"og:type\" content=\"article\" \/>\n<meta property=\"og:title\" content=\"Shop Detective Conan Svazek 37 Pro Nov\u00e9 Nap\u011bt\u00ed\" \/>\n<meta property=\"og:description\" content=\"Ne\u010dekan\u00e9 z\u00e1pletky a japonsk\u00e1 atmosf\u00e9ra v jednom svazku. Detective Conan 37 nab\u00edz\u00ed nap\u00ednav\u00e9 kapitoly s unik\u00e1tn\u00edmi ilustracemi a je ide\u00e1ln\u00ed do sb\u00edrky.\" \/>\n<meta property=\"og:url\" content=\"https:\/\/demostore.ai\/cs\/produkt\/detective-conan-svazek-37\/\" \/>\n<meta property=\"og:site_name\" content=\"Trendy Thread\" \/>\n<meta property=\"article:modified_time\" content=\"2026-02-19T07:50:32+00:00\" \/>\n<meta property=\"og:image\" content=\"https:\/\/demostore.ai\/wp-content\/uploads\/2025\/06\/Graphic-novel-1.png\" \/>\n\t<meta property=\"og:image:width\" content=\"1000\" \/>\n\t<meta property=\"og:image:height\" content=\"1000\" \/>\n\t<meta property=\"og:image:type\" content=\"image\/png\" \/>\n<meta name=\"twitter:card\" content=\"summary_large_image\" \/>\n<meta name=\"twitter:title\" content=\"Shop Detective Conan Svazek 37 Pro Nov\u00e9 Nap\u011bt\u00ed\" \/>\n<meta name=\"twitter:description\" content=\"Ne\u010dekan\u00e9 z\u00e1pletky a japonsk\u00e1 atmosf\u00e9ra v jednom svazku. Detective Conan 37 nab\u00edz\u00ed nap\u00ednav\u00e9 kapitoly s unik\u00e1tn\u00edmi ilustracemi a je ide\u00e1ln\u00ed do sb\u00edrky.\" \/>\n<meta name=\"twitter:label1\" content=\"Odhadovan\u00e1 doba \u010dten\u00ed\" \/>\n\t<meta name=\"twitter:data1\" content=\"1 minuta\" \/>\n<script type=\"application\/ld+json\" class=\"yoast-schema-graph\">{\"@context\":\"https:\/\/schema.org\",\"@graph\":[{\"@type\":\"WebPage\",\"@id\":\"https:\/\/demostore.ai\/cs\/produkt\/detective-conan-svazek-37\/\",\"url\":\"https:\/\/demostore.ai\/cs\/produkt\/detective-conan-svazek-37\/\",\"name\":\"Shop Detective Conan Svazek 37 Pro Nov\u00e9 Nap\u011bt\u00ed\",\"isPartOf\":{\"@id\":\"https:\/\/demostore.ai\/cs\/#website\"},\"primaryImageOfPage\":{\"@id\":\"https:\/\/demostore.ai\/cs\/produkt\/detective-conan-svazek-37\/#primaryimage\"},\"image\":{\"@id\":\"https:\/\/demostore.ai\/cs\/produkt\/detective-conan-svazek-37\/#primaryimage\"},\"thumbnailUrl\":\"https:\/\/demostore.ai\/wp-content\/uploads\/2025\/06\/Graphic-novel-1.png\",\"datePublished\":\"2025-06-16T00:16:29+00:00\",\"dateModified\":\"2026-02-19T07:50:32+00:00\",\"description\":\"Nad\u010dasov\u00e9 detektivn\u00ed p\u0159\u00edb\u011bhy v japonsk\u00e9 manga edici. Detective Conan Svazek 37 kombinuje nap\u011bt\u00ed, sb\u011bratelskou hodnotu i origin\u00e1ln\u00ed kresby v jednom.\",\"breadcrumb\":{\"@id\":\"https:\/\/demostore.ai\/cs\/produkt\/detective-conan-svazek-37\/#breadcrumb\"},\"inLanguage\":\"cs\",\"potentialAction\":[{\"@type\":\"ReadAction\",\"target\":[\"https:\/\/demostore.ai\/cs\/produkt\/detective-conan-svazek-37\/\"]}]},{\"@type\":\"ImageObject\",\"inLanguage\":\"cs\",\"@id\":\"https:\/\/demostore.ai\/cs\/produkt\/detective-conan-svazek-37\/#primaryimage\",\"url\":\"https:\/\/demostore.ai\/wp-content\/uploads\/2025\/06\/Graphic-novel-1.png\",\"contentUrl\":\"https:\/\/demostore.ai\/wp-content\/uploads\/2025\/06\/Graphic-novel-1.png\",\"width\":1000,\"height\":1000,\"caption\":\"Ob\u00e1lka manga Detective Conan Svazek 37 s hlavn\u00ed postavou na ru\u0161n\u00e9m m\u011bstsk\u00e9m pozad\u00ed.\"},{\"@type\":\"BreadcrumbList\",\"@id\":\"https:\/\/demostore.ai\/cs\/produkt\/detective-conan-svazek-37\/#breadcrumb\",\"itemListElement\":[{\"@type\":\"ListItem\",\"position\":1,\"name\":\"Dom\u016f\",\"item\":\"https:\/\/demostore.ai\/cs\/\"},{\"@type\":\"ListItem\",\"position\":2,\"name\":\"Obchod\",\"item\":\"https:\/\/demostore.ai\/cs\/obchod\/\"},{\"@type\":\"ListItem\",\"position\":3,\"name\":\"Detective Conan Svazek 37\"}]},{\"@type\":\"WebSite\",\"@id\":\"https:\/\/demostore.ai\/cs\/#website\",\"url\":\"https:\/\/demostore.ai\/cs\/\",\"name\":\"Trendy Thread\",\"description\":\"Demo obchod WriteText.ai\",\"publisher\":{\"@id\":\"https:\/\/demostore.ai\/cs\/#organization\"},\"potentialAction\":[{\"@type\":\"SearchAction\",\"target\":{\"@type\":\"EntryPoint\",\"urlTemplate\":\"https:\/\/demostore.ai\/cs\/?s={search_term_string}\"},\"query-input\":{\"@type\":\"PropertyValueSpecification\",\"valueRequired\":true,\"valueName\":\"search_term_string\"}}],\"inLanguage\":\"cs\"},{\"@type\":\"Organization\",\"@id\":\"https:\/\/demostore.ai\/cs\/#organization\",\"name\":\"WriteText.ai\",\"url\":\"https:\/\/demostore.ai\/cs\/\",\"logo\":{\"@type\":\"ImageObject\",\"inLanguage\":\"cs\",\"@id\":\"https:\/\/demostore.ai\/cs\/#\/schema\/logo\/image\/\",\"url\":\"https:\/\/demostore.ai\/wp-content\/uploads\/2025\/10\/writetext_logo.webp\",\"contentUrl\":\"https:\/\/demostore.ai\/wp-content\/uploads\/2025\/10\/writetext_logo.webp\",\"width\":200,\"height\":34,\"caption\":\"WriteText.ai\"},\"image\":{\"@id\":\"https:\/\/demostore.ai\/cs\/#\/schema\/logo\/image\/\"}}]}<\/script>\n<!-- \/ Yoast SEO plugin. -->","yoast_head_json":{"title":"Shop Detective Conan Svazek 37 Pro Nov\u00e9 Nap\u011bt\u00ed","description":"Nad\u010dasov\u00e9 detektivn\u00ed p\u0159\u00edb\u011bhy v japonsk\u00e9 manga edici. Detective Conan Svazek 37 kombinuje nap\u011bt\u00ed, sb\u011bratelskou hodnotu i origin\u00e1ln\u00ed kresby v jednom.","robots":{"index":"index","follow":"follow","max-snippet":"max-snippet:-1","max-image-preview":"max-image-preview:large","max-video-preview":"max-video-preview:-1"},"canonical":"https:\/\/demostore.ai\/cs\/produkt\/detective-conan-svazek-37\/","og_type":"article","og_title":"Shop Detective Conan Svazek 37 Pro Nov\u00e9 Nap\u011bt\u00ed","og_description":"Ne\u010dekan\u00e9 z\u00e1pletky a japonsk\u00e1 atmosf\u00e9ra v jednom svazku. Detective Conan 37 nab\u00edz\u00ed nap\u00ednav\u00e9 kapitoly s unik\u00e1tn\u00edmi ilustracemi a je ide\u00e1ln\u00ed do sb\u00edrky.","og_url":"https:\/\/demostore.ai\/cs\/produkt\/detective-conan-svazek-37\/","og_site_name":"Trendy Thread","article_modified_time":"2026-02-19T07:50:32+00:00","og_image":[{"width":1000,"height":1000,"url":"https:\/\/demostore.ai\/wp-content\/uploads\/2025\/06\/Graphic-novel-1.png","type":"image\/png"}],"twitter_card":"summary_large_image","twitter_title":"Shop Detective Conan Svazek 37 Pro Nov\u00e9 Nap\u011bt\u00ed","twitter_description":"Ne\u010dekan\u00e9 z\u00e1pletky a japonsk\u00e1 atmosf\u00e9ra v jednom svazku. Detective Conan 37 nab\u00edz\u00ed nap\u00ednav\u00e9 kapitoly s unik\u00e1tn\u00edmi ilustracemi a je ide\u00e1ln\u00ed do sb\u00edrky.","twitter_misc":{"Odhadovan\u00e1 doba \u010dten\u00ed":"1 minuta"},"schema":{"@context":"https:\/\/schema.org","@graph":[{"@type":"WebPage","@id":"https:\/\/demostore.ai\/cs\/produkt\/detective-conan-svazek-37\/","url":"https:\/\/demostore.ai\/cs\/produkt\/detective-conan-svazek-37\/","name":"Shop Detective Conan Svazek 37 Pro Nov\u00e9 Nap\u011bt\u00ed","isPartOf":{"@id":"https:\/\/demostore.ai\/cs\/#website"},"primaryImageOfPage":{"@id":"https:\/\/demostore.ai\/cs\/produkt\/detective-conan-svazek-37\/#primaryimage"},"image":{"@id":"https:\/\/demostore.ai\/cs\/produkt\/detective-conan-svazek-37\/#primaryimage"},"thumbnailUrl":"https:\/\/demostore.ai\/wp-content\/uploads\/2025\/06\/Graphic-novel-1.png","datePublished":"2025-06-16T00:16:29+00:00","dateModified":"2026-02-19T07:50:32+00:00","description":"Nad\u010dasov\u00e9 detektivn\u00ed p\u0159\u00edb\u011bhy v japonsk\u00e9 manga edici. Detective Conan Svazek 37 kombinuje nap\u011bt\u00ed, sb\u011bratelskou hodnotu i origin\u00e1ln\u00ed kresby v jednom.","breadcrumb":{"@id":"https:\/\/demostore.ai\/cs\/produkt\/detective-conan-svazek-37\/#breadcrumb"},"inLanguage":"cs","potentialAction":[{"@type":"ReadAction","target":["https:\/\/demostore.ai\/cs\/produkt\/detective-conan-svazek-37\/"]}]},{"@type":"ImageObject","inLanguage":"cs","@id":"https:\/\/demostore.ai\/cs\/produkt\/detective-conan-svazek-37\/#primaryimage","url":"https:\/\/demostore.ai\/wp-content\/uploads\/2025\/06\/Graphic-novel-1.png","contentUrl":"https:\/\/demostore.ai\/wp-content\/uploads\/2025\/06\/Graphic-novel-1.png","width":1000,"height":1000,"caption":"Ob\u00e1lka manga Detective Conan Svazek 37 s hlavn\u00ed postavou na ru\u0161n\u00e9m m\u011bstsk\u00e9m pozad\u00ed."},{"@type":"BreadcrumbList","@id":"https:\/\/demostore.ai\/cs\/produkt\/detective-conan-svazek-37\/#breadcrumb","itemListElement":[{"@type":"ListItem","position":1,"name":"Dom\u016f","item":"https:\/\/demostore.ai\/cs\/"},{"@type":"ListItem","position":2,"name":"Obchod","item":"https:\/\/demostore.ai\/cs\/obchod\/"},{"@type":"ListItem","position":3,"name":"Detective Conan Svazek 37"}]},{"@type":"WebSite","@id":"https:\/\/demostore.ai\/cs\/#website","url":"https:\/\/demostore.ai\/cs\/","name":"Trendy Thread","description":"Demo obchod WriteText.ai","publisher":{"@id":"https:\/\/demostore.ai\/cs\/#organization"},"potentialAction":[{"@type":"SearchAction","target":{"@type":"EntryPoint","urlTemplate":"https:\/\/demostore.ai\/cs\/?s={search_term_string}"},"query-input":{"@type":"PropertyValueSpecification","valueRequired":true,"valueName":"search_term_string"}}],"inLanguage":"cs"},{"@type":"Organization","@id":"https:\/\/demostore.ai\/cs\/#organization","name":"WriteText.ai","url":"https:\/\/demostore.ai\/cs\/","logo":{"@type":"ImageObject","inLanguage":"cs","@id":"https:\/\/demostore.ai\/cs\/#\/schema\/logo\/image\/","url":"https:\/\/demostore.ai\/wp-content\/uploads\/2025\/10\/writetext_logo.webp","contentUrl":"https:\/\/demostore.ai\/wp-content\/uploads\/2025\/10\/writetext_logo.webp","width":200,"height":34,"caption":"WriteText.ai"},"image":{"@id":"https:\/\/demostore.ai\/cs\/#\/schema\/logo\/image\/"}}]}},"_links":{"self":[{"href":"https:\/\/demostore.ai\/cs\/wp-json\/wp\/v2\/product\/35688","targetHints":{"allow":["GET"]}}],"collection":[{"href":"https:\/\/demostore.ai\/cs\/wp-json\/wp\/v2\/product"}],"about":[{"href":"https:\/\/demostore.ai\/cs\/wp-json\/wp\/v2\/types\/product"}],"replies":[{"embeddable":true,"href":"https:\/\/demostore.ai\/cs\/wp-json\/wp\/v2\/comments?post=35688"}],"wp:featuredmedia":[{"embeddable":true,"href":"https:\/\/demostore.ai\/cs\/wp-json\/wp\/v2\/media\/18273"}],"wp:attachment":[{"href":"https:\/\/demostore.ai\/cs\/wp-json\/wp\/v2\/media?parent=35688"}],"wp:term":[{"taxonomy":"product_brand","embeddable":true,"href":"https:\/\/demostore.ai\/cs\/wp-json\/wp\/v2\/product_brand?post=35688"},{"taxonomy":"product_cat","embeddable":true,"href":"https:\/\/demostore.ai\/cs\/wp-json\/wp\/v2\/product_cat?post=35688"},{"taxonomy":"product_tag","embeddable":true,"href":"https:\/\/demostore.ai\/cs\/wp-json\/wp\/v2\/product_tag?post=35688"}],"curies":[{"name":"wp","href":"https:\/\/api.w.org\/{rel}","templated":true}]}}