{"id":35663,"date":"2025-06-13T08:41:42","date_gmt":"2025-06-13T00:41:42","guid":{"rendered":"https:\/\/demostore.ai\/?post_type=product&#038;p=35663"},"modified":"2026-02-19T16:05:17","modified_gmt":"2026-02-19T08:05:17","slug":"bare-n-bliss-tonovaci-balzam-na-rty","status":"publish","type":"product","link":"https:\/\/demostore.ai\/cs\/produkt\/bare-n-bliss-tonovaci-balzam-na-rty\/","title":{"rendered":"Bare N Bliss T\u00f3novac\u00ed Balz\u00e1m na Rty"},"content":{"rendered":"<section data-wtai-block-id=\"wtai_product_description_features\" class=\"wtai-section wtai-features-section\">\n<h2>Hlavn\u00ed p\u0159ednosti produktu<\/h2>\n<ul>\n<li>Intenzivn\u00ed hydratace \u2013 chr\u00e1n\u00ed rty p\u0159ed vysu\u0161en\u00edm a poprask\u00e1n\u00edm.<\/li>\n<li>P\u0159\u00edrodn\u00ed t\u00f3nov\u00e1n\u00ed \u2013 jemn\u011b zv\u00fdrazn\u00ed p\u0159irozenou barvu rt\u016f.<\/li>\n<li>Lehk\u00e1 a komfortn\u00ed textura \u2013 nezat\u011b\u017euje ani nelep\u00ed.<\/li>\n<li>Rychl\u00e1 a snadn\u00e1 aplikace \u2013 vhodn\u00e9 pro ka\u017edodenn\u00ed pou\u017eit\u00ed.<\/li>\n<li>Praktick\u00e9 balen\u00ed \u2013 kompaktn\u00ed tvar pro kabelku nebo kapsu.<\/li>\n<li>Dlouhotrvaj\u00edc\u00ed v\u00fdsledek \u2013 barva i p\u00e9\u010de vydr\u017e\u00ed po n\u011bkolik hodin.<\/li>\n<li>Univerz\u00e1ln\u00ed odst\u00edn \u2013 slu\u0161\u00ed \u0161irok\u00e9 \u0161k\u00e1le t\u00f3n\u016f pleti.<\/li>\n<li>Olej z meru\u0148kov\u00fdch jader \u2013 podporuje v\u00fd\u017eivu a jemnost rt\u016f.<\/li>\n<\/ul>\n<\/section>\n<div data-wtai-block-id=\"wtai_product_description_image_1753694499291\" class=\"wtai-section wtai-image_1753694499291-section\">\n<figure class=\"wtai-image-p wtai-align-center\" style=\"text-align:center\"><img decoding=\"async\" src=\"https:\/\/demostore.ai\/wp-content\/uploads\/2025\/06\/Lip-tint-3-scaled-1-600x324.png\" alt=\"T\u00f3novac\u00ed balz\u00e1m na rty Bare N Bliss v r\u016f\u017eov\u00e9m odst\u00ednu s pr\u016fhledn\u00fdm v\u00ed\u010dkem.\" srcset=\"https:\/\/demostore.ai\/wp-content\/uploads\/2025\/06\/Lip-tint-3-scaled-1.png 1000w, https:\/\/demostore.ai\/wp-content\/uploads\/2025\/06\/Lip-tint-3-scaled-1-300x162.png 300w, https:\/\/demostore.ai\/wp-content\/uploads\/2025\/06\/Lip-tint-3-scaled-1-768x415.png 768w, https:\/\/demostore.ai\/wp-content\/uploads\/2025\/06\/Lip-tint-3-scaled-1-600x324.png 600w\"><figcaption>\n<p>Elegantn\u00ed tubi\u010dka s jemn\u00fdm r\u016f\u017eov\u00fdm odst\u00ednem p\u016fsob\u00ed stylov\u011b a hrav\u011b z\u00e1rove\u0148.<\/p>\n<\/figcaption><\/figure>\n<\/p><\/div>\n<section data-wtai-block-id=\"wtai_product_description_benefits\" class=\"wtai-section wtai-benefits-section\">\n<h2>Pro\u010d si ho zamilujete<\/h2>\n<ul>\n<li>Dod\u00e1v\u00e1 rt\u016fm viditeln\u00fd lesk a zdrav\u00fd vzhled.<\/li>\n<li>Zv\u00fdrazn\u00ed va\u0161i p\u0159irozenou kr\u00e1su bez zbyte\u010dn\u00e9 n\u00e1mahy.<\/li>\n<li>Zanech\u00e1v\u00e1 rty hebk\u00e9 a p\u0159\u00edjemn\u011b vy\u017eiven\u00e9 p\u0159i pravideln\u00e9m pou\u017e\u00edv\u00e1n\u00ed.<\/li>\n<li>Okam\u017eit\u011b poskytuje pocit komfortu a lehk\u00e9ho osv\u011b\u017een\u00ed.<\/li>\n<li>Navozuje pocit sebev\u011bdom\u00ed b\u011bhem ka\u017ed\u00e9ho dne.<\/li>\n<\/ul>\n<\/section>\n<section data-wtai-block-id=\"wtai_product_description_use_cases\" class=\"wtai-section wtai-use_cases-section\">\n<h3>Jak ho za\u0159adit do sv\u00e9 rutiny<\/h3>\n<ol>\n<li>Naneste p\u0159\u00edmo na such\u00e9, \u010dist\u00e9 rty jako hydrata\u010dn\u00ed balz\u00e1m.<\/li>\n<li>Pou\u017eijte r\u00e1no k osv\u011b\u017een\u00ed vzhledu p\u0159ed odchodem z domu.<\/li>\n<li>Opakujte aplikaci podle pot\u0159eby b\u011bhem dne pro obnoven\u00ed barvy a p\u00e9\u010de.<\/li>\n<li>Nos\u00edte jej v kabelce nebo kapse \u2013 v\u017edy po ruce pro rychlou \u00fapravu.<\/li>\n<li>Vhodn\u00fd i ve\u010der m\u00edsto rt\u011bnky pro jemn\u011bj\u0161\u00ed efekt.<\/li>\n<li>Aplikujte p\u0159ed sportem pro ochranu a p\u0159\u00edjemn\u00fd t\u00f3n.<\/li>\n<li>Kombinujte s rt\u011bnkou pro je\u0161t\u011b intenzivn\u011bj\u0161\u00ed barvu.<\/li>\n<li>Vyu\u017e\u00edvejte samostatn\u011b i jako podklad pod dal\u0161\u00ed produkty.<\/li>\n<\/ol>\n<\/section>\n<section data-wtai-block-id=\"wtai_product_description_technical_specifications\" class=\"wtai-section wtai-technical_specifications-section\">\n<h3>Detailn\u00ed informace<\/h3>\n<ul>\n<li>Objem: 3.50 ml<\/li>\n<li>Barva: Jemn\u00e1 r\u016f\u017eovo-\u010derven\u00e1<\/li>\n<li>Obal: Plastov\u00e1 tuba s pr\u016fhledn\u00fdm v\u00ed\u010dkem<\/li>\n<li>Vhodn\u00e9 pro: Ka\u017edodenn\u00ed pou\u017eit\u00ed<\/li>\n<\/ul>\n<\/section>\n<section data-wtai-block-id=\"wtai_product_description_custom_1753167803027\" class=\"wtai-section wtai-custom_1753167803027-section\">\n<h2>Pro jak\u00e9 rty a pot\u0159eby je balz\u00e1m vhodn\u00fd<\/h2>\n<ul>\n<li><strong>Such\u00e9 rty<\/strong>: Poskytuje okam\u017eitou hydrataci a \u00falevu od pnut\u00ed.<\/li>\n<li><strong>Bled\u00e9 rty<\/strong>: Zv\u00fdrazn\u00ed p\u0159irozenou barvu a rozz\u00e1\u0159\u00ed vzhled.<\/li>\n<li><strong>Nejednotn\u00fd t\u00f3n rt\u016f<\/strong>: Zajist\u00ed rovnom\u011brn\u00e9 zbarven\u00ed b\u011bhem dne.<\/li>\n<li><strong>Norm\u00e1ln\u00ed typ rt\u016f<\/strong>: Vhodn\u00fd pro b\u011b\u017enou denn\u00ed p\u00e9\u010di a ochranu.<\/li>\n<li><strong>Citliv\u00e9 rty<\/strong>: Jemn\u00e9 slo\u017een\u00ed je vhodn\u00e9 pro citlivou poko\u017eku rt\u016f.<\/li>\n<li><strong>V\u0161echny v\u011bkov\u00e9 skupiny<\/strong>: Ide\u00e1ln\u00ed volba bez omezen\u00ed v\u011bkem.<\/li>\n<\/ul>\n<\/section>\n<section data-wtai-block-id=\"wtai_product_description_custom_1754200971412\" class=\"wtai-section wtai-custom_1754200971412-section\">\n<h2>Slo\u017een\u00ed produktu Bare N Bliss T\u00f3novac\u00ed Balz\u00e1m na Rty<\/h2>\n<p>Ricinus Communis (Castor) Seed Oil, Cera Alba (Beeswax), Euphorbia Cerifera (Candelilla) Wax, Copernicia Cerifera (Carnauba) Wax, Octyldodecanol, Ethylhexyl Palmitate, Butyrospermum Parkii (Shea) Butter, Simmondsia Chinensis (Jojoba) Seed Oil, Cocos Nucifera (Coconut) Oil, Caprylic\/Capric Triglyceride, Tocopheryl Acetate, Aroma, CI 77891 (Titanium Dioxide), CI 77491, CI 77492, CI 77499 (Iron Oxides), CI 15850 (Red 7 Lake), CI 45410 (Red 27 Lake).<\/p>\n<\/section>\n<section data-wtai-block-id=\"wtai_product_description_faqs\" class=\"wtai-section wtai-faqs-section\">\n<h2>\u010casto kladen\u00e9 dotazy<\/h2>\n<p><strong>Je balz\u00e1m vhodn\u00fd i pro citliv\u00e9 rty?<\/strong> <br \/> Ano, textura je \u0161etrn\u00e1 a balz\u00e1m je vhodn\u00fd pro ka\u017edodenn\u00ed pou\u017eit\u00ed i na citliv\u00e9 rty.<\/p>\n<p><strong>Lze kombinovat s dal\u0161\u00edm l\u00ed\u010den\u00edm rt\u016f?<\/strong> <br \/> Ano, balz\u00e1m lze pou\u017e\u00edt samostatn\u011b i jako podklad pod rt\u011bnku nebo lesk.<\/p>\n<p><strong>Kolik balz\u00e1m vydr\u017e\u00ed po otev\u0159en\u00ed?<\/strong> <br \/> Doporu\u010den\u00e1 spot\u0159eba je do 12 m\u011bs\u00edc\u016f od otev\u0159en\u00ed v\u00fdrobku.<\/p>\n<p><strong>Jak \u010dasto mohu balz\u00e1m nan\u00e1\u0161et b\u011bhem dne?<\/strong> <br \/> Aplikujte podle pot\u0159eby \u2013 chr\u00e1n\u00ed a t\u00f3nuje rty opakovan\u011b bez zat\u00ed\u017een\u00ed.<\/p>\n<p><strong>Za jak dlouho jsou vid\u011bt prvn\u00ed v\u00fdsledky?<\/strong> <br \/> T\u00f3n a hydratace jsou viditeln\u00e9 ihned po nanesen\u00ed balz\u00e1mu.<\/p>\n<\/section>\n<section data-wtai-block-id=\"wtai_product_description_conclusion\" class=\"wtai-section wtai-conclusion-section\">\n<h2>Vyzkou\u0161ejte a poc\u00edt\u00edte rozd\u00edl<\/h2>\n<p><em><strong>P\u0159idejte do sv\u00e9 kosmetick\u00e9 rutiny produkt, kter\u00fd zv\u00fdrazn\u00ed p\u0159irozenost a z\u00e1rove\u0148 pe\u010duje o va\u0161e rty.<\/strong><\/em> <em><strong>Bare N Bliss t\u00f3novac\u00ed balz\u00e1m prom\u011bn\u00ed ka\u017edodenn\u00ed p\u00e9\u010di v p\u0159\u00edjemn\u00fd ritu\u00e1l. Ne\u010dekejte \u2013 dop\u0159ejte si jemn\u00fd odst\u00edn a komfort ji\u017e dnes.<\/strong><\/em><\/p>\n<\/section>\n","protected":false},"excerpt":{"rendered":"<div data-wtai-block-id=\"wtai_excerpt_subtitle\" class=\"wtai-section wtai-subtitle-section\">\n<p><em><strong>P\u0159irozen\u00fd odst\u00edn a p\u00e9\u010de v jedin\u00e9m balz\u00e1mu<\/strong><\/em><\/p>\n<\/p><\/div>\n<div data-wtai-block-id=\"wtai_excerpt_introduction\" class=\"wtai-section wtai-introduction-section\">\n<p>N\u011bkdy sta\u010d\u00ed jen dotek barvy pro sv\u011b\u017e\u00ed v\u00fdraz. Bare N Bliss t\u00f3novac\u00ed balz\u00e1m na rty p\u0159in\u00e1\u0161\u00ed pohodl\u00ed a jemn\u00e9 t\u00f3nov\u00e1n\u00ed v modern\u00edm balen\u00ed, kter\u00e9 se hod\u00ed do ka\u017ed\u00e9 kabelky. Propojen\u00ed decentn\u00ed barvy a sametov\u00e9 p\u00e9\u010de poskytuje rt\u016fm p\u0159irozen\u011b zv\u00fdrazn\u011bn\u00fd vzhled, hebkost a pocit hydratace. Dop\u0159ejte si chv\u00edli pro sebe s balz\u00e1mem, kter\u00fd prom\u011bn\u00ed ka\u017ed\u00e9 l\u00ed\u010den\u00ed v p\u0159\u00edjemn\u00fd ritu\u00e1l a zanech\u00e1 va\u0161e rty hladk\u00e9 a sv\u011b\u017e\u00ed po cel\u00fd den.<\/p>\n<\/p><\/div>\n","protected":false},"featured_media":16580,"comment_status":"open","ping_status":"closed","template":"","meta":[],"product_brand":[],"product_cat":[198],"product_tag":[],"class_list":{"0":"post-35663","1":"product","2":"type-product","3":"status-publish","4":"has-post-thumbnail","6":"product_cat-krasa-wellness","8":"first","9":"instock","10":"shipping-taxable","11":"purchasable","12":"product-type-simple"},"bundled_by":[],"bundle_stock_status":"instock","bundle_stock_quantity":null,"bundle_virtual":false,"bundle_layout":"","bundle_add_to_cart_form_location":"","bundle_editable_in_cart":false,"bundle_sold_individually_context":"","bundle_item_grouping":"","bundle_min_size":"","bundle_max_size":"","bundle_price":[],"bundled_items":[],"bundle_sell_ids":[],"yoast_head":"<!-- This site is optimized with the Yoast SEO plugin v25.2 - https:\/\/yoast.com\/wordpress\/plugins\/seo\/ -->\n<title>Kupte Bare N Bliss T\u00f3novac\u00ed Balz\u00e1m na Rty pro P\u0159irozen\u011b P\u016fvabn\u00e9 Rty<\/title>\n<meta name=\"description\" content=\"Okam\u017eit\u00e9 zv\u00fdrazn\u011bn\u00ed rt\u016f s jemn\u00fdm t\u00f3nem a hydratac\u00ed. Kompaktn\u00ed balen\u00ed, jednoduch\u00e9 pou\u017eit\u00ed a dlouhotrvaj\u00edc\u00ed efekt pro zdrav\u011b vypadaj\u00edc\u00ed \u00fasm\u011bv.\" \/>\n<meta name=\"robots\" content=\"index, follow, max-snippet:-1, max-image-preview:large, max-video-preview:-1\" \/>\n<link rel=\"canonical\" href=\"https:\/\/demostore.ai\/cs\/produkt\/bare-n-bliss-tonovaci-balzam-na-rty\/\" \/>\n<meta property=\"og:type\" content=\"article\" \/>\n<meta property=\"og:title\" content=\"Kupte Bare N Bliss T\u00f3novac\u00ed Balz\u00e1m na Rty pro P\u0159irozen\u011b P\u016fvabn\u00e9 Rty\" \/>\n<meta property=\"og:description\" content=\"V\u00fdrazn\u00e1 hydratace rt\u016f a lehk\u00e9 t\u00f3nov\u00e1n\u00ed v jednom. Modern\u00ed balen\u00ed na cesty, p\u0159\u00edjemn\u00e1 textura a jemn\u00fd odst\u00edn podtrhnou p\u0159irozen\u00fd vzhled i pohodl\u00ed ka\u017ed\u00fd den.\" \/>\n<meta property=\"og:url\" content=\"https:\/\/demostore.ai\/cs\/produkt\/bare-n-bliss-tonovaci-balzam-na-rty\/\" \/>\n<meta property=\"og:site_name\" content=\"Trendy Thread\" \/>\n<meta property=\"article:modified_time\" content=\"2026-02-19T08:05:17+00:00\" \/>\n<meta property=\"og:image\" content=\"https:\/\/demostore.ai\/wp-content\/uploads\/2025\/06\/Lip-tint-1-scaled-1.png\" \/>\n\t<meta property=\"og:image:width\" content=\"344\" \/>\n\t<meta property=\"og:image:height\" content=\"1000\" \/>\n\t<meta property=\"og:image:type\" content=\"image\/png\" \/>\n<meta name=\"twitter:card\" content=\"summary_large_image\" \/>\n<meta name=\"twitter:title\" content=\"Kupte Bare N Bliss T\u00f3novac\u00ed Balz\u00e1m na Rty pro P\u0159irozen\u011b P\u016fvabn\u00e9 Rty\" \/>\n<meta name=\"twitter:description\" content=\"V\u00fdrazn\u00e1 hydratace rt\u016f a lehk\u00e9 t\u00f3nov\u00e1n\u00ed v jednom. Modern\u00ed balen\u00ed na cesty, p\u0159\u00edjemn\u00e1 textura a jemn\u00fd odst\u00edn podtrhnou p\u0159irozen\u00fd vzhled i pohodl\u00ed ka\u017ed\u00fd den.\" \/>\n<meta name=\"twitter:label1\" content=\"Odhadovan\u00e1 doba \u010dten\u00ed\" \/>\n\t<meta name=\"twitter:data1\" content=\"1 minuta\" \/>\n<script type=\"application\/ld+json\" class=\"yoast-schema-graph\">{\"@context\":\"https:\/\/schema.org\",\"@graph\":[{\"@type\":\"WebPage\",\"@id\":\"https:\/\/demostore.ai\/cs\/produkt\/bare-n-bliss-tonovaci-balzam-na-rty\/\",\"url\":\"https:\/\/demostore.ai\/cs\/produkt\/bare-n-bliss-tonovaci-balzam-na-rty\/\",\"name\":\"Kupte Bare N Bliss T\u00f3novac\u00ed Balz\u00e1m na Rty pro P\u0159irozen\u011b P\u016fvabn\u00e9 Rty\",\"isPartOf\":{\"@id\":\"https:\/\/demostore.ai\/cs\/#website\"},\"primaryImageOfPage\":{\"@id\":\"https:\/\/demostore.ai\/cs\/produkt\/bare-n-bliss-tonovaci-balzam-na-rty\/#primaryimage\"},\"image\":{\"@id\":\"https:\/\/demostore.ai\/cs\/produkt\/bare-n-bliss-tonovaci-balzam-na-rty\/#primaryimage\"},\"thumbnailUrl\":\"https:\/\/demostore.ai\/wp-content\/uploads\/2025\/06\/Lip-tint-1-scaled-1.png\",\"datePublished\":\"2025-06-13T00:41:42+00:00\",\"dateModified\":\"2026-02-19T08:05:17+00:00\",\"description\":\"Okam\u017eit\u00e9 zv\u00fdrazn\u011bn\u00ed rt\u016f s jemn\u00fdm t\u00f3nem a hydratac\u00ed. Kompaktn\u00ed balen\u00ed, jednoduch\u00e9 pou\u017eit\u00ed a dlouhotrvaj\u00edc\u00ed efekt pro zdrav\u011b vypadaj\u00edc\u00ed \u00fasm\u011bv.\",\"breadcrumb\":{\"@id\":\"https:\/\/demostore.ai\/cs\/produkt\/bare-n-bliss-tonovaci-balzam-na-rty\/#breadcrumb\"},\"inLanguage\":\"cs\",\"potentialAction\":[{\"@type\":\"ReadAction\",\"target\":[\"https:\/\/demostore.ai\/cs\/produkt\/bare-n-bliss-tonovaci-balzam-na-rty\/\"]}]},{\"@type\":\"ImageObject\",\"inLanguage\":\"cs\",\"@id\":\"https:\/\/demostore.ai\/cs\/produkt\/bare-n-bliss-tonovaci-balzam-na-rty\/#primaryimage\",\"url\":\"https:\/\/demostore.ai\/wp-content\/uploads\/2025\/06\/Lip-tint-1-scaled-1.png\",\"contentUrl\":\"https:\/\/demostore.ai\/wp-content\/uploads\/2025\/06\/Lip-tint-1-scaled-1.png\",\"width\":344,\"height\":1000,\"caption\":\"T\u00f3novac\u00ed balz\u00e1m na rty Bare N Bliss v r\u016f\u017eov\u00e9m odst\u00ednu, pr\u016fhledn\u00e9 uz\u00e1v\u011bry.\"},{\"@type\":\"BreadcrumbList\",\"@id\":\"https:\/\/demostore.ai\/cs\/produkt\/bare-n-bliss-tonovaci-balzam-na-rty\/#breadcrumb\",\"itemListElement\":[{\"@type\":\"ListItem\",\"position\":1,\"name\":\"Dom\u016f\",\"item\":\"https:\/\/demostore.ai\/cs\/\"},{\"@type\":\"ListItem\",\"position\":2,\"name\":\"Obchod\",\"item\":\"https:\/\/demostore.ai\/cs\/obchod\/\"},{\"@type\":\"ListItem\",\"position\":3,\"name\":\"Bare N Bliss T\u00f3novac\u00ed Balz\u00e1m na Rty\"}]},{\"@type\":\"WebSite\",\"@id\":\"https:\/\/demostore.ai\/cs\/#website\",\"url\":\"https:\/\/demostore.ai\/cs\/\",\"name\":\"Trendy Thread\",\"description\":\"Demo obchod WriteText.ai\",\"publisher\":{\"@id\":\"https:\/\/demostore.ai\/cs\/#organization\"},\"potentialAction\":[{\"@type\":\"SearchAction\",\"target\":{\"@type\":\"EntryPoint\",\"urlTemplate\":\"https:\/\/demostore.ai\/cs\/?s={search_term_string}\"},\"query-input\":{\"@type\":\"PropertyValueSpecification\",\"valueRequired\":true,\"valueName\":\"search_term_string\"}}],\"inLanguage\":\"cs\"},{\"@type\":\"Organization\",\"@id\":\"https:\/\/demostore.ai\/cs\/#organization\",\"name\":\"WriteText.ai\",\"url\":\"https:\/\/demostore.ai\/cs\/\",\"logo\":{\"@type\":\"ImageObject\",\"inLanguage\":\"cs\",\"@id\":\"https:\/\/demostore.ai\/cs\/#\/schema\/logo\/image\/\",\"url\":\"https:\/\/demostore.ai\/wp-content\/uploads\/2025\/10\/writetext_logo.webp\",\"contentUrl\":\"https:\/\/demostore.ai\/wp-content\/uploads\/2025\/10\/writetext_logo.webp\",\"width\":200,\"height\":34,\"caption\":\"WriteText.ai\"},\"image\":{\"@id\":\"https:\/\/demostore.ai\/cs\/#\/schema\/logo\/image\/\"}}]}<\/script>\n<!-- \/ Yoast SEO plugin. -->","yoast_head_json":{"title":"Kupte Bare N Bliss T\u00f3novac\u00ed Balz\u00e1m na Rty pro P\u0159irozen\u011b P\u016fvabn\u00e9 Rty","description":"Okam\u017eit\u00e9 zv\u00fdrazn\u011bn\u00ed rt\u016f s jemn\u00fdm t\u00f3nem a hydratac\u00ed. Kompaktn\u00ed balen\u00ed, jednoduch\u00e9 pou\u017eit\u00ed a dlouhotrvaj\u00edc\u00ed efekt pro zdrav\u011b vypadaj\u00edc\u00ed \u00fasm\u011bv.","robots":{"index":"index","follow":"follow","max-snippet":"max-snippet:-1","max-image-preview":"max-image-preview:large","max-video-preview":"max-video-preview:-1"},"canonical":"https:\/\/demostore.ai\/cs\/produkt\/bare-n-bliss-tonovaci-balzam-na-rty\/","og_type":"article","og_title":"Kupte Bare N Bliss T\u00f3novac\u00ed Balz\u00e1m na Rty pro P\u0159irozen\u011b P\u016fvabn\u00e9 Rty","og_description":"V\u00fdrazn\u00e1 hydratace rt\u016f a lehk\u00e9 t\u00f3nov\u00e1n\u00ed v jednom. Modern\u00ed balen\u00ed na cesty, p\u0159\u00edjemn\u00e1 textura a jemn\u00fd odst\u00edn podtrhnou p\u0159irozen\u00fd vzhled i pohodl\u00ed ka\u017ed\u00fd den.","og_url":"https:\/\/demostore.ai\/cs\/produkt\/bare-n-bliss-tonovaci-balzam-na-rty\/","og_site_name":"Trendy Thread","article_modified_time":"2026-02-19T08:05:17+00:00","og_image":[{"width":344,"height":1000,"url":"https:\/\/demostore.ai\/wp-content\/uploads\/2025\/06\/Lip-tint-1-scaled-1.png","type":"image\/png"}],"twitter_card":"summary_large_image","twitter_title":"Kupte Bare N Bliss T\u00f3novac\u00ed Balz\u00e1m na Rty pro P\u0159irozen\u011b P\u016fvabn\u00e9 Rty","twitter_description":"V\u00fdrazn\u00e1 hydratace rt\u016f a lehk\u00e9 t\u00f3nov\u00e1n\u00ed v jednom. Modern\u00ed balen\u00ed na cesty, p\u0159\u00edjemn\u00e1 textura a jemn\u00fd odst\u00edn podtrhnou p\u0159irozen\u00fd vzhled i pohodl\u00ed ka\u017ed\u00fd den.","twitter_misc":{"Odhadovan\u00e1 doba \u010dten\u00ed":"1 minuta"},"schema":{"@context":"https:\/\/schema.org","@graph":[{"@type":"WebPage","@id":"https:\/\/demostore.ai\/cs\/produkt\/bare-n-bliss-tonovaci-balzam-na-rty\/","url":"https:\/\/demostore.ai\/cs\/produkt\/bare-n-bliss-tonovaci-balzam-na-rty\/","name":"Kupte Bare N Bliss T\u00f3novac\u00ed Balz\u00e1m na Rty pro P\u0159irozen\u011b P\u016fvabn\u00e9 Rty","isPartOf":{"@id":"https:\/\/demostore.ai\/cs\/#website"},"primaryImageOfPage":{"@id":"https:\/\/demostore.ai\/cs\/produkt\/bare-n-bliss-tonovaci-balzam-na-rty\/#primaryimage"},"image":{"@id":"https:\/\/demostore.ai\/cs\/produkt\/bare-n-bliss-tonovaci-balzam-na-rty\/#primaryimage"},"thumbnailUrl":"https:\/\/demostore.ai\/wp-content\/uploads\/2025\/06\/Lip-tint-1-scaled-1.png","datePublished":"2025-06-13T00:41:42+00:00","dateModified":"2026-02-19T08:05:17+00:00","description":"Okam\u017eit\u00e9 zv\u00fdrazn\u011bn\u00ed rt\u016f s jemn\u00fdm t\u00f3nem a hydratac\u00ed. Kompaktn\u00ed balen\u00ed, jednoduch\u00e9 pou\u017eit\u00ed a dlouhotrvaj\u00edc\u00ed efekt pro zdrav\u011b vypadaj\u00edc\u00ed \u00fasm\u011bv.","breadcrumb":{"@id":"https:\/\/demostore.ai\/cs\/produkt\/bare-n-bliss-tonovaci-balzam-na-rty\/#breadcrumb"},"inLanguage":"cs","potentialAction":[{"@type":"ReadAction","target":["https:\/\/demostore.ai\/cs\/produkt\/bare-n-bliss-tonovaci-balzam-na-rty\/"]}]},{"@type":"ImageObject","inLanguage":"cs","@id":"https:\/\/demostore.ai\/cs\/produkt\/bare-n-bliss-tonovaci-balzam-na-rty\/#primaryimage","url":"https:\/\/demostore.ai\/wp-content\/uploads\/2025\/06\/Lip-tint-1-scaled-1.png","contentUrl":"https:\/\/demostore.ai\/wp-content\/uploads\/2025\/06\/Lip-tint-1-scaled-1.png","width":344,"height":1000,"caption":"T\u00f3novac\u00ed balz\u00e1m na rty Bare N Bliss v r\u016f\u017eov\u00e9m odst\u00ednu, pr\u016fhledn\u00e9 uz\u00e1v\u011bry."},{"@type":"BreadcrumbList","@id":"https:\/\/demostore.ai\/cs\/produkt\/bare-n-bliss-tonovaci-balzam-na-rty\/#breadcrumb","itemListElement":[{"@type":"ListItem","position":1,"name":"Dom\u016f","item":"https:\/\/demostore.ai\/cs\/"},{"@type":"ListItem","position":2,"name":"Obchod","item":"https:\/\/demostore.ai\/cs\/obchod\/"},{"@type":"ListItem","position":3,"name":"Bare N Bliss T\u00f3novac\u00ed Balz\u00e1m na Rty"}]},{"@type":"WebSite","@id":"https:\/\/demostore.ai\/cs\/#website","url":"https:\/\/demostore.ai\/cs\/","name":"Trendy Thread","description":"Demo obchod WriteText.ai","publisher":{"@id":"https:\/\/demostore.ai\/cs\/#organization"},"potentialAction":[{"@type":"SearchAction","target":{"@type":"EntryPoint","urlTemplate":"https:\/\/demostore.ai\/cs\/?s={search_term_string}"},"query-input":{"@type":"PropertyValueSpecification","valueRequired":true,"valueName":"search_term_string"}}],"inLanguage":"cs"},{"@type":"Organization","@id":"https:\/\/demostore.ai\/cs\/#organization","name":"WriteText.ai","url":"https:\/\/demostore.ai\/cs\/","logo":{"@type":"ImageObject","inLanguage":"cs","@id":"https:\/\/demostore.ai\/cs\/#\/schema\/logo\/image\/","url":"https:\/\/demostore.ai\/wp-content\/uploads\/2025\/10\/writetext_logo.webp","contentUrl":"https:\/\/demostore.ai\/wp-content\/uploads\/2025\/10\/writetext_logo.webp","width":200,"height":34,"caption":"WriteText.ai"},"image":{"@id":"https:\/\/demostore.ai\/cs\/#\/schema\/logo\/image\/"}}]}},"_links":{"self":[{"href":"https:\/\/demostore.ai\/cs\/wp-json\/wp\/v2\/product\/35663","targetHints":{"allow":["GET"]}}],"collection":[{"href":"https:\/\/demostore.ai\/cs\/wp-json\/wp\/v2\/product"}],"about":[{"href":"https:\/\/demostore.ai\/cs\/wp-json\/wp\/v2\/types\/product"}],"replies":[{"embeddable":true,"href":"https:\/\/demostore.ai\/cs\/wp-json\/wp\/v2\/comments?post=35663"}],"wp:featuredmedia":[{"embeddable":true,"href":"https:\/\/demostore.ai\/cs\/wp-json\/wp\/v2\/media\/16580"}],"wp:attachment":[{"href":"https:\/\/demostore.ai\/cs\/wp-json\/wp\/v2\/media?parent=35663"}],"wp:term":[{"taxonomy":"product_brand","embeddable":true,"href":"https:\/\/demostore.ai\/cs\/wp-json\/wp\/v2\/product_brand?post=35663"},{"taxonomy":"product_cat","embeddable":true,"href":"https:\/\/demostore.ai\/cs\/wp-json\/wp\/v2\/product_cat?post=35663"},{"taxonomy":"product_tag","embeddable":true,"href":"https:\/\/demostore.ai\/cs\/wp-json\/wp\/v2\/product_tag?post=35663"}],"curies":[{"name":"wp","href":"https:\/\/api.w.org\/{rel}","templated":true}]}}