{"id":35407,"date":"2025-06-16T09:44:24","date_gmt":"2025-06-16T01:44:24","guid":{"rendered":"https:\/\/demostore.ai\/?post_type=product&#038;p=35407"},"modified":"2026-02-19T15:27:54","modified_gmt":"2026-02-19T07:27:54","slug":"cervena-moderni-pohovka","status":"publish","type":"product","link":"https:\/\/demostore.ai\/cs\/produkt\/cervena-moderni-pohovka\/","title":{"rendered":"\u010cerven\u00e1 Modern\u00ed Pohovka"},"content":{"rendered":"<section data-wtai-block-id=\"wtai_product_description_features\" class=\"wtai-section wtai-features-section\">\n<h2>Hlavn\u00ed vlastnosti<\/h2>\n<ul>\n<li><strong>Modern\u00ed design:<\/strong> Elegantn\u00ed tvarov\u00e1n\u00ed a syt\u011b \u010derven\u00e1 barva vytv\u00e1\u0159ej\u00ed v\u00fdrazn\u00fd prvek do ka\u017ed\u00e9ho interi\u00e9ru.<\/li>\n<li><strong>Komfortn\u00ed posezen\u00ed:<\/strong> \u0160irok\u00e9 polstrovan\u00e9 sed\u00e1ky a op\u011brky zad p\u0159in\u00e1\u0161ej\u00ed pohodl\u00ed p\u0159i ka\u017edodenn\u00edm pou\u017e\u00edv\u00e1n\u00ed.<\/li>\n<li><strong>Textiln\u00ed potah:<\/strong> Kvalitn\u00ed l\u00e1tkov\u00fd povrch zajist\u00ed p\u0159\u00edjemn\u00fd dotek a snaz\u0161\u00ed \u00fadr\u017ebu.<\/li>\n<li><strong>Robustn\u00ed konstrukce:<\/strong> Odoln\u00fd r\u00e1m a stabiln\u00ed d\u0159ev\u011bn\u00e9 no\u017eky poskytuj\u00ed spolehlivou oporu.<\/li>\n<li><strong>Dekora\u010dn\u00ed pol\u0161t\u00e1\u0159e:<\/strong> Sou\u010d\u00e1st\u00ed jsou dva kontrastn\u00ed pol\u0161t\u00e1\u0159e pro vy\u0161\u0161\u00ed komfort a estetick\u00fd dojem.<\/li>\n<li><strong>Praktick\u00e1 velikost:<\/strong> Kompaktn\u00ed rozm\u011bry dovoluj\u00ed snadn\u00e9 um\u00edst\u011bn\u00ed i do men\u0161\u00edch prostor.<\/li>\n<\/ul>\n<\/section>\n<div data-wtai-block-id=\"wtai_product_description_image_1754207315479\" class=\"wtai-section wtai-image_1754207315479-section\">\n<figure class=\"wtai-image-p wtai-align-center\" style=\"text-align:center\"><img decoding=\"async\" src=\"https:\/\/demostore.ai\/wp-content\/uploads\/2025\/06\/Couch-2-1-600x402.png\" alt=\"\u010cerven\u00e1 modern\u00ed pohovka se dv\u011bma \u0161ed\u00fdmi pol\u0161t\u00e1\u0159i, vhodn\u00e1 do ob\u00fdvac\u00edho pokoje.\" srcset=\"https:\/\/demostore.ai\/wp-content\/uploads\/2025\/06\/Couch-2-1.png 1000w, https:\/\/demostore.ai\/wp-content\/uploads\/2025\/06\/Couch-2-1-300x201.png 300w, https:\/\/demostore.ai\/wp-content\/uploads\/2025\/06\/Couch-2-1-768x515.png 768w, https:\/\/demostore.ai\/wp-content\/uploads\/2025\/06\/Couch-2-1-600x402.png 600w\"><figcaption>\n<p>Elegantn\u00ed \u010derven\u00fd l\u00e1tkov\u00fd potah a dva \u0161ed\u00e9 pol\u0161t\u00e1\u0159e podtrhuj\u00ed sv\u011b\u017e\u00ed modern\u00ed vzhled.<\/p>\n<\/figcaption><\/figure>\n<\/p><\/div>\n<section data-wtai-block-id=\"wtai_product_description_technical_specifications\" class=\"wtai-section wtai-technical_specifications-section\">\n<h2>Detaily<\/h2>\n<ul>\n<li><strong>Rozm\u011bry:<\/strong> 180 cm \u00d7 80 cm \u00d7 78 cm<\/li>\n<li><strong>Materi\u00e1l potahu:<\/strong> Textiln\u00ed polyester<\/li>\n<li><strong>Barva:<\/strong> \u010cerven\u00e1 s \u0161ed\u00fdmi pol\u0161t\u00e1\u0159i<\/li>\n<li><strong>Konstrukce:<\/strong> D\u0159ev\u011bn\u00fd r\u00e1m s \u010daloun\u011bn\u00fdm sed\u00e1kem<\/li>\n<\/ul>\n<\/section>\n<div data-wtai-block-id=\"wtai_product_description_image_1754207334585\" class=\"wtai-section wtai-image_1754207334585-section\">\n<figure class=\"wtai-image-p wtai-align-center\" style=\"text-align:center\"><img decoding=\"async\" src=\"https:\/\/demostore.ai\/wp-content\/uploads\/2025\/06\/Couch-4.png\" alt=\"Detail \u010derven\u00e9 modern\u00ed pohovky s \u0161ed\u00fdm pol\u0161t\u00e1\u0159em, zobrazen\u00e1 na produktov\u00e9 str\u00e1nce.\" srcset=\"https:\/\/demostore.ai\/wp-content\/uploads\/2025\/06\/Couch-4.png 528w, https:\/\/demostore.ai\/wp-content\/uploads\/2025\/06\/Couch-4-200x300.png 200w\"><figcaption>\n<p>Zaoblen\u00e9 op\u011brky a jemn\u00e1 textura l\u00e1tky vynikaj\u00ed v kombinaci s kontrastn\u00edm pol\u0161t\u00e1\u0159em.<\/p>\n<\/figcaption><\/figure>\n<\/p><\/div>\n<section data-wtai-block-id=\"wtai_product_description_use_cases\" class=\"wtai-section wtai-use_cases-section\">\n<h2>Inspirace pro vyu\u017eit\u00ed<\/h2>\n<ul>\n<li><strong>Stylov\u00e1 dom\u00e1c\u00ed pohoda:<\/strong> Skv\u011bl\u00e1 volba pro sledov\u00e1n\u00ed televize nebo \u010dten\u00ed ve va\u0161em ob\u00fdvac\u00edm pokoji.<\/li>\n<li><strong>Modern\u00ed kancel\u00e1\u0159sk\u00e9 z\u00e1zem\u00ed:<\/strong> Dod\u00e1 modern\u00ed eleganci \u010dekac\u00edm m\u00edstnostem \u010di relaxa\u010dn\u00edm z\u00f3n\u00e1m v kancel\u00e1\u0159i.<\/li>\n<li><strong>Rychl\u00e1 obm\u011bna interi\u00e9ru:<\/strong> Mo\u017enost snadno o\u017eivit studentsk\u00fd byt nebo men\u0161\u00ed garsonku.<\/li>\n<li><strong>Ide\u00e1ln\u00ed pro hosty:<\/strong> Praktick\u00e9 \u0159e\u0161en\u00ed pro p\u0159\u00edle\u017eitostn\u00e9 p\u0159esp\u00e1n\u00ed n\u00e1v\u0161t\u011bv v dom\u00e1cnosti.<\/li>\n<\/ul>\n<\/section>\n<section data-wtai-block-id=\"wtai_product_description_custom_1754207271771\" class=\"wtai-section wtai-custom_1754207271771-section\">\n<h2>Praktick\u00e9 tipy pro p\u00e9\u010di o va\u0161i \u010dervenou modern\u00ed pohovku<\/h2>\n<ul>\n<li>Pravideln\u011b vys\u00e1vejte povrch pohovky, abyste odstranili prach a ne\u010distoty.<\/li>\n<li>Pohovku um\u00edst\u011bte mimo p\u0159\u00edm\u00e9 slune\u010dn\u00ed sv\u011btlo, aby barva z\u016fstala syt\u00e1 a l\u00e1tka se neopot\u0159ebovala.<\/li>\n<li>Rozlit\u00e9 tekutiny ihned jemn\u011b odsajte such\u00fdm had\u0159\u00edkem, m\u00edsto net\u0159ete.<\/li>\n<li>P\u0159i del\u0161\u00edm nepou\u017e\u00edv\u00e1n\u00ed pohovku p\u0159ikryjte, aby se na n\u00ed neusazoval prach.<\/li>\n<\/ul>\n<\/section>\n<section data-wtai-block-id=\"wtai_product_description_faqs\" class=\"wtai-section wtai-faqs-section\">\n<h2>\u010casto kladen\u00e9 dotazy<\/h2>\n<p><strong>Jsou pol\u0161t\u00e1\u0159e sou\u010d\u00e1st\u00ed pohovky?<\/strong> <br \/> Ano, dva dekorativn\u00ed pol\u0161t\u00e1\u0159e v kontrastn\u00ed barv\u011b jsou v cen\u011b a dotv\u00e1\u0159\u00ed celkov\u00fd vzhled.<\/p>\n<p><strong>Jak\u00fd je doporu\u010den\u00fd zp\u016fsob \u010di\u0161t\u011bn\u00ed potahu?<\/strong> <br \/> Textiln\u00ed potah doporu\u010dujeme \u010distit jemn\u00fdm prost\u0159edkem na \u010daloun\u011bn\u00fd n\u00e1bytek a pravideln\u011b vys\u00e1vat.<\/p>\n<p><strong>Hod\u00ed se pohovka i do men\u0161\u00edch prostor?<\/strong> <br \/> Ano, d\u00edky kompaktn\u00edm rozm\u011br\u016fm je vhodn\u00e1 do men\u0161\u00edch byt\u016f, pracoven nebo studentsk\u00fdch pokoj\u016f.<\/p>\n<p><strong>Je mont\u00e1\u017e pohovky slo\u017eit\u00e1?<\/strong> <br \/> Mont\u00e1\u017e je jednoduch\u00e1, sta\u010d\u00ed p\u0159ipevnit no\u017eky a pohovka je p\u0159ipravena k pou\u017eit\u00ed.<\/p>\n<p><strong>Jak je pohovka stabiln\u00ed?<\/strong> <br \/> D\u0159ev\u011bn\u00fd r\u00e1m a pevn\u00e9 no\u017eky zajist\u00ed stabilitu i p\u0159i ka\u017edodenn\u00edm provozu.<\/p>\n<\/section>\n<section data-wtai-block-id=\"wtai_product_description_conclusion\" class=\"wtai-section wtai-conclusion-section\">\n<h2>Shrnut\u00ed a doporu\u010den\u00ed<\/h2>\n<p><strong>\u010cerven\u00e1 modern\u00ed pohovka je origin\u00e1ln\u00ed a funk\u010dn\u00ed dopln\u011bk do ka\u017ed\u00e9 dom\u00e1cnosti nebo kancel\u00e1\u0159e.<\/strong> <strong>Spojuje stylov\u00fd vzhled s pohodl\u00edm a snadnou \u00fadr\u017ebou.<\/strong> <strong>Jej\u00ed univerz\u00e1ln\u00ed vyu\u017eit\u00ed ocen\u00edte jak p\u0159i ka\u017edodenn\u00edm odpo\u010dinku, tak p\u0159i setk\u00e1n\u00ed s p\u0159\u00e1teli.<\/strong> <strong>Dop\u0159ejte si prom\u011bnu interi\u00e9ru a vyberte si sv\u016fj kousek je\u0161t\u011b dnes.<\/strong><\/p>\n<\/section>\n","protected":false},"excerpt":{"rendered":"<div data-wtai-block-id=\"wtai_excerpt_subtitle\" class=\"wtai-section wtai-subtitle-section\">\n<p><em><strong>Stylov\u00fd akcent s n\u00e1dechem pohodl\u00ed pro ka\u017ed\u00fd kout va\u0161eho domova<\/strong><\/em><\/p>\n<\/p><\/div>\n<div data-wtai-block-id=\"wtai_excerpt_introduction\" class=\"wtai-section wtai-introduction-section\">\n<p>N\u011bkdy sta\u010d\u00ed doplnit prostor jedn\u00edm v\u00fdrazn\u00fdm prvkem a atmosf\u00e9ra se okam\u017eit\u011b prom\u011bn\u00ed. Tato pohovka v modern\u00edm \u010derven\u00e9m proveden\u00ed nab\u00edz\u00ed nejen m\u00edsto k odpo\u010dinku, ale z\u00e1rove\u0148 dod\u00e1v\u00e1 ob\u00fdvac\u00edmu pokoji, firemn\u00ed z\u00f3n\u011b nebo recepci sv\u011b\u017e\u00ed, nad\u010dasov\u00fd vzhled. D\u00edky sv\u00e9mu p\u0159\u00edjemn\u00e9mu povrchu a m\u011bkk\u00fdm pol\u0161t\u00e1\u0159\u016fm se st\u00e1v\u00e1 obl\u00edben\u00fdm centrem pro ka\u017ed\u00e9 setk\u00e1n\u00ed i klidn\u00e9 chvilky ve dvou. Dok\u00e1\u017ee elegantn\u011b propojit funk\u010dnost s vizu\u00e1ln\u00edm dojmem a navozen\u00ed pocitu \u00fatulnosti je s n\u00ed samoz\u0159ejmost\u00ed.<\/p>\n<\/p><\/div>\n","protected":false},"featured_media":28496,"comment_status":"open","ping_status":"closed","template":"","meta":[],"product_brand":[],"product_cat":[115],"product_tag":[],"class_list":{"0":"post-35407","1":"product","2":"type-product","3":"status-publish","4":"has-post-thumbnail","6":"product_cat-domov-bydleni","8":"first","9":"instock","10":"shipping-taxable","11":"purchasable","12":"product-type-simple"},"bundled_by":[],"bundle_stock_status":"instock","bundle_stock_quantity":null,"bundle_virtual":false,"bundle_layout":"","bundle_add_to_cart_form_location":"","bundle_editable_in_cart":false,"bundle_sold_individually_context":"","bundle_item_grouping":"","bundle_min_size":"","bundle_max_size":"","bundle_price":[],"bundled_items":[],"bundle_sell_ids":[],"yoast_head":"<!-- This site is optimized with the Yoast SEO plugin v25.2 - https:\/\/yoast.com\/wordpress\/plugins\/seo\/ -->\n<title>Objevte \u010cervenou Modern\u00ed Pohovku s Nad\u010dasov\u00fdm Designem<\/title>\n<meta name=\"description\" content=\"V\u00fdrazn\u00e1 \u010derven\u00e1 pohovka s modern\u00edm profilem a dv\u011bma \u0161ed\u00fdmi pol\u0161t\u00e1\u0159i. Ide\u00e1ln\u00ed do men\u0161\u00edch i v\u011bt\u0161\u00edch prostor, nab\u00edz\u00ed pohodl\u00ed i stylov\u00e9 o\u017eiven\u00ed interi\u00e9ru.\" \/>\n<meta name=\"robots\" content=\"index, follow, max-snippet:-1, max-image-preview:large, max-video-preview:-1\" \/>\n<link rel=\"canonical\" href=\"https:\/\/demostore.ai\/cs\/produkt\/cervena-moderni-pohovka\/\" \/>\n<meta property=\"og:type\" content=\"article\" \/>\n<meta property=\"og:title\" content=\"Objevte \u010cervenou Modern\u00ed Pohovku s Nad\u010dasov\u00fdm Designem\" \/>\n<meta property=\"og:description\" content=\"Nep\u0159ehl\u00e9dnuteln\u00e1 \u010derven\u00e1 pohovka rozjasn\u00ed byt \u010di kancel\u00e1\u0159 modern\u00edm vzhledem i komfortem. L\u00e1tkov\u00fd potah, \u0161ed\u00e9 pol\u0161t\u00e1\u0159e a kompaktn\u00ed rozm\u011bry tvo\u0159\u00ed ide\u00e1ln\u00ed volbu pro ka\u017ed\u00fd interi\u00e9r.\" \/>\n<meta property=\"og:url\" content=\"https:\/\/demostore.ai\/cs\/produkt\/cervena-moderni-pohovka\/\" \/>\n<meta property=\"og:site_name\" content=\"Trendy Thread\" \/>\n<meta property=\"article:modified_time\" content=\"2026-02-19T07:27:54+00:00\" \/>\n<meta property=\"og:image\" content=\"https:\/\/demostore.ai\/wp-content\/uploads\/2025\/06\/Couch-1-1.png\" \/>\n\t<meta property=\"og:image:width\" content=\"1000\" \/>\n\t<meta property=\"og:image:height\" content=\"520\" \/>\n\t<meta property=\"og:image:type\" content=\"image\/png\" \/>\n<meta name=\"twitter:card\" content=\"summary_large_image\" \/>\n<meta name=\"twitter:title\" content=\"Objevte \u010cervenou Modern\u00ed Pohovku s Nad\u010dasov\u00fdm Designem\" \/>\n<meta name=\"twitter:description\" content=\"Nep\u0159ehl\u00e9dnuteln\u00e1 \u010derven\u00e1 pohovka rozjasn\u00ed byt \u010di kancel\u00e1\u0159 modern\u00edm vzhledem i komfortem. L\u00e1tkov\u00fd potah, \u0161ed\u00e9 pol\u0161t\u00e1\u0159e a kompaktn\u00ed rozm\u011bry tvo\u0159\u00ed ide\u00e1ln\u00ed volbu pro ka\u017ed\u00fd interi\u00e9r.\" \/>\n<meta name=\"twitter:label1\" content=\"Odhadovan\u00e1 doba \u010dten\u00ed\" \/>\n\t<meta name=\"twitter:data1\" content=\"1 minuta\" \/>\n<script type=\"application\/ld+json\" class=\"yoast-schema-graph\">{\"@context\":\"https:\/\/schema.org\",\"@graph\":[{\"@type\":\"WebPage\",\"@id\":\"https:\/\/demostore.ai\/cs\/produkt\/cervena-moderni-pohovka\/\",\"url\":\"https:\/\/demostore.ai\/cs\/produkt\/cervena-moderni-pohovka\/\",\"name\":\"Objevte \u010cervenou Modern\u00ed Pohovku s Nad\u010dasov\u00fdm Designem\",\"isPartOf\":{\"@id\":\"https:\/\/demostore.ai\/cs\/#website\"},\"primaryImageOfPage\":{\"@id\":\"https:\/\/demostore.ai\/cs\/produkt\/cervena-moderni-pohovka\/#primaryimage\"},\"image\":{\"@id\":\"https:\/\/demostore.ai\/cs\/produkt\/cervena-moderni-pohovka\/#primaryimage\"},\"thumbnailUrl\":\"https:\/\/demostore.ai\/wp-content\/uploads\/2025\/06\/Couch-1-1.png\",\"datePublished\":\"2025-06-16T01:44:24+00:00\",\"dateModified\":\"2026-02-19T07:27:54+00:00\",\"description\":\"V\u00fdrazn\u00e1 \u010derven\u00e1 pohovka s modern\u00edm profilem a dv\u011bma \u0161ed\u00fdmi pol\u0161t\u00e1\u0159i. Ide\u00e1ln\u00ed do men\u0161\u00edch i v\u011bt\u0161\u00edch prostor, nab\u00edz\u00ed pohodl\u00ed i stylov\u00e9 o\u017eiven\u00ed interi\u00e9ru.\",\"breadcrumb\":{\"@id\":\"https:\/\/demostore.ai\/cs\/produkt\/cervena-moderni-pohovka\/#breadcrumb\"},\"inLanguage\":\"cs\",\"potentialAction\":[{\"@type\":\"ReadAction\",\"target\":[\"https:\/\/demostore.ai\/cs\/produkt\/cervena-moderni-pohovka\/\"]}]},{\"@type\":\"ImageObject\",\"inLanguage\":\"cs\",\"@id\":\"https:\/\/demostore.ai\/cs\/produkt\/cervena-moderni-pohovka\/#primaryimage\",\"url\":\"https:\/\/demostore.ai\/wp-content\/uploads\/2025\/06\/Couch-1-1.png\",\"contentUrl\":\"https:\/\/demostore.ai\/wp-content\/uploads\/2025\/06\/Couch-1-1.png\",\"width\":1000,\"height\":520,\"caption\":\"\u010cerven\u00e1 modern\u00ed pohovka se dv\u011bma \u0161ed\u00fdmi pol\u0161t\u00e1\u0159i, \u010daloun\u011bn\u00ed s jemnou strukturou.\"},{\"@type\":\"BreadcrumbList\",\"@id\":\"https:\/\/demostore.ai\/cs\/produkt\/cervena-moderni-pohovka\/#breadcrumb\",\"itemListElement\":[{\"@type\":\"ListItem\",\"position\":1,\"name\":\"Dom\u016f\",\"item\":\"https:\/\/demostore.ai\/cs\/\"},{\"@type\":\"ListItem\",\"position\":2,\"name\":\"Obchod\",\"item\":\"https:\/\/demostore.ai\/cs\/obchod\/\"},{\"@type\":\"ListItem\",\"position\":3,\"name\":\"\u010cerven\u00e1 Modern\u00ed Pohovka\"}]},{\"@type\":\"WebSite\",\"@id\":\"https:\/\/demostore.ai\/cs\/#website\",\"url\":\"https:\/\/demostore.ai\/cs\/\",\"name\":\"Trendy Thread\",\"description\":\"Demo obchod WriteText.ai\",\"publisher\":{\"@id\":\"https:\/\/demostore.ai\/cs\/#organization\"},\"potentialAction\":[{\"@type\":\"SearchAction\",\"target\":{\"@type\":\"EntryPoint\",\"urlTemplate\":\"https:\/\/demostore.ai\/cs\/?s={search_term_string}\"},\"query-input\":{\"@type\":\"PropertyValueSpecification\",\"valueRequired\":true,\"valueName\":\"search_term_string\"}}],\"inLanguage\":\"cs\"},{\"@type\":\"Organization\",\"@id\":\"https:\/\/demostore.ai\/cs\/#organization\",\"name\":\"WriteText.ai\",\"url\":\"https:\/\/demostore.ai\/cs\/\",\"logo\":{\"@type\":\"ImageObject\",\"inLanguage\":\"cs\",\"@id\":\"https:\/\/demostore.ai\/cs\/#\/schema\/logo\/image\/\",\"url\":\"https:\/\/demostore.ai\/wp-content\/uploads\/2025\/10\/writetext_logo.webp\",\"contentUrl\":\"https:\/\/demostore.ai\/wp-content\/uploads\/2025\/10\/writetext_logo.webp\",\"width\":200,\"height\":34,\"caption\":\"WriteText.ai\"},\"image\":{\"@id\":\"https:\/\/demostore.ai\/cs\/#\/schema\/logo\/image\/\"}}]}<\/script>\n<!-- \/ Yoast SEO plugin. -->","yoast_head_json":{"title":"Objevte \u010cervenou Modern\u00ed Pohovku s Nad\u010dasov\u00fdm Designem","description":"V\u00fdrazn\u00e1 \u010derven\u00e1 pohovka s modern\u00edm profilem a dv\u011bma \u0161ed\u00fdmi pol\u0161t\u00e1\u0159i. Ide\u00e1ln\u00ed do men\u0161\u00edch i v\u011bt\u0161\u00edch prostor, nab\u00edz\u00ed pohodl\u00ed i stylov\u00e9 o\u017eiven\u00ed interi\u00e9ru.","robots":{"index":"index","follow":"follow","max-snippet":"max-snippet:-1","max-image-preview":"max-image-preview:large","max-video-preview":"max-video-preview:-1"},"canonical":"https:\/\/demostore.ai\/cs\/produkt\/cervena-moderni-pohovka\/","og_type":"article","og_title":"Objevte \u010cervenou Modern\u00ed Pohovku s Nad\u010dasov\u00fdm Designem","og_description":"Nep\u0159ehl\u00e9dnuteln\u00e1 \u010derven\u00e1 pohovka rozjasn\u00ed byt \u010di kancel\u00e1\u0159 modern\u00edm vzhledem i komfortem. L\u00e1tkov\u00fd potah, \u0161ed\u00e9 pol\u0161t\u00e1\u0159e a kompaktn\u00ed rozm\u011bry tvo\u0159\u00ed ide\u00e1ln\u00ed volbu pro ka\u017ed\u00fd interi\u00e9r.","og_url":"https:\/\/demostore.ai\/cs\/produkt\/cervena-moderni-pohovka\/","og_site_name":"Trendy Thread","article_modified_time":"2026-02-19T07:27:54+00:00","og_image":[{"width":1000,"height":520,"url":"https:\/\/demostore.ai\/wp-content\/uploads\/2025\/06\/Couch-1-1.png","type":"image\/png"}],"twitter_card":"summary_large_image","twitter_title":"Objevte \u010cervenou Modern\u00ed Pohovku s Nad\u010dasov\u00fdm Designem","twitter_description":"Nep\u0159ehl\u00e9dnuteln\u00e1 \u010derven\u00e1 pohovka rozjasn\u00ed byt \u010di kancel\u00e1\u0159 modern\u00edm vzhledem i komfortem. L\u00e1tkov\u00fd potah, \u0161ed\u00e9 pol\u0161t\u00e1\u0159e a kompaktn\u00ed rozm\u011bry tvo\u0159\u00ed ide\u00e1ln\u00ed volbu pro ka\u017ed\u00fd interi\u00e9r.","twitter_misc":{"Odhadovan\u00e1 doba \u010dten\u00ed":"1 minuta"},"schema":{"@context":"https:\/\/schema.org","@graph":[{"@type":"WebPage","@id":"https:\/\/demostore.ai\/cs\/produkt\/cervena-moderni-pohovka\/","url":"https:\/\/demostore.ai\/cs\/produkt\/cervena-moderni-pohovka\/","name":"Objevte \u010cervenou Modern\u00ed Pohovku s Nad\u010dasov\u00fdm Designem","isPartOf":{"@id":"https:\/\/demostore.ai\/cs\/#website"},"primaryImageOfPage":{"@id":"https:\/\/demostore.ai\/cs\/produkt\/cervena-moderni-pohovka\/#primaryimage"},"image":{"@id":"https:\/\/demostore.ai\/cs\/produkt\/cervena-moderni-pohovka\/#primaryimage"},"thumbnailUrl":"https:\/\/demostore.ai\/wp-content\/uploads\/2025\/06\/Couch-1-1.png","datePublished":"2025-06-16T01:44:24+00:00","dateModified":"2026-02-19T07:27:54+00:00","description":"V\u00fdrazn\u00e1 \u010derven\u00e1 pohovka s modern\u00edm profilem a dv\u011bma \u0161ed\u00fdmi pol\u0161t\u00e1\u0159i. Ide\u00e1ln\u00ed do men\u0161\u00edch i v\u011bt\u0161\u00edch prostor, nab\u00edz\u00ed pohodl\u00ed i stylov\u00e9 o\u017eiven\u00ed interi\u00e9ru.","breadcrumb":{"@id":"https:\/\/demostore.ai\/cs\/produkt\/cervena-moderni-pohovka\/#breadcrumb"},"inLanguage":"cs","potentialAction":[{"@type":"ReadAction","target":["https:\/\/demostore.ai\/cs\/produkt\/cervena-moderni-pohovka\/"]}]},{"@type":"ImageObject","inLanguage":"cs","@id":"https:\/\/demostore.ai\/cs\/produkt\/cervena-moderni-pohovka\/#primaryimage","url":"https:\/\/demostore.ai\/wp-content\/uploads\/2025\/06\/Couch-1-1.png","contentUrl":"https:\/\/demostore.ai\/wp-content\/uploads\/2025\/06\/Couch-1-1.png","width":1000,"height":520,"caption":"\u010cerven\u00e1 modern\u00ed pohovka se dv\u011bma \u0161ed\u00fdmi pol\u0161t\u00e1\u0159i, \u010daloun\u011bn\u00ed s jemnou strukturou."},{"@type":"BreadcrumbList","@id":"https:\/\/demostore.ai\/cs\/produkt\/cervena-moderni-pohovka\/#breadcrumb","itemListElement":[{"@type":"ListItem","position":1,"name":"Dom\u016f","item":"https:\/\/demostore.ai\/cs\/"},{"@type":"ListItem","position":2,"name":"Obchod","item":"https:\/\/demostore.ai\/cs\/obchod\/"},{"@type":"ListItem","position":3,"name":"\u010cerven\u00e1 Modern\u00ed Pohovka"}]},{"@type":"WebSite","@id":"https:\/\/demostore.ai\/cs\/#website","url":"https:\/\/demostore.ai\/cs\/","name":"Trendy Thread","description":"Demo obchod WriteText.ai","publisher":{"@id":"https:\/\/demostore.ai\/cs\/#organization"},"potentialAction":[{"@type":"SearchAction","target":{"@type":"EntryPoint","urlTemplate":"https:\/\/demostore.ai\/cs\/?s={search_term_string}"},"query-input":{"@type":"PropertyValueSpecification","valueRequired":true,"valueName":"search_term_string"}}],"inLanguage":"cs"},{"@type":"Organization","@id":"https:\/\/demostore.ai\/cs\/#organization","name":"WriteText.ai","url":"https:\/\/demostore.ai\/cs\/","logo":{"@type":"ImageObject","inLanguage":"cs","@id":"https:\/\/demostore.ai\/cs\/#\/schema\/logo\/image\/","url":"https:\/\/demostore.ai\/wp-content\/uploads\/2025\/10\/writetext_logo.webp","contentUrl":"https:\/\/demostore.ai\/wp-content\/uploads\/2025\/10\/writetext_logo.webp","width":200,"height":34,"caption":"WriteText.ai"},"image":{"@id":"https:\/\/demostore.ai\/cs\/#\/schema\/logo\/image\/"}}]}},"_links":{"self":[{"href":"https:\/\/demostore.ai\/cs\/wp-json\/wp\/v2\/product\/35407","targetHints":{"allow":["GET"]}}],"collection":[{"href":"https:\/\/demostore.ai\/cs\/wp-json\/wp\/v2\/product"}],"about":[{"href":"https:\/\/demostore.ai\/cs\/wp-json\/wp\/v2\/types\/product"}],"replies":[{"embeddable":true,"href":"https:\/\/demostore.ai\/cs\/wp-json\/wp\/v2\/comments?post=35407"}],"wp:featuredmedia":[{"embeddable":true,"href":"https:\/\/demostore.ai\/cs\/wp-json\/wp\/v2\/media\/28496"}],"wp:attachment":[{"href":"https:\/\/demostore.ai\/cs\/wp-json\/wp\/v2\/media?parent=35407"}],"wp:term":[{"taxonomy":"product_brand","embeddable":true,"href":"https:\/\/demostore.ai\/cs\/wp-json\/wp\/v2\/product_brand?post=35407"},{"taxonomy":"product_cat","embeddable":true,"href":"https:\/\/demostore.ai\/cs\/wp-json\/wp\/v2\/product_cat?post=35407"},{"taxonomy":"product_tag","embeddable":true,"href":"https:\/\/demostore.ai\/cs\/wp-json\/wp\/v2\/product_tag?post=35407"}],"curies":[{"name":"wp","href":"https:\/\/api.w.org\/{rel}","templated":true}]}}