{"id":35374,"date":"2025-06-13T08:55:56","date_gmt":"2025-06-13T00:55:56","guid":{"rendered":"https:\/\/demostore.ai\/?post_type=product&#038;p=35374"},"modified":"2026-02-19T16:05:01","modified_gmt":"2026-02-19T08:05:01","slug":"dazzle-me-get-a-grip-fixacni-sprej-na-make-up","status":"publish","type":"product","link":"https:\/\/demostore.ai\/cs\/produkt\/dazzle-me-get-a-grip-fixacni-sprej-na-make-up\/","title":{"rendered":"Dazzle Me Get a Grip! Fixa\u010dn\u00ed Sprej na Make-Up"},"content":{"rendered":"<section data-wtai-block-id=\"wtai_product_description_features\" class=\"wtai-section wtai-features-section\">\n<h2>Hlavn\u00ed p\u0159ednosti<\/h2>\n<ul>\n<li><strong>Dlouhodob\u00e1 fixace make-upu<\/strong> \u2013 Udr\u017euje dokonale sv\u011b\u017e\u00ed vzhled a\u017e 24 hodin.<\/li>\n<li><strong>Z\u00e1\u0159iv\u00fd, sv\u011b\u017e\u00ed fini\u0161<\/strong> \u2013 Prop\u016fj\u010d\u00ed pleti p\u0159irozen\u00fd \u201edewy\u201c efekt bez nep\u0159\u00edjemn\u00e9ho lesku.<\/li>\n<li><strong>Hydrata\u010dn\u00ed slo\u017een\u00ed<\/strong> \u2013 Zaji\u0161\u0165uje okam\u017eitou a viditelnou hydrataci po cel\u00fd den.<\/li>\n<li><strong>Odolnost proti vod\u011b a rozmaz\u00e1n\u00ed<\/strong> \u2013 Chr\u00e1n\u00ed make-up p\u0159ed potem, de\u0161t\u011bm i doteky.<\/li>\n<li><strong>Vhodn\u00e9 pro v\u0161echny typy pleti<\/strong> \u2013 Lehk\u00e1 bezalkoholov\u00e1 mlha nezat\u011b\u017euje ani citlivou ple\u0165.<\/li>\n<li><strong>Snadn\u00e1 aplikace<\/strong> \u2013 Jemn\u00fd rozpra\u0161ova\u010d zaji\u0161\u0165uje rovnom\u011brn\u00e9 a rychl\u00e9 pou\u017eit\u00ed.<\/li>\n<li><strong>Modern\u00ed design<\/strong> \u2013 V\u00fdrazn\u00fd zeleno-fialov\u00fd obal se pohodln\u011b vejde do kabelky.<\/li>\n<li><strong>Slo\u017eky podporuj\u00edc\u00ed vyv\u00e1\u017een\u00ed pleti<\/strong> \u2013 Pom\u00e1haj\u00ed udr\u017eet rovnov\u00e1hu vlhkosti a kontrolu mazu.<\/li>\n<\/ul>\n<\/section>\n<div data-wtai-block-id=\"wtai_product_description_image_1753694499291\" class=\"wtai-section wtai-image_1753694499291-section\">\n<figure class=\"wtai-image-p wtai-align-center\" style=\"text-align:center\"><img decoding=\"async\" src=\"https:\/\/demostore.ai\/wp-content\/uploads\/2025\/06\/Setting-Spray-4-scaled-1-600x600.png\" alt=\"Fixa\u010dn\u00ed sprej na make-up Dazzle Me Get a Grip! v zelen\u00e9 lahvi\u010dce vedle dvou zelen\u00fdch list\u016f.\" srcset=\"https:\/\/demostore.ai\/wp-content\/uploads\/2025\/06\/Setting-Spray-4-scaled-1.png 1000w, https:\/\/demostore.ai\/wp-content\/uploads\/2025\/06\/Setting-Spray-4-scaled-1-300x300.png 300w, https:\/\/demostore.ai\/wp-content\/uploads\/2025\/06\/Setting-Spray-4-scaled-1-150x150.png 150w, https:\/\/demostore.ai\/wp-content\/uploads\/2025\/06\/Setting-Spray-4-scaled-1-768x768.png 768w, https:\/\/demostore.ai\/wp-content\/uploads\/2025\/06\/Setting-Spray-4-scaled-1-600x600.png 600w, https:\/\/demostore.ai\/wp-content\/uploads\/2025\/06\/Setting-Spray-4-scaled-1-250x250.png 250w\"><figcaption>\n<p>Sv\u011b\u017e\u00ed zelen\u00fd obal s v\u00fdrazn\u00fdm n\u00e1pisem hned zaujme a p\u016fsob\u00ed trendy i energicky.<\/p>\n<\/figcaption><\/figure>\n<\/p><\/div>\n<section data-wtai-block-id=\"wtai_product_description_benefits\" class=\"wtai-section wtai-benefits-section\">\n<h2>Pro\u010d si ho zamilujete<\/h2>\n<ul>\n<li>V\u00e1\u0161 make-up bude vypadat \u010derstv\u011b i na konci dne.<\/li>\n<li>Dop\u0159eje pleti p\u0159irozen\u00fd z\u00e1\u0159iv\u00fd lesk bez pocitu mastnoty.<\/li>\n<li>Snadno zvl\u00e1dne rychl\u00e9 \u00fapravy kdekoliv b\u011bhem dne.<\/li>\n<li>Ochr\u00e1n\u00ed make-up p\u0159ed rozmaz\u00e1n\u00edm a sl\u00e9v\u00e1n\u00edm.<\/li>\n<li>Zvy\u0161uje pocit sebev\u011bdom\u00ed d\u00edky bezchybn\u00e9mu vzhledu.<\/li>\n<\/ul>\n<\/section>\n<section data-wtai-block-id=\"wtai_product_description_use_cases\" class=\"wtai-section wtai-use_cases-section\">\n<h3>Jak za\u010dlenit do sv\u00e9 rutiny<\/h3>\n<ol>\n<li>Naneste po dokon\u010den\u00ed make-upu pro zafixov\u00e1n\u00ed a rozjasn\u011bn\u00ed.<\/li>\n<li>Pou\u017e\u00edvejte r\u00e1no, abyste cel\u00fd den z\u00e1\u0159ili a c\u00edtili se sv\u011b\u017ee.<\/li>\n<li>Vhodn\u00e9 i pro ve\u010dern\u00ed look, aby dr\u017eel a\u017e do posledn\u00edho kroku.<\/li>\n<li>Pro osv\u011b\u017een\u00ed make-upu b\u011bhem dne jednodu\u0161e p\u0159est\u0159\u00edkn\u011bte.<\/li>\n<li>Ide\u00e1ln\u00ed v obdob\u00edch such\u00e9ho po\u010das\u00ed pro extra hydrataci.<\/li>\n<li>Vrstva lze aplikovat bez strachu z t\u011b\u017ek\u00e9ho pocitu na pleti.<\/li>\n<li>Perfektn\u00ed na cestov\u00e1n\u00ed d\u00edky kompaktn\u00ed velikosti balen\u00ed.<\/li>\n<li>Bez obav pou\u017eijte i na citlivou nebo sm\u00ed\u0161enou ple\u0165.<\/li>\n<\/ol>\n<\/section>\n<section data-wtai-block-id=\"wtai_product_description_technical_specifications\" class=\"wtai-section wtai-technical_specifications-section\">\n<h3>Detaily<\/h3>\n<ul>\n<li><strong>Objem:<\/strong> 60 ml<\/li>\n<li><strong>Fini\u0161:<\/strong> Z\u00e1\u0159iv\u00fd (Dewy)<\/li>\n<li><strong>Ur\u010den\u00e9 pou\u017eit\u00ed:<\/strong> Fixace make-upu, hydratace<\/li>\n<li><strong>Odst\u00edn balen\u00ed:<\/strong> Sv\u011btle zelen\u00fd s fialov\u00fdmi detaily<\/li>\n<\/ul>\n<\/section>\n<section data-wtai-block-id=\"wtai_product_description_custom_1753167803027\" class=\"wtai-section wtai-custom_1753167803027-section\">\n<h2>Pro jak\u00e9 typy pleti a pot\u0159eby je fixa\u010dn\u00ed sprej vhodn\u00fd<\/h2>\n<ul>\n<li><strong>Ztr\u00e1ta sv\u011b\u017eesti<\/strong> \u2013 prodlu\u017euje sv\u011b\u017e\u00ed vzhled make-upu b\u011bhem dne.<\/li>\n<li><strong>Necht\u011bn\u00fd lesk<\/strong> \u2013 zmat\u0148uje ple\u0165 a omezuje pocit mastnoty.<\/li>\n<li><strong>Blednut\u00ed l\u00ed\u010den\u00ed<\/strong> \u2013 chr\u00e1n\u00ed make-up p\u0159ed rozmaz\u00e1n\u00edm a sl\u00e1bnut\u00edm.<\/li>\n<li><strong>Such\u00e1 poko\u017eka<\/strong> \u2013 jemn\u00e1 mlha p\u0159id\u00e1v\u00e1 hydrataci bez zat\u00ed\u017een\u00ed.<\/li>\n<li><strong>Mastn\u00e1 ple\u0165<\/strong> \u2013 fixuje make-up i p\u0159i zv\u00fd\u0161en\u00e9 tvorb\u011b mazu.<\/li>\n<li><strong>Sm\u00ed\u0161en\u00e1 ple\u0165<\/strong> \u2013 sjednocuje such\u00e1 a mastn\u00e1 m\u00edsta pro perfektn\u00ed v\u00fdsledek.<\/li>\n<\/ul>\n<\/section>\n<section data-wtai-block-id=\"wtai_product_description_custom_1754200971412\" class=\"wtai-section wtai-custom_1754200971412-section\">\n<h2>Slo\u017een\u00ed produktu Dazzle Me Get a Grip! Fixa\u010dn\u00ed Sprej na Make-Up<\/h2>\n<p>Aqua, Propanediol, AMP-Acrylates\/Allyl Methacrylate Copolymer, Butylene Glycol, Hydroxyacetophenone, Rosa Damascena Flower Water, Caprylhydroxamic Acid, PEG-40 Hydrogenated Castor Oil, Phenoxyethanol, Trehalose, Parfum, Hyaluronic Acid, Squalane, Centella Asiatica Extract.<\/p>\n<\/section>\n<section data-wtai-block-id=\"wtai_product_description_faqs\" class=\"wtai-section wtai-faqs-section\">\n<h2>\u010casto kladen\u00e9 dotazy<\/h2>\n<p><strong>Je sprej vhodn\u00fd i pro citlivou ple\u0165?<\/strong> <br \/> Ano, lehk\u00e9 slo\u017een\u00ed je bez alkoholu a nedr\u00e1\u017ed\u00ed ani citlivou poko\u017eku.<\/p>\n<p><strong>Lze pou\u017e\u00edvat s jin\u00fdmi produkty na ple\u0165?<\/strong> <br \/> Ano, m\u016f\u017eete jej bezpe\u010dn\u011b kombinovat se sv\u00fdmi obl\u00edben\u00fdmi produkty, v\u010detn\u011b SPF a l\u00ed\u010den\u00ed.<\/p>\n<p><strong>Jak dlouho vydr\u017e\u00ed make-up s t\u00edmto sprejem?<\/strong> <br \/> Make-up z\u016fst\u00e1v\u00e1 sv\u011b\u017e\u00ed a fixovan\u00fd a\u017e 24 hodin podle b\u011b\u017en\u00e9ho denn\u00edho re\u017eimu.<\/p>\n<p><strong>Jak sprej spr\u00e1vn\u011b skladovat?<\/strong> <br \/> Uchov\u00e1vejte na such\u00e9m m\u00edst\u011b mimo p\u0159\u00edm\u00e9 slunce a extr\u00e9mn\u00ed teploty.<\/p>\n<p><strong>Za jak dlouho uvid\u00edm efekt po aplikaci?<\/strong> <br \/> Efekt je viditeln\u00fd ihned po pou\u017eit\u00ed \u2013 ple\u0165 je rozjasn\u011bn\u00e1 a make-up fixovan\u00fd.<\/p>\n<\/section>\n<section data-wtai-block-id=\"wtai_product_description_conclusion\" class=\"wtai-section wtai-conclusion-section\">\n<h2>Objevte sv\u016fj nov\u00fd must-have<\/h2>\n<p><em><strong>Dazzle Me Get a Grip! posouv\u00e1 va\u0161i make-up rutinu na vy\u0161\u0161\u00ed \u00farove\u0148 a zaji\u0161\u0165uje bezchybn\u00fd vzhled po cel\u00fd den.<\/strong><\/em> <em><strong>Dop\u0159ejte si jistotu i z\u00e1\u0159ivou ple\u0165 v\u017edy, kdy\u017e to nejv\u00edc pot\u0159ebujete.<\/strong><\/em> <em><strong>Nev\u00e1hejte \u2013 z\u00e1\u0159iv\u00fd v\u00fdsledn\u00fd efekt \u010dek\u00e1 pr\u00e1v\u011b na v\u00e1s u\u017e dnes.<\/strong><\/em><\/p>\n<\/section>\n","protected":false},"excerpt":{"rendered":"<div data-wtai-block-id=\"wtai_excerpt_subtitle\" class=\"wtai-section wtai-subtitle-section\">\n<p><em><strong>24hodinov\u00e1 sv\u011b\u017eest a z\u00e1\u0159iv\u00e1 ple\u0165, kter\u00e1 vydr\u017e\u00ed cel\u00fd den.<\/strong><\/em><\/p>\n<\/p><\/div>\n<div data-wtai-block-id=\"wtai_excerpt_introduction\" class=\"wtai-section wtai-introduction-section\">\n<p>Nechte svou ple\u0165 zaz\u00e1\u0159it a u\u017eijte si pocit lehkosti s fixa\u010dn\u00edm sprejem, kter\u00fd prom\u011b\u0148uje klasickou rutinu v okam\u017eik sebev\u011bdom\u00ed a radosti. Dazzle Me Get a Grip! Fixa\u010dn\u00ed sprej na make-up Dewy Fix je navr\u017een pro \u017eeny, kter\u00e9 cht\u011bj\u00ed v\u00edce ne\u017e jen v\u00fddr\u017e l\u00ed\u010den\u00ed \u2013 tou\u017e\u00ed po hydratovan\u00e9m vzhledu a p\u0159irozen\u00e9 z\u00e1\u0159i, kter\u00e1 osln\u00ed p\u0159i ka\u017ed\u00e9 p\u0159\u00edle\u017eitosti. Jemn\u00e1 mlha zahal\u00ed va\u0161i tv\u00e1\u0159, zajist\u00ed sv\u011b\u017e\u00ed efekt bez pocitu t\u011b\u017ekosti a podpo\u0159\u00ed pocit p\u00e9\u010de o sebe samu, a\u0165 u\u017e v\u00e1s \u010dek\u00e1 n\u00e1ro\u010dn\u00fd den v pr\u00e1ci, akce s p\u0159\u00e1teli nebo ve\u010dern\u00ed chv\u00edle pro sebe. Viditeln\u011b sjednocen\u00e1 a hladk\u00e1 ple\u0165 v\u00e1s bude prov\u00e1zet od r\u00e1na a\u017e do noci.<\/p>\n<\/p><\/div>\n","protected":false},"featured_media":17143,"comment_status":"open","ping_status":"closed","template":"","meta":[],"product_brand":[],"product_cat":[198],"product_tag":[],"class_list":{"0":"post-35374","1":"product","2":"type-product","3":"status-publish","4":"has-post-thumbnail","6":"product_cat-krasa-wellness","8":"first","9":"instock","10":"shipping-taxable","11":"purchasable","12":"product-type-simple"},"bundled_by":[],"bundle_stock_status":"instock","bundle_stock_quantity":null,"bundle_virtual":false,"bundle_layout":"","bundle_add_to_cart_form_location":"","bundle_editable_in_cart":false,"bundle_sold_individually_context":"","bundle_item_grouping":"","bundle_min_size":"","bundle_max_size":"","bundle_price":[],"bundled_items":[],"bundle_sell_ids":[],"yoast_head":"<!-- This site is optimized with the Yoast SEO plugin v25.2 - https:\/\/yoast.com\/wordpress\/plugins\/seo\/ -->\n<title>Get Dazzle Me Get a Grip Fixacni Sprej na Make Up Dewy Fix Pro Z\u00e1\u0159iv\u00fd Vzhled<\/title>\n<meta name=\"description\" content=\"Nad\u010dasov\u00fd fixa\u010dn\u00ed sprej na make-up, kter\u00fd zaji\u0161\u0165uje z\u00e1\u0159iv\u00fd fini\u0161, a\u017e 24hodinovou v\u00fddr\u017e a ochranu proti vod\u011b. Hydratuje a dod\u00e1v\u00e1 pleti sv\u011b\u017eest.\" \/>\n<meta name=\"robots\" content=\"index, follow, max-snippet:-1, max-image-preview:large, max-video-preview:-1\" \/>\n<link rel=\"canonical\" href=\"https:\/\/demostore.ai\/cs\/produkt\/dazzle-me-get-a-grip-fixacni-sprej-na-make-up\/\" \/>\n<meta property=\"og:type\" content=\"article\" \/>\n<meta property=\"og:title\" content=\"Get Dazzle Me Get a Grip Fixacni Sprej na Make Up Dewy Fix Pro Z\u00e1\u0159iv\u00fd Vzhled\" \/>\n<meta property=\"og:description\" content=\"Modern\u00ed fixa\u010dn\u00ed sprej Dazzle Me Get a Grip! Dewy Fix uzamkne v\u00e1\u0161 make-up, zv\u00fdrazn\u00ed p\u0159irozen\u00fd jas a poskytne a\u017e 24 hodin hydratace i ochrany proti rozmaz\u00e1n\u00ed.\" \/>\n<meta property=\"og:url\" content=\"https:\/\/demostore.ai\/cs\/produkt\/dazzle-me-get-a-grip-fixacni-sprej-na-make-up\/\" \/>\n<meta property=\"og:site_name\" content=\"Trendy Thread\" \/>\n<meta property=\"article:modified_time\" content=\"2026-02-19T08:05:01+00:00\" \/>\n<meta property=\"og:image\" content=\"https:\/\/demostore.ai\/wp-content\/uploads\/2025\/06\/Setting-Spray-1-scaled-1.png\" \/>\n\t<meta property=\"og:image:width\" content=\"349\" \/>\n\t<meta property=\"og:image:height\" content=\"1000\" \/>\n\t<meta property=\"og:image:type\" content=\"image\/png\" \/>\n<meta name=\"twitter:card\" content=\"summary_large_image\" \/>\n<meta name=\"twitter:title\" content=\"Get Dazzle Me Get a Grip Fixacni Sprej na Make Up Dewy Fix Pro Z\u00e1\u0159iv\u00fd Vzhled\" \/>\n<meta name=\"twitter:description\" content=\"Modern\u00ed fixa\u010dn\u00ed sprej Dazzle Me Get a Grip! Dewy Fix uzamkne v\u00e1\u0161 make-up, zv\u00fdrazn\u00ed p\u0159irozen\u00fd jas a poskytne a\u017e 24 hodin hydratace i ochrany proti rozmaz\u00e1n\u00ed.\" \/>\n<meta name=\"twitter:label1\" content=\"Odhadovan\u00e1 doba \u010dten\u00ed\" \/>\n\t<meta name=\"twitter:data1\" content=\"1 minuta\" \/>\n<script type=\"application\/ld+json\" class=\"yoast-schema-graph\">{\"@context\":\"https:\/\/schema.org\",\"@graph\":[{\"@type\":\"WebPage\",\"@id\":\"https:\/\/demostore.ai\/cs\/produkt\/dazzle-me-get-a-grip-fixacni-sprej-na-make-up\/\",\"url\":\"https:\/\/demostore.ai\/cs\/produkt\/dazzle-me-get-a-grip-fixacni-sprej-na-make-up\/\",\"name\":\"Get Dazzle Me Get a Grip Fixacni Sprej na Make Up Dewy Fix Pro Z\u00e1\u0159iv\u00fd Vzhled\",\"isPartOf\":{\"@id\":\"https:\/\/demostore.ai\/cs\/#website\"},\"primaryImageOfPage\":{\"@id\":\"https:\/\/demostore.ai\/cs\/produkt\/dazzle-me-get-a-grip-fixacni-sprej-na-make-up\/#primaryimage\"},\"image\":{\"@id\":\"https:\/\/demostore.ai\/cs\/produkt\/dazzle-me-get-a-grip-fixacni-sprej-na-make-up\/#primaryimage\"},\"thumbnailUrl\":\"https:\/\/demostore.ai\/wp-content\/uploads\/2025\/06\/Setting-Spray-1-scaled-1.png\",\"datePublished\":\"2025-06-13T00:55:56+00:00\",\"dateModified\":\"2026-02-19T08:05:01+00:00\",\"description\":\"Nad\u010dasov\u00fd fixa\u010dn\u00ed sprej na make-up, kter\u00fd zaji\u0161\u0165uje z\u00e1\u0159iv\u00fd fini\u0161, a\u017e 24hodinovou v\u00fddr\u017e a ochranu proti vod\u011b. Hydratuje a dod\u00e1v\u00e1 pleti sv\u011b\u017eest.\",\"breadcrumb\":{\"@id\":\"https:\/\/demostore.ai\/cs\/produkt\/dazzle-me-get-a-grip-fixacni-sprej-na-make-up\/#breadcrumb\"},\"inLanguage\":\"cs\",\"potentialAction\":[{\"@type\":\"ReadAction\",\"target\":[\"https:\/\/demostore.ai\/cs\/produkt\/dazzle-me-get-a-grip-fixacni-sprej-na-make-up\/\"]}]},{\"@type\":\"ImageObject\",\"inLanguage\":\"cs\",\"@id\":\"https:\/\/demostore.ai\/cs\/produkt\/dazzle-me-get-a-grip-fixacni-sprej-na-make-up\/#primaryimage\",\"url\":\"https:\/\/demostore.ai\/wp-content\/uploads\/2025\/06\/Setting-Spray-1-scaled-1.png\",\"contentUrl\":\"https:\/\/demostore.ai\/wp-content\/uploads\/2025\/06\/Setting-Spray-1-scaled-1.png\",\"width\":349,\"height\":1000,\"caption\":\"Fixa\u010dn\u00ed sprej na make-up Dazzle Me Get a Grip! Dewy Fix ve fialovo-zelen\u00e9m balen\u00ed, 60 ml.\"},{\"@type\":\"BreadcrumbList\",\"@id\":\"https:\/\/demostore.ai\/cs\/produkt\/dazzle-me-get-a-grip-fixacni-sprej-na-make-up\/#breadcrumb\",\"itemListElement\":[{\"@type\":\"ListItem\",\"position\":1,\"name\":\"Dom\u016f\",\"item\":\"https:\/\/demostore.ai\/cs\/\"},{\"@type\":\"ListItem\",\"position\":2,\"name\":\"Obchod\",\"item\":\"https:\/\/demostore.ai\/cs\/obchod\/\"},{\"@type\":\"ListItem\",\"position\":3,\"name\":\"Dazzle Me Get a Grip! Fixa\u010dn\u00ed Sprej na Make-Up\"}]},{\"@type\":\"WebSite\",\"@id\":\"https:\/\/demostore.ai\/cs\/#website\",\"url\":\"https:\/\/demostore.ai\/cs\/\",\"name\":\"Trendy Thread\",\"description\":\"Demo obchod WriteText.ai\",\"publisher\":{\"@id\":\"https:\/\/demostore.ai\/cs\/#organization\"},\"potentialAction\":[{\"@type\":\"SearchAction\",\"target\":{\"@type\":\"EntryPoint\",\"urlTemplate\":\"https:\/\/demostore.ai\/cs\/?s={search_term_string}\"},\"query-input\":{\"@type\":\"PropertyValueSpecification\",\"valueRequired\":true,\"valueName\":\"search_term_string\"}}],\"inLanguage\":\"cs\"},{\"@type\":\"Organization\",\"@id\":\"https:\/\/demostore.ai\/cs\/#organization\",\"name\":\"WriteText.ai\",\"url\":\"https:\/\/demostore.ai\/cs\/\",\"logo\":{\"@type\":\"ImageObject\",\"inLanguage\":\"cs\",\"@id\":\"https:\/\/demostore.ai\/cs\/#\/schema\/logo\/image\/\",\"url\":\"https:\/\/demostore.ai\/wp-content\/uploads\/2025\/10\/writetext_logo.webp\",\"contentUrl\":\"https:\/\/demostore.ai\/wp-content\/uploads\/2025\/10\/writetext_logo.webp\",\"width\":200,\"height\":34,\"caption\":\"WriteText.ai\"},\"image\":{\"@id\":\"https:\/\/demostore.ai\/cs\/#\/schema\/logo\/image\/\"}}]}<\/script>\n<!-- \/ Yoast SEO plugin. -->","yoast_head_json":{"title":"Get Dazzle Me Get a Grip Fixacni Sprej na Make Up Dewy Fix Pro Z\u00e1\u0159iv\u00fd Vzhled","description":"Nad\u010dasov\u00fd fixa\u010dn\u00ed sprej na make-up, kter\u00fd zaji\u0161\u0165uje z\u00e1\u0159iv\u00fd fini\u0161, a\u017e 24hodinovou v\u00fddr\u017e a ochranu proti vod\u011b. Hydratuje a dod\u00e1v\u00e1 pleti sv\u011b\u017eest.","robots":{"index":"index","follow":"follow","max-snippet":"max-snippet:-1","max-image-preview":"max-image-preview:large","max-video-preview":"max-video-preview:-1"},"canonical":"https:\/\/demostore.ai\/cs\/produkt\/dazzle-me-get-a-grip-fixacni-sprej-na-make-up\/","og_type":"article","og_title":"Get Dazzle Me Get a Grip Fixacni Sprej na Make Up Dewy Fix Pro Z\u00e1\u0159iv\u00fd Vzhled","og_description":"Modern\u00ed fixa\u010dn\u00ed sprej Dazzle Me Get a Grip! Dewy Fix uzamkne v\u00e1\u0161 make-up, zv\u00fdrazn\u00ed p\u0159irozen\u00fd jas a poskytne a\u017e 24 hodin hydratace i ochrany proti rozmaz\u00e1n\u00ed.","og_url":"https:\/\/demostore.ai\/cs\/produkt\/dazzle-me-get-a-grip-fixacni-sprej-na-make-up\/","og_site_name":"Trendy Thread","article_modified_time":"2026-02-19T08:05:01+00:00","og_image":[{"width":349,"height":1000,"url":"https:\/\/demostore.ai\/wp-content\/uploads\/2025\/06\/Setting-Spray-1-scaled-1.png","type":"image\/png"}],"twitter_card":"summary_large_image","twitter_title":"Get Dazzle Me Get a Grip Fixacni Sprej na Make Up Dewy Fix Pro Z\u00e1\u0159iv\u00fd Vzhled","twitter_description":"Modern\u00ed fixa\u010dn\u00ed sprej Dazzle Me Get a Grip! Dewy Fix uzamkne v\u00e1\u0161 make-up, zv\u00fdrazn\u00ed p\u0159irozen\u00fd jas a poskytne a\u017e 24 hodin hydratace i ochrany proti rozmaz\u00e1n\u00ed.","twitter_misc":{"Odhadovan\u00e1 doba \u010dten\u00ed":"1 minuta"},"schema":{"@context":"https:\/\/schema.org","@graph":[{"@type":"WebPage","@id":"https:\/\/demostore.ai\/cs\/produkt\/dazzle-me-get-a-grip-fixacni-sprej-na-make-up\/","url":"https:\/\/demostore.ai\/cs\/produkt\/dazzle-me-get-a-grip-fixacni-sprej-na-make-up\/","name":"Get Dazzle Me Get a Grip Fixacni Sprej na Make Up Dewy Fix Pro Z\u00e1\u0159iv\u00fd Vzhled","isPartOf":{"@id":"https:\/\/demostore.ai\/cs\/#website"},"primaryImageOfPage":{"@id":"https:\/\/demostore.ai\/cs\/produkt\/dazzle-me-get-a-grip-fixacni-sprej-na-make-up\/#primaryimage"},"image":{"@id":"https:\/\/demostore.ai\/cs\/produkt\/dazzle-me-get-a-grip-fixacni-sprej-na-make-up\/#primaryimage"},"thumbnailUrl":"https:\/\/demostore.ai\/wp-content\/uploads\/2025\/06\/Setting-Spray-1-scaled-1.png","datePublished":"2025-06-13T00:55:56+00:00","dateModified":"2026-02-19T08:05:01+00:00","description":"Nad\u010dasov\u00fd fixa\u010dn\u00ed sprej na make-up, kter\u00fd zaji\u0161\u0165uje z\u00e1\u0159iv\u00fd fini\u0161, a\u017e 24hodinovou v\u00fddr\u017e a ochranu proti vod\u011b. Hydratuje a dod\u00e1v\u00e1 pleti sv\u011b\u017eest.","breadcrumb":{"@id":"https:\/\/demostore.ai\/cs\/produkt\/dazzle-me-get-a-grip-fixacni-sprej-na-make-up\/#breadcrumb"},"inLanguage":"cs","potentialAction":[{"@type":"ReadAction","target":["https:\/\/demostore.ai\/cs\/produkt\/dazzle-me-get-a-grip-fixacni-sprej-na-make-up\/"]}]},{"@type":"ImageObject","inLanguage":"cs","@id":"https:\/\/demostore.ai\/cs\/produkt\/dazzle-me-get-a-grip-fixacni-sprej-na-make-up\/#primaryimage","url":"https:\/\/demostore.ai\/wp-content\/uploads\/2025\/06\/Setting-Spray-1-scaled-1.png","contentUrl":"https:\/\/demostore.ai\/wp-content\/uploads\/2025\/06\/Setting-Spray-1-scaled-1.png","width":349,"height":1000,"caption":"Fixa\u010dn\u00ed sprej na make-up Dazzle Me Get a Grip! Dewy Fix ve fialovo-zelen\u00e9m balen\u00ed, 60 ml."},{"@type":"BreadcrumbList","@id":"https:\/\/demostore.ai\/cs\/produkt\/dazzle-me-get-a-grip-fixacni-sprej-na-make-up\/#breadcrumb","itemListElement":[{"@type":"ListItem","position":1,"name":"Dom\u016f","item":"https:\/\/demostore.ai\/cs\/"},{"@type":"ListItem","position":2,"name":"Obchod","item":"https:\/\/demostore.ai\/cs\/obchod\/"},{"@type":"ListItem","position":3,"name":"Dazzle Me Get a Grip! Fixa\u010dn\u00ed Sprej na Make-Up"}]},{"@type":"WebSite","@id":"https:\/\/demostore.ai\/cs\/#website","url":"https:\/\/demostore.ai\/cs\/","name":"Trendy Thread","description":"Demo obchod WriteText.ai","publisher":{"@id":"https:\/\/demostore.ai\/cs\/#organization"},"potentialAction":[{"@type":"SearchAction","target":{"@type":"EntryPoint","urlTemplate":"https:\/\/demostore.ai\/cs\/?s={search_term_string}"},"query-input":{"@type":"PropertyValueSpecification","valueRequired":true,"valueName":"search_term_string"}}],"inLanguage":"cs"},{"@type":"Organization","@id":"https:\/\/demostore.ai\/cs\/#organization","name":"WriteText.ai","url":"https:\/\/demostore.ai\/cs\/","logo":{"@type":"ImageObject","inLanguage":"cs","@id":"https:\/\/demostore.ai\/cs\/#\/schema\/logo\/image\/","url":"https:\/\/demostore.ai\/wp-content\/uploads\/2025\/10\/writetext_logo.webp","contentUrl":"https:\/\/demostore.ai\/wp-content\/uploads\/2025\/10\/writetext_logo.webp","width":200,"height":34,"caption":"WriteText.ai"},"image":{"@id":"https:\/\/demostore.ai\/cs\/#\/schema\/logo\/image\/"}}]}},"_links":{"self":[{"href":"https:\/\/demostore.ai\/cs\/wp-json\/wp\/v2\/product\/35374","targetHints":{"allow":["GET"]}}],"collection":[{"href":"https:\/\/demostore.ai\/cs\/wp-json\/wp\/v2\/product"}],"about":[{"href":"https:\/\/demostore.ai\/cs\/wp-json\/wp\/v2\/types\/product"}],"replies":[{"embeddable":true,"href":"https:\/\/demostore.ai\/cs\/wp-json\/wp\/v2\/comments?post=35374"}],"wp:featuredmedia":[{"embeddable":true,"href":"https:\/\/demostore.ai\/cs\/wp-json\/wp\/v2\/media\/17143"}],"wp:attachment":[{"href":"https:\/\/demostore.ai\/cs\/wp-json\/wp\/v2\/media?parent=35374"}],"wp:term":[{"taxonomy":"product_brand","embeddable":true,"href":"https:\/\/demostore.ai\/cs\/wp-json\/wp\/v2\/product_brand?post=35374"},{"taxonomy":"product_cat","embeddable":true,"href":"https:\/\/demostore.ai\/cs\/wp-json\/wp\/v2\/product_cat?post=35374"},{"taxonomy":"product_tag","embeddable":true,"href":"https:\/\/demostore.ai\/cs\/wp-json\/wp\/v2\/product_tag?post=35374"}],"curies":[{"name":"wp","href":"https:\/\/api.w.org\/{rel}","templated":true}]}}