{"id":243910,"date":"2026-04-13T14:19:58","date_gmt":"2026-04-13T06:19:58","guid":{"rendered":"https:\/\/demostore.ai\/?post_type=product&#038;p=243910"},"modified":"2026-04-13T14:37:16","modified_gmt":"2026-04-13T06:37:16","slug":"playstation-5-slim-bundle-copy","status":"publish","type":"product","link":"https:\/\/demostore.ai\/cs\/produkt\/playstation-5-slim-bundle-copy\/","title":{"rendered":"PlayStation 5 Slim Bundle (Copy)"},"content":{"rendered":"<section data-wtai-block-id=\"wtai_product_description_features\" class=\"wtai-section wtai-features-section\">\n<h2>Hlavn\u00ed p\u0159ednosti produktu<\/h2>\n<ul>\n<li>Kompaktn\u00ed a modern\u00ed design konzole PlayStation 5 Slim v\u00fdrazn\u011b zmen\u0161uje rozm\u011bry oproti p\u016fvodn\u00ed generaci a snadno zapadne do ka\u017ed\u00e9ho interi\u00e9ru.<\/li>\n<li>V\u00fdkonn\u00fd osmij\u00e1drov\u00fd procesor AMD Zen 2 a grafick\u00e1 jednotka RDNA 2 p\u0159in\u00e1\u0161ej\u00ed plynul\u00e9 hran\u00ed i u nejnov\u011bj\u0161\u00edch her ve 4K.<\/li>\n<li>Rychl\u00e9 SSD \u00falo\u017ei\u0161t\u011b v\u00fdrazn\u011b urychluje nahr\u00e1v\u00e1n\u00ed her i aplikac\u00ed a zaji\u0161\u0165uje pohotov\u00e9 prost\u0159ed\u00ed p\u0159i p\u0159ep\u00edn\u00e1n\u00ed mezi tituly.<\/li>\n<li>Sou\u010d\u00e1st\u00ed bundle jsou dva bezdr\u00e1tov\u00e9 ovlada\u010de DualSense, s haptickou odezvou a adaptivn\u00edmi spou\u0161t\u011bmi pro intenzivn\u011bj\u0161\u00ed z\u00e1\u017eitek ze hry.<\/li>\n<li>Podpora ray tracingu, 3D audia a HDMI 2.1 umo\u017e\u0148uje maxim\u00e1ln\u011b re\u00e1ln\u00fd hern\u00ed i multimedi\u00e1ln\u00ed z\u00e1\u017eitek pro v\u0161echny hr\u00e1\u010de.<\/li>\n<\/ul>\n<\/section>\n<div data-wtai-block-id=\"wtai_product_description_image_1753694476277\" class=\"wtai-section wtai-image_1753694476277-section\">\n<figure class=\"wtai-image-p wtai-align-center\" style=\"text-align:center\"><img decoding=\"async\" src=\"https:\/\/demostore.ai\/wp-content\/uploads\/2025\/06\/PS5-Console-2-scaled-1-600x833.png\" alt=\"PlayStation 5 Slim s b\u00edl\u00fdm a \u010derven\u00fdm ovlada\u010dem na produktov\u00e9 str\u00e1nce bundle balen\u00ed.\" srcset=\"https:\/\/demostore.ai\/wp-content\/uploads\/2025\/06\/PS5-Console-2-scaled-1.png 720w, https:\/\/demostore.ai\/wp-content\/uploads\/2025\/06\/PS5-Console-2-scaled-1-216x300.png 216w, https:\/\/demostore.ai\/wp-content\/uploads\/2025\/06\/PS5-Console-2-scaled-1-600x833.png 600w\"><figcaption>\n<p>\u0160t\u00edhl\u00e1 b\u00edl\u00e1 konzole vynik\u00e1 modern\u00edm vzhledem a dv\u011bma barevn\u00fdmi ovlada\u010di pro pohodov\u00e9 hran\u00ed.<\/p>\n<\/figcaption><\/figure>\n<\/p><\/div>\n<section data-wtai-block-id=\"wtai_product_description_advantages\" class=\"wtai-section wtai-advantages-section\">\n<h2>Pro\u010d si tento bal\u00ed\u010dek vybrat?<\/h2>\n<p><em>D\u00edky \u0161t\u00edhlej\u0161\u00edm rozm\u011br\u016fm PlayStation 5 Slim snadno najde m\u00edsto v men\u0161\u00edch dom\u00e1cnostech nebo pracovn\u00e1ch. Konzole je z\u00e1rove\u0148 leh\u010d\u00ed a jednodu\u0161e p\u0159enosn\u00e1.<\/em><\/p>\n<p><em>Modern\u00ed hardware nab\u00edz\u00ed \u0161pi\u010dkov\u00fd v\u00fdkon, rychl\u00e9 na\u010d\u00edt\u00e1n\u00ed her a podporu nejnov\u011bj\u0161\u00edch technologi\u00ed. Hran\u00ed je plynul\u00e9 s minim\u00e1ln\u00ed dobou \u010dek\u00e1n\u00ed.<\/em><\/p>\n<p><em>DualSense ovlada\u010de v balen\u00ed zvy\u0161uj\u00ed mo\u017enosti hran\u00ed ve dvou nebo s p\u0159\u00e1teli, nav\u00edc jejich technologie poskytuj\u00ed nov\u00fd rozm\u011br vn\u00edm\u00e1n\u00ed her.<\/em><\/p>\n<p><em>Na SSD disk se vejde v\u00fdrazn\u011b v\u00edce her, co\u017e znamen\u00e1 m\u00e9n\u011b starost\u00ed s maz\u00e1n\u00edm star\u0161\u00edch titul\u016f a v\u00edce prostoru pro va\u0161e obl\u00edben\u00e9 s\u00e9rie.<\/em><\/p>\n<p><em>D\u00edky podpo\u0159e ray tracingu i 3D zvuku je ka\u017ed\u00fd hern\u00ed z\u00e1\u017eitek detailn\u011bj\u0161\u00ed a realisti\u010dt\u011bj\u0161\u00ed ne\u017e kdykoliv d\u0159\u00edve.<\/em><\/p>\n<\/section>\n<section data-wtai-block-id=\"wtai_product_description_benefits\" class=\"wtai-section wtai-benefits-section\">\n<h3>Jak v\u00e1m tento produkt usnadn\u00ed \u017eivot?<\/h3>\n<ul>\n<li>Konec \u010dek\u00e1n\u00ed \u2013 rychl\u00fd SSD disk znamen\u00e1 okam\u017eit\u00e9 na\u010d\u00edt\u00e1n\u00ed, tak\u017ee tr\u00e1v\u00edte v\u00edce \u010dasu hran\u00edm a m\u00e9n\u011b \u010dasem ve front\u00e1ch.<\/li>\n<li>Snadn\u00e9 sd\u00edlen\u00ed z\u00e1\u017eitk\u016f s p\u0159\u00e1teli d\u00edky druh\u00e9mu ovlada\u010di, kter\u00fd roz\u0161i\u0159uje mo\u017enosti spole\u010dn\u00e9ho hran\u00ed doma bez nutnosti dokupov\u00e1n\u00ed p\u0159\u00edslu\u0161enstv\u00ed.<\/li>\n<li>Probl\u00e9m s nedostatkem m\u00edsta u\u017e v\u00e1s tr\u00e1pit nebude \u2013 men\u0161\u00ed rozm\u011bry konzole usnad\u0148uj\u00ed jej\u00ed um\u00edst\u011bn\u00ed kdekoliv v byt\u011b.<\/li>\n<li>Hern\u00ed i multimedi\u00e1ln\u00ed obsah b\u011b\u017e\u00ed na nejvy\u0161\u0161\u00ed mo\u017en\u00e9 \u00farovni detail\u016f a plynulosti, co\u017e uspokoj\u00ed n\u00e1ro\u010dn\u00e9 i p\u0159\u00edle\u017eitostn\u00e9 u\u017eivatele.<\/li>\n<\/ul>\n<\/section>\n<section data-wtai-block-id=\"wtai_product_description_use_cases\" class=\"wtai-section wtai-use_cases-section\">\n<h3>Ide\u00e1ln\u00ed p\u0159\u00edle\u017eitosti k vyu\u017eit\u00ed<\/h3>\n<ol>\n<li>Dom\u00e1c\u00ed hran\u00ed v singleplayeru i multiplayeru na jedn\u00e9 konzoli d\u00edky dv\u011bma ovlada\u010d\u016fm v balen\u00ed.<\/li>\n<li>Rodinn\u00e9 ve\u010dery s p\u0159\u00e1teli \u010di d\u011btmi p\u0159i hran\u00ed sportovn\u00edch, z\u00e1vodn\u00edch a party her.<\/li>\n<li>Streaming vide\u00ed a multim\u00e9di\u00ed ve vysok\u00e9m rozli\u0161en\u00ed p\u0159es podporovan\u00e9 aplikace v konzoli.<\/li>\n<li>Sout\u011b\u017en\u00ed hran\u00ed online na stabiln\u00ed platform\u011b s rychl\u00fdm p\u0159ipojen\u00edm.<\/li>\n<li>Odborn\u00e9 testov\u00e1n\u00ed a recenzov\u00e1n\u00ed hern\u00edch titul\u016f na nejnov\u011bj\u0161\u00ed technologii pro \u0161koly, herny \u010di byznys.<\/li>\n<\/ol>\n<\/section>\n<div data-wtai-block-id=\"wtai_product_description_image_1\" class=\"wtai-section wtai-image_1-section\">\n<figure class=\"wtai-image-p wtai-align-center\" style=\"text-align:center\"><img decoding=\"async\" src=\"https:\/\/demostore.ai\/wp-content\/uploads\/2025\/06\/PS5-Console-1-scaled-1-600x833.png\" alt=\"PlayStation 5 Slim s b\u00edl\u00fdm a r\u016f\u017eov\u00fdm ovlada\u010dem DualSense, zobrazeno na produktov\u00e9 str\u00e1nce bal\u00ed\u010dku.\" srcset=\"https:\/\/demostore.ai\/wp-content\/uploads\/2025\/06\/PS5-Console-1-scaled-1.png 720w, https:\/\/demostore.ai\/wp-content\/uploads\/2025\/06\/PS5-Console-1-scaled-1-216x300.png 216w, https:\/\/demostore.ai\/wp-content\/uploads\/2025\/06\/PS5-Console-1-scaled-1-600x833.png 600w\"><\/figure>\n<\/p><\/div>\n<section data-wtai-block-id=\"wtai_product_description_technical_specifications\" class=\"wtai-section wtai-technical_specifications-section\">\n<h2>Technick\u00e9 parametry<\/h2>\n<ul>\n<li><strong>Hlavn\u00ed procesor:<\/strong> 8j\u00e1drov\u00fd AMD Zen 2 3,5 GHz<\/li>\n<li><strong>Grafick\u00e1 jednotka:<\/strong> AMD RDNA 2, 10,28 TFLOPS<\/li>\n<li><strong>Opera\u010dn\u00ed pam\u011b\u0165:<\/strong> 16 GB GDDR6<\/li>\n<li><strong>\u00dalo\u017ei\u0161t\u011b:<\/strong> 1 TB NVMe SSD<\/li>\n<li><strong>Mo\u017enost roz\u0161\u00ed\u0159en\u00ed SSD:<\/strong> ano (dle specifikac\u00ed v\u00fdrobce)<\/li>\n<li><strong>Blu-ray mechanika:<\/strong> ano (u modelu s mechanikou), bez mechaniky (Digital Edition)<\/li>\n<li><strong>Bezdr\u00e1tov\u00e9 ovlada\u010de:<\/strong> 2\u00d7 DualSense (v balen\u00ed r\u016f\u017eov\u00fd a b\u00edl\u00fd)<\/li>\n<li><strong>Audio:<\/strong> 3D audio<\/li>\n<li><strong>Ray Tracing:<\/strong> podpora<\/li>\n<li><strong>Maxim\u00e1ln\u00ed rozli\u0161en\u00ed:<\/strong> 4K UHD, a\u017e 120 Hz<\/li>\n<li><strong>Porty:<\/strong> 2\u00d7 USB-C, 2\u00d7 USB-A, HDMI 2.1, ethernet<\/li>\n<li><strong>P\u0159ipojen\u00ed k s\u00edti:<\/strong> Wi-Fi 6, Bluetooth 5.1, LAN (RJ-45)<\/li>\n<li><strong>Rozm\u011bry (\u0161 \u00d7 v \u00d7 h):<\/strong> 35 cm \u00d7 22 cm \u00d7 9,6 cm<\/li>\n<li><strong>Hmotnost:<\/strong> 3,2 kg (klasick\u00e1); 2,6 kg (Digital Edition)<\/li>\n<li><strong>Kompatibilita her:<\/strong> PS5 a v\u011bt\u0161ina PS4 titul\u016f<\/li>\n<\/ul>\n<\/section>\n<div data-wtai-block-id=\"wtai_product_description_image_1753694484745\" class=\"wtai-section wtai-image_1753694484745-section\">\n<figure class=\"wtai-image-p wtai-align-center\" style=\"text-align:center\"><img decoding=\"async\" src=\"https:\/\/demostore.ai\/wp-content\/uploads\/2025\/06\/PS5-Console-3-scaled-1-600x600.png\" alt=\"Detailn\u00ed pohled na konzoli PlayStation 5 Slim, elegantn\u00ed b\u00edl\u00fd design se zv\u00fdrazn\u011bn\u00fdm logem PS.\" srcset=\"https:\/\/demostore.ai\/wp-content\/uploads\/2025\/06\/PS5-Console-3-scaled-1.png 1000w, https:\/\/demostore.ai\/wp-content\/uploads\/2025\/06\/PS5-Console-3-scaled-1-300x300.png 300w, https:\/\/demostore.ai\/wp-content\/uploads\/2025\/06\/PS5-Console-3-scaled-1-150x150.png 150w, https:\/\/demostore.ai\/wp-content\/uploads\/2025\/06\/PS5-Console-3-scaled-1-768x768.png 768w, https:\/\/demostore.ai\/wp-content\/uploads\/2025\/06\/PS5-Console-3-scaled-1-600x600.png 600w, https:\/\/demostore.ai\/wp-content\/uploads\/2025\/06\/PS5-Console-3-scaled-1-250x250.png 250w\"><figcaption>\n<p>Horn\u00ed \u010d\u00e1st konzole zaujme minimalistick\u00fdm designem a jemn\u011b leskl\u00fdm povrchem.<\/p>\n<\/figcaption><\/figure>\n<\/p><\/div>\n<section data-wtai-block-id=\"wtai_product_description_faqs\" class=\"wtai-section wtai-faqs-section\">\n<h2>\u010cast\u00e9 dotazy<\/h2>\n<p><strong>Je mo\u017en\u00e9 pou\u017e\u00edvat DualSense ovlada\u010de i na PC?<\/strong> <br \/> Ano, ovlada\u010de DualSense lze p\u0159ipojit k po\u010d\u00edta\u010di jak p\u0159es USB kabel, tak bezdr\u00e1tov\u011b p\u0159es Bluetooth a vyu\u017e\u00edt jejich pokro\u010dil\u00e9 funkce.<\/p>\n<p><strong>Lze roz\u0161\u00ed\u0159it \u00falo\u017ei\u0161t\u011b o dal\u0161\u00ed SSD disk?<\/strong> <br \/> Ano, PlayStation 5 Slim podporuje roz\u0161i\u0159iteln\u00e9 NVMe M.2 SSD disky podle ofici\u00e1ln\u00edch specifikac\u00ed v\u00fdrobce.<\/p>\n<p><strong>Podporuje konzole hran\u00ed her z disk\u016f PS4?<\/strong> <br \/> Konzole je zp\u011btn\u011b kompatibiln\u00ed s v\u011bt\u0161inou her pro PlayStation 4, a\u0165 u\u017e na disku nebo digit\u00e1ln\u011b.<\/p>\n<p><strong>Jak n\u00e1ro\u010dn\u00e9 je instalovat a aktualizovat nov\u00e9 hry?<\/strong> <br \/> Instalace i aktualizace prob\u00edhaj\u00ed rychle d\u00edky vysok\u00e9 propustnosti SSD a rychl\u00e9mu p\u0159ipojen\u00ed k internetu.<\/p>\n<p><strong>Je mo\u017en\u00e9 dokoupit odpojitelnou Blu-ray mechaniku k digit\u00e1ln\u00ed verzi?<\/strong> <br \/> Ano, k PlayStation 5 Slim Digital lze dokoupit a snadno p\u0159ipojit samostatnou Blu-ray mechaniku.<\/p>\n<\/section>\n<div data-wtai-block-id=\"wtai_product_description_conclusion\" class=\"wtai-section wtai-conclusion-section\">\n<p><strong>PlayStation 5 Slim Bundle nab\u00edz\u00ed \u0161pi\u010dkov\u00fd hern\u00ed z\u00e1\u017eitek v elegantn\u00edm a kompaktn\u00edm t\u011ble s dv\u011bma pokro\u010dil\u00fdmi ovlada\u010di pro spole\u010dn\u00e9 hran\u00ed.<\/strong> <strong>U\u017eijte si plynul\u00e9 na\u010d\u00edt\u00e1n\u00ed, maxim\u00e1ln\u00ed detail a \u0161irokou kompatibilitu her u\u017e dnes. Ne\u010dekejte a z\u00edskejte sv\u016fj nov\u00fd level z\u00e1bavy s PS5 Slim od prvn\u00ed sekundy.<\/strong><\/p>\n<\/p><\/div>\n","protected":false},"excerpt":{"rendered":"<div data-wtai-block-id=\"wtai_excerpt_subtitle\" class=\"wtai-section wtai-subtitle-section\">\n<p><em><strong>\u0160t\u00edhl\u00fd design, vy\u0161\u0161\u00ed v\u00fdkon a rychlej\u0161\u00ed hran\u00ed v jednom praktick\u00e9m balen\u00ed<\/strong><\/em><\/p>\n<\/p><\/div>\n<div data-wtai-block-id=\"wtai_excerpt_introduction\" class=\"wtai-section wtai-introduction-section\">\n<p>Fandov\u00e9 modern\u00edch konzol\u00ed dob\u0159e v\u011bd\u00ed, \u017ee zmen\u0161en\u00fd PlayStation 5 Slim posouv\u00e1 hran\u00ed na vy\u0161\u0161\u00ed \u00farove\u0148 a zjednodu\u0161uje \u017eivot ka\u017ed\u00e9mu hr\u00e1\u010di. Elegantn\u00ed b\u00edl\u00e1 konzole v kompaktn\u00edm t\u011ble perfektn\u011b zapadne do dom\u00e1cnosti i kancel\u00e1\u0159e a nab\u00eddne v\u0161e, co pot\u0159ebujete k plynul\u00e9mu hran\u00ed i sledov\u00e1n\u00ed obsahu. V balen\u00ed najdete dva r\u016fzn\u00e9 ovlada\u010de vhodn\u00e9 na spole\u010dn\u00e9 hran\u00ed nebo rychl\u00e9 st\u0159\u00edd\u00e1n\u00ed profil\u016f. D\u00edky p\u0159\u00edv\u011btiv\u00e9mu proveden\u00ed a technick\u00fdm mo\u017enostem je za\u0159\u00edzen\u00ed skv\u011blou volbou pro univerz\u00e1ln\u00ed z\u00e1bavu i produktivn\u00ed relax po pr\u00e1ci \u2013 sta\u010d\u00ed zapojit a pustit se do sv\u011bta her bez \u010dek\u00e1n\u00ed nebo slo\u017eit\u00e9ho nastavov\u00e1n\u00ed.<\/p>\n<\/p><\/div>\n","protected":false},"featured_media":243971,"comment_status":"open","ping_status":"closed","template":"","meta":[],"product_brand":[],"product_cat":[183],"product_tag":[],"class_list":{"0":"post-243910","1":"product","2":"type-product","3":"status-publish","4":"has-post-thumbnail","6":"product_cat-elektronika-cs","8":"first","9":"instock","10":"shipping-taxable","11":"purchasable","12":"product-type-simple"},"bundled_by":["243938"],"bundle_stock_status":"instock","bundle_stock_quantity":null,"bundle_virtual":false,"bundle_layout":"","bundle_add_to_cart_form_location":"","bundle_editable_in_cart":false,"bundle_sold_individually_context":"","bundle_item_grouping":"","bundle_min_size":"","bundle_max_size":"","bundle_price":[],"bundled_items":[],"bundle_sell_ids":[],"yoast_head":"<!-- This site is optimized with the Yoast SEO plugin v25.2 - https:\/\/yoast.com\/wordpress\/plugins\/seo\/ -->\n<title>Objevte PlayStation 5 Slim Bundle pro Dokonal\u00fd Hern\u00ed \u017divot<\/title>\n<meta name=\"description\" content=\"Elegantn\u00ed PlayStation 5 Slim Bundle s dvojic\u00ed bezdr\u00e1tov\u00fdch ovlada\u010d\u016f umo\u017e\u0148uje hran\u00ed ve 4K, rychl\u00fd SSD disk a modern\u00ed v\u00fdbavu pro \u0161pi\u010dkov\u00e9 hern\u00ed z\u00e1\u017eitky.\" \/>\n<meta name=\"robots\" content=\"index, follow, max-snippet:-1, max-image-preview:large, max-video-preview:-1\" \/>\n<link rel=\"canonical\" href=\"https:\/\/demostore.ai\/cs\/produkt\/playstation-5-slim-bundle-copy\/\" \/>\n<meta property=\"og:type\" content=\"article\" \/>\n<meta property=\"og:title\" content=\"Objevte PlayStation 5 Slim Bundle pro Dokonal\u00fd Hern\u00ed \u017divot\" \/>\n<meta property=\"og:description\" content=\"Neot\u0159el\u00fd design, dva ovlada\u010de v balen\u00ed a v\u00fdkon nov\u00e9 generace. PlayStation 5 Slim Bundle p\u0159in\u00e1\u0161\u00ed rychl\u00e9 na\u010d\u00edt\u00e1n\u00ed, 4K grafiku, 3D zvuk a z\u00e1bavu bez kompromis\u016f.\" \/>\n<meta property=\"og:url\" content=\"https:\/\/demostore.ai\/cs\/produkt\/playstation-5-slim-bundle-copy\/\" \/>\n<meta property=\"og:site_name\" content=\"Trendy Thread\" \/>\n<meta property=\"article:modified_time\" content=\"2026-04-13T06:37:16+00:00\" \/>\n<meta property=\"og:image\" content=\"https:\/\/demostore.ai\/wp-content\/uploads\/2025\/06\/PS5-Console-1-scaled-1.png\" \/>\n\t<meta property=\"og:image:width\" content=\"720\" \/>\n\t<meta property=\"og:image:height\" content=\"1000\" \/>\n\t<meta property=\"og:image:type\" content=\"image\/png\" \/>\n<meta name=\"twitter:card\" content=\"summary_large_image\" \/>\n<meta name=\"twitter:title\" content=\"Objevte PlayStation 5 Slim Bundle pro Dokonal\u00fd Hern\u00ed \u017divot\" \/>\n<meta name=\"twitter:description\" content=\"Neot\u0159el\u00fd design, dva ovlada\u010de v balen\u00ed a v\u00fdkon nov\u00e9 generace. PlayStation 5 Slim Bundle p\u0159in\u00e1\u0161\u00ed rychl\u00e9 na\u010d\u00edt\u00e1n\u00ed, 4K grafiku, 3D zvuk a z\u00e1bavu bez kompromis\u016f.\" \/>\n<meta name=\"twitter:label1\" content=\"Odhadovan\u00e1 doba \u010dten\u00ed\" \/>\n\t<meta name=\"twitter:data1\" content=\"1 minuta\" \/>\n<script type=\"application\/ld+json\" class=\"yoast-schema-graph\">{\"@context\":\"https:\/\/schema.org\",\"@graph\":[{\"@type\":\"WebPage\",\"@id\":\"https:\/\/demostore.ai\/cs\/produkt\/playstation-5-slim-bundle-copy\/\",\"url\":\"https:\/\/demostore.ai\/cs\/produkt\/playstation-5-slim-bundle-copy\/\",\"name\":\"Objevte PlayStation 5 Slim Bundle pro Dokonal\u00fd Hern\u00ed \u017divot\",\"isPartOf\":{\"@id\":\"https:\/\/demostore.ai\/cs\/#website\"},\"primaryImageOfPage\":{\"@id\":\"https:\/\/demostore.ai\/cs\/produkt\/playstation-5-slim-bundle-copy\/#primaryimage\"},\"image\":{\"@id\":\"https:\/\/demostore.ai\/cs\/produkt\/playstation-5-slim-bundle-copy\/#primaryimage\"},\"thumbnailUrl\":\"https:\/\/demostore.ai\/wp-content\/uploads\/2026\/04\/PS5-Slim-1-scaled-1.png\",\"datePublished\":\"2026-04-13T06:19:58+00:00\",\"dateModified\":\"2026-04-13T06:37:16+00:00\",\"description\":\"Elegantn\u00ed PlayStation 5 Slim Bundle s dvojic\u00ed bezdr\u00e1tov\u00fdch ovlada\u010d\u016f umo\u017e\u0148uje hran\u00ed ve 4K, rychl\u00fd SSD disk a modern\u00ed v\u00fdbavu pro \u0161pi\u010dkov\u00e9 hern\u00ed z\u00e1\u017eitky.\",\"breadcrumb\":{\"@id\":\"https:\/\/demostore.ai\/cs\/produkt\/playstation-5-slim-bundle-copy\/#breadcrumb\"},\"inLanguage\":\"cs\",\"potentialAction\":[{\"@type\":\"ReadAction\",\"target\":[\"https:\/\/demostore.ai\/cs\/produkt\/playstation-5-slim-bundle-copy\/\"]}]},{\"@type\":\"ImageObject\",\"inLanguage\":\"cs\",\"@id\":\"https:\/\/demostore.ai\/cs\/produkt\/playstation-5-slim-bundle-copy\/#primaryimage\",\"url\":\"https:\/\/demostore.ai\/wp-content\/uploads\/2026\/04\/PS5-Slim-1-scaled-1.png\",\"contentUrl\":\"https:\/\/demostore.ai\/wp-content\/uploads\/2026\/04\/PS5-Slim-1-scaled-1.png\",\"width\":720,\"height\":1000},{\"@type\":\"BreadcrumbList\",\"@id\":\"https:\/\/demostore.ai\/cs\/produkt\/playstation-5-slim-bundle-copy\/#breadcrumb\",\"itemListElement\":[{\"@type\":\"ListItem\",\"position\":1,\"name\":\"Dom\u016f\",\"item\":\"https:\/\/demostore.ai\/cs\/\"},{\"@type\":\"ListItem\",\"position\":2,\"name\":\"Obchod\",\"item\":\"https:\/\/demostore.ai\/cs\/obchod\/\"},{\"@type\":\"ListItem\",\"position\":3,\"name\":\"PlayStation 5 Slim Bundle (Copy)\"}]},{\"@type\":\"WebSite\",\"@id\":\"https:\/\/demostore.ai\/cs\/#website\",\"url\":\"https:\/\/demostore.ai\/cs\/\",\"name\":\"Trendy Thread\",\"description\":\"Demo obchod WriteText.ai\",\"publisher\":{\"@id\":\"https:\/\/demostore.ai\/cs\/#organization\"},\"potentialAction\":[{\"@type\":\"SearchAction\",\"target\":{\"@type\":\"EntryPoint\",\"urlTemplate\":\"https:\/\/demostore.ai\/cs\/?s={search_term_string}\"},\"query-input\":{\"@type\":\"PropertyValueSpecification\",\"valueRequired\":true,\"valueName\":\"search_term_string\"}}],\"inLanguage\":\"cs\"},{\"@type\":\"Organization\",\"@id\":\"https:\/\/demostore.ai\/cs\/#organization\",\"name\":\"WriteText.ai\",\"url\":\"https:\/\/demostore.ai\/cs\/\",\"logo\":{\"@type\":\"ImageObject\",\"inLanguage\":\"cs\",\"@id\":\"https:\/\/demostore.ai\/cs\/#\/schema\/logo\/image\/\",\"url\":\"https:\/\/demostore.ai\/wp-content\/uploads\/2025\/10\/writetext_logo.webp\",\"contentUrl\":\"https:\/\/demostore.ai\/wp-content\/uploads\/2025\/10\/writetext_logo.webp\",\"width\":200,\"height\":34,\"caption\":\"WriteText.ai\"},\"image\":{\"@id\":\"https:\/\/demostore.ai\/cs\/#\/schema\/logo\/image\/\"}}]}<\/script>\n<!-- \/ Yoast SEO plugin. -->","yoast_head_json":{"title":"Objevte PlayStation 5 Slim Bundle pro Dokonal\u00fd Hern\u00ed \u017divot","description":"Elegantn\u00ed PlayStation 5 Slim Bundle s dvojic\u00ed bezdr\u00e1tov\u00fdch ovlada\u010d\u016f umo\u017e\u0148uje hran\u00ed ve 4K, rychl\u00fd SSD disk a modern\u00ed v\u00fdbavu pro \u0161pi\u010dkov\u00e9 hern\u00ed z\u00e1\u017eitky.","robots":{"index":"index","follow":"follow","max-snippet":"max-snippet:-1","max-image-preview":"max-image-preview:large","max-video-preview":"max-video-preview:-1"},"canonical":"https:\/\/demostore.ai\/cs\/produkt\/playstation-5-slim-bundle-copy\/","og_type":"article","og_title":"Objevte PlayStation 5 Slim Bundle pro Dokonal\u00fd Hern\u00ed \u017divot","og_description":"Neot\u0159el\u00fd design, dva ovlada\u010de v balen\u00ed a v\u00fdkon nov\u00e9 generace. PlayStation 5 Slim Bundle p\u0159in\u00e1\u0161\u00ed rychl\u00e9 na\u010d\u00edt\u00e1n\u00ed, 4K grafiku, 3D zvuk a z\u00e1bavu bez kompromis\u016f.","og_url":"https:\/\/demostore.ai\/cs\/produkt\/playstation-5-slim-bundle-copy\/","og_site_name":"Trendy Thread","article_modified_time":"2026-04-13T06:37:16+00:00","og_image":[{"width":720,"height":1000,"url":"https:\/\/demostore.ai\/wp-content\/uploads\/2025\/06\/PS5-Console-1-scaled-1.png","type":"image\/png"}],"twitter_card":"summary_large_image","twitter_title":"Objevte PlayStation 5 Slim Bundle pro Dokonal\u00fd Hern\u00ed \u017divot","twitter_description":"Neot\u0159el\u00fd design, dva ovlada\u010de v balen\u00ed a v\u00fdkon nov\u00e9 generace. PlayStation 5 Slim Bundle p\u0159in\u00e1\u0161\u00ed rychl\u00e9 na\u010d\u00edt\u00e1n\u00ed, 4K grafiku, 3D zvuk a z\u00e1bavu bez kompromis\u016f.","twitter_misc":{"Odhadovan\u00e1 doba \u010dten\u00ed":"1 minuta"},"schema":{"@context":"https:\/\/schema.org","@graph":[{"@type":"WebPage","@id":"https:\/\/demostore.ai\/cs\/produkt\/playstation-5-slim-bundle-copy\/","url":"https:\/\/demostore.ai\/cs\/produkt\/playstation-5-slim-bundle-copy\/","name":"Objevte PlayStation 5 Slim Bundle pro Dokonal\u00fd Hern\u00ed \u017divot","isPartOf":{"@id":"https:\/\/demostore.ai\/cs\/#website"},"primaryImageOfPage":{"@id":"https:\/\/demostore.ai\/cs\/produkt\/playstation-5-slim-bundle-copy\/#primaryimage"},"image":{"@id":"https:\/\/demostore.ai\/cs\/produkt\/playstation-5-slim-bundle-copy\/#primaryimage"},"thumbnailUrl":"https:\/\/demostore.ai\/wp-content\/uploads\/2026\/04\/PS5-Slim-1-scaled-1.png","datePublished":"2026-04-13T06:19:58+00:00","dateModified":"2026-04-13T06:37:16+00:00","description":"Elegantn\u00ed PlayStation 5 Slim Bundle s dvojic\u00ed bezdr\u00e1tov\u00fdch ovlada\u010d\u016f umo\u017e\u0148uje hran\u00ed ve 4K, rychl\u00fd SSD disk a modern\u00ed v\u00fdbavu pro \u0161pi\u010dkov\u00e9 hern\u00ed z\u00e1\u017eitky.","breadcrumb":{"@id":"https:\/\/demostore.ai\/cs\/produkt\/playstation-5-slim-bundle-copy\/#breadcrumb"},"inLanguage":"cs","potentialAction":[{"@type":"ReadAction","target":["https:\/\/demostore.ai\/cs\/produkt\/playstation-5-slim-bundle-copy\/"]}]},{"@type":"ImageObject","inLanguage":"cs","@id":"https:\/\/demostore.ai\/cs\/produkt\/playstation-5-slim-bundle-copy\/#primaryimage","url":"https:\/\/demostore.ai\/wp-content\/uploads\/2026\/04\/PS5-Slim-1-scaled-1.png","contentUrl":"https:\/\/demostore.ai\/wp-content\/uploads\/2026\/04\/PS5-Slim-1-scaled-1.png","width":720,"height":1000},{"@type":"BreadcrumbList","@id":"https:\/\/demostore.ai\/cs\/produkt\/playstation-5-slim-bundle-copy\/#breadcrumb","itemListElement":[{"@type":"ListItem","position":1,"name":"Dom\u016f","item":"https:\/\/demostore.ai\/cs\/"},{"@type":"ListItem","position":2,"name":"Obchod","item":"https:\/\/demostore.ai\/cs\/obchod\/"},{"@type":"ListItem","position":3,"name":"PlayStation 5 Slim Bundle (Copy)"}]},{"@type":"WebSite","@id":"https:\/\/demostore.ai\/cs\/#website","url":"https:\/\/demostore.ai\/cs\/","name":"Trendy Thread","description":"Demo obchod WriteText.ai","publisher":{"@id":"https:\/\/demostore.ai\/cs\/#organization"},"potentialAction":[{"@type":"SearchAction","target":{"@type":"EntryPoint","urlTemplate":"https:\/\/demostore.ai\/cs\/?s={search_term_string}"},"query-input":{"@type":"PropertyValueSpecification","valueRequired":true,"valueName":"search_term_string"}}],"inLanguage":"cs"},{"@type":"Organization","@id":"https:\/\/demostore.ai\/cs\/#organization","name":"WriteText.ai","url":"https:\/\/demostore.ai\/cs\/","logo":{"@type":"ImageObject","inLanguage":"cs","@id":"https:\/\/demostore.ai\/cs\/#\/schema\/logo\/image\/","url":"https:\/\/demostore.ai\/wp-content\/uploads\/2025\/10\/writetext_logo.webp","contentUrl":"https:\/\/demostore.ai\/wp-content\/uploads\/2025\/10\/writetext_logo.webp","width":200,"height":34,"caption":"WriteText.ai"},"image":{"@id":"https:\/\/demostore.ai\/cs\/#\/schema\/logo\/image\/"}}]}},"_links":{"self":[{"href":"https:\/\/demostore.ai\/cs\/wp-json\/wp\/v2\/product\/243910","targetHints":{"allow":["GET"]}}],"collection":[{"href":"https:\/\/demostore.ai\/cs\/wp-json\/wp\/v2\/product"}],"about":[{"href":"https:\/\/demostore.ai\/cs\/wp-json\/wp\/v2\/types\/product"}],"replies":[{"embeddable":true,"href":"https:\/\/demostore.ai\/cs\/wp-json\/wp\/v2\/comments?post=243910"}],"wp:featuredmedia":[{"embeddable":true,"href":"https:\/\/demostore.ai\/cs\/wp-json\/wp\/v2\/media\/243971"}],"wp:attachment":[{"href":"https:\/\/demostore.ai\/cs\/wp-json\/wp\/v2\/media?parent=243910"}],"wp:term":[{"taxonomy":"product_brand","embeddable":true,"href":"https:\/\/demostore.ai\/cs\/wp-json\/wp\/v2\/product_brand?post=243910"},{"taxonomy":"product_cat","embeddable":true,"href":"https:\/\/demostore.ai\/cs\/wp-json\/wp\/v2\/product_cat?post=243910"},{"taxonomy":"product_tag","embeddable":true,"href":"https:\/\/demostore.ai\/cs\/wp-json\/wp\/v2\/product_tag?post=243910"}],"curies":[{"name":"wp","href":"https:\/\/api.w.org\/{rel}","templated":true}]}}