{"id":248774,"date":"2026-04-14T10:53:06","date_gmt":"2026-04-14T02:53:06","guid":{"rendered":"https:\/\/demostore.ai\/?post_type=product&#038;p=248774"},"modified":"2026-04-29T15:57:25","modified_gmt":"2026-04-29T07:57:25","slug":"membresia-del-club-de-lectura","status":"publish","type":"product","link":"https:\/\/demostore.ai\/ca\/producte\/membresia-del-club-de-lectura\/","title":{"rendered":"Membresia del club de lectura"},"content":{"rendered":"<p>Descobreix una nova manera de viure la lectura amb una membresia de club de lectura que s\u2019adapta al teu ritme i t\u2019ofereix acc\u00e9s a lectures mensuals escollides amb cura. Gaudeix d\u2019una comunitat din\u00e0mica en qu\u00e8 comentar cada llibre es converteix en un suport inspirador i enriquidor, ideal per qui vol anar m\u00e9s enll\u00e0 de la simple lectura individual.<\/p>\n<p>Amb la subscripci\u00f3 a aquest club de lectura tindr\u00e0s acc\u00e9s a espais de trobada virtuals i chats on compartir punts de vista i rebre recomanacions genu\u00efnes. El servei et permet formar part d\u2019activitats relacionades, rebre material complementari i gaudir de la flexibilitat d\u2019estar al dia des de qualsevol lloc sense perdre\u2019t cap detall.<\/p>\n<p>La combinaci\u00f3 d\u2019un entorn acollidor, la recomanaci\u00f3 d\u2019obres actuals i la facilitat per interactuar en l\u00ednia converteix aquesta proposta en un rec\u00e9s literari pensat per fer-te cr\u00e9ixer i connectar sense l\u00edmits. Llegeix, comparteix i deixa que cada mes la curiositat et porti una mica m\u00e9s lluny.<\/p>\n","protected":false},"excerpt":{"rendered":"<p>Amb la membresia del club de lectura, tens acc\u00e9s cada mes a noves lectures seleccionades, trobades virtuals i xats amb altres apassionats dels llibres. Aquesta subscripci\u00f3 et permet cr\u00e9ixer personalment i connectar a trav\u00e9s d\u2019experi\u00e8ncies liter\u00e0ries, rebre recomanacions i participar en activitats exclusives que fan de la lectura una activitat social i enriquidora. Gaudeix d\u2019una experi\u00e8ncia envoltant i flexible sense sortir de casa.<\/p>\n","protected":false},"featured_media":244761,"comment_status":"open","ping_status":"closed","template":"","meta":[],"product_brand":[],"product_cat":[106],"product_tag":[],"class_list":{"0":"post-248774","1":"product","2":"type-product","3":"status-publish","4":"has-post-thumbnail","6":"product_cat-llibres-i-multimedia","8":"first","9":"instock","10":"virtual","11":"purchasable","12":"product-type-simple"},"bundled_by":[],"bundle_stock_status":"instock","bundle_stock_quantity":null,"bundle_virtual":false,"bundle_layout":"","bundle_add_to_cart_form_location":"","bundle_editable_in_cart":false,"bundle_sold_individually_context":"","bundle_item_grouping":"","bundle_min_size":"","bundle_max_size":"","bundle_price":[],"bundled_items":[],"bundle_sell_ids":[],"yoast_head":"<!-- This site is optimized with the Yoast SEO plugin v25.2 - https:\/\/yoast.com\/wordpress\/plugins\/seo\/ -->\n<title>La millor experi\u00e8ncia d\u2019acc\u00e9s a lectura mensual en club privat<\/title>\n<meta name=\"description\" content=\"Instants de connexi\u00f3 i descobertes \u00faniques amb acc\u00e9s a lectura mensual. Experimenta la membresia lectura online amb activitats i novetats exclusives.\" \/>\n<meta name=\"robots\" content=\"index, follow, max-snippet:-1, max-image-preview:large, max-video-preview:-1\" \/>\n<link rel=\"canonical\" href=\"https:\/\/demostore.ai\/ca\/producte\/membresia-del-club-de-lectura\/\" \/>\n<meta property=\"og:type\" content=\"article\" \/>\n<meta property=\"og:title\" content=\"La millor experi\u00e8ncia d\u2019acc\u00e9s a lectura mensual en club privat\" \/>\n<meta property=\"og:description\" content=\"Moments per connectar llegint amb acc\u00e9s a lectura mensual, trobades virtuals, xats i activitats selectes. La teva membresia lectura online et fascinar\u00e0 cada mes amb novetats i intercanvi.\" \/>\n<meta property=\"og:url\" content=\"https:\/\/demostore.ai\/ca\/producte\/membresia-del-club-de-lectura\/\" \/>\n<meta property=\"og:site_name\" content=\"Trendy Thread\" \/>\n<meta property=\"article:modified_time\" content=\"2026-04-29T07:57:25+00:00\" \/>\n<meta property=\"og:image\" content=\"https:\/\/demostore.ai\/wp-content\/uploads\/2026\/04\/book_club_membership.jpg\" \/>\n\t<meta property=\"og:image:width\" content=\"1000\" \/>\n\t<meta property=\"og:image:height\" content=\"1000\" \/>\n\t<meta property=\"og:image:type\" content=\"image\/jpeg\" \/>\n<meta name=\"twitter:card\" content=\"summary_large_image\" \/>\n<meta name=\"twitter:title\" content=\"La millor experi\u00e8ncia d\u2019acc\u00e9s a lectura mensual en club privat\" \/>\n<meta name=\"twitter:description\" content=\"Moments per connectar llegint amb acc\u00e9s a lectura mensual, trobades virtuals, xats i activitats selectes. La teva membresia lectura online et fascinar\u00e0 cada mes amb novetats i intercanvi.\" \/>\n<script type=\"application\/ld+json\" class=\"yoast-schema-graph\">{\"@context\":\"https:\/\/schema.org\",\"@graph\":[{\"@type\":\"WebPage\",\"@id\":\"https:\/\/demostore.ai\/ca\/producte\/membresia-del-club-de-lectura\/\",\"url\":\"https:\/\/demostore.ai\/ca\/producte\/membresia-del-club-de-lectura\/\",\"name\":\"La millor experi\u00e8ncia d\u2019acc\u00e9s a lectura mensual en club privat\",\"isPartOf\":{\"@id\":\"https:\/\/demostore.ai\/ca\/#website\"},\"primaryImageOfPage\":{\"@id\":\"https:\/\/demostore.ai\/ca\/producte\/membresia-del-club-de-lectura\/#primaryimage\"},\"image\":{\"@id\":\"https:\/\/demostore.ai\/ca\/producte\/membresia-del-club-de-lectura\/#primaryimage\"},\"thumbnailUrl\":\"https:\/\/demostore.ai\/wp-content\/uploads\/2026\/04\/book_club_membership.jpg\",\"datePublished\":\"2026-04-14T02:53:06+00:00\",\"dateModified\":\"2026-04-29T07:57:25+00:00\",\"description\":\"Instants de connexi\u00f3 i descobertes \u00faniques amb acc\u00e9s a lectura mensual. Experimenta la membresia lectura online amb activitats i novetats exclusives.\",\"breadcrumb\":{\"@id\":\"https:\/\/demostore.ai\/ca\/producte\/membresia-del-club-de-lectura\/#breadcrumb\"},\"inLanguage\":\"ca\",\"potentialAction\":[{\"@type\":\"ReadAction\",\"target\":[\"https:\/\/demostore.ai\/ca\/producte\/membresia-del-club-de-lectura\/\"]}]},{\"@type\":\"ImageObject\",\"inLanguage\":\"ca\",\"@id\":\"https:\/\/demostore.ai\/ca\/producte\/membresia-del-club-de-lectura\/#primaryimage\",\"url\":\"https:\/\/demostore.ai\/wp-content\/uploads\/2026\/04\/book_club_membership.jpg\",\"contentUrl\":\"https:\/\/demostore.ai\/wp-content\/uploads\/2026\/04\/book_club_membership.jpg\",\"width\":1000,\"height\":1000,\"caption\":\"Targeta de membresia al club de lectura per acc\u00e9s a lectura mensual, amb biblioteca elegant de fons.\"},{\"@type\":\"BreadcrumbList\",\"@id\":\"https:\/\/demostore.ai\/ca\/producte\/membresia-del-club-de-lectura\/#breadcrumb\",\"itemListElement\":[{\"@type\":\"ListItem\",\"position\":1,\"name\":\"Inici\",\"item\":\"https:\/\/demostore.ai\/ca\/\"},{\"@type\":\"ListItem\",\"position\":2,\"name\":\"Botiga\",\"item\":\"https:\/\/demostore.ai\/ca\/botiga\/\"},{\"@type\":\"ListItem\",\"position\":3,\"name\":\"Membresia del club de lectura\"}]},{\"@type\":\"WebSite\",\"@id\":\"https:\/\/demostore.ai\/ca\/#website\",\"url\":\"https:\/\/demostore.ai\/ca\/\",\"name\":\"Trendy Thread\",\"description\":\"Botiga de demostraci\u00f3 WriteText.ai\",\"publisher\":{\"@id\":\"https:\/\/demostore.ai\/ca\/#organization\"},\"potentialAction\":[{\"@type\":\"SearchAction\",\"target\":{\"@type\":\"EntryPoint\",\"urlTemplate\":\"https:\/\/demostore.ai\/ca\/?s={search_term_string}\"},\"query-input\":{\"@type\":\"PropertyValueSpecification\",\"valueRequired\":true,\"valueName\":\"search_term_string\"}}],\"inLanguage\":\"ca\"},{\"@type\":\"Organization\",\"@id\":\"https:\/\/demostore.ai\/ca\/#organization\",\"name\":\"WriteText.ai\",\"url\":\"https:\/\/demostore.ai\/ca\/\",\"logo\":{\"@type\":\"ImageObject\",\"inLanguage\":\"ca\",\"@id\":\"https:\/\/demostore.ai\/ca\/#\/schema\/logo\/image\/\",\"url\":\"https:\/\/demostore.ai\/wp-content\/uploads\/2025\/10\/writetext_logo.webp\",\"contentUrl\":\"https:\/\/demostore.ai\/wp-content\/uploads\/2025\/10\/writetext_logo.webp\",\"width\":200,\"height\":34,\"caption\":\"WriteText.ai\"},\"image\":{\"@id\":\"https:\/\/demostore.ai\/ca\/#\/schema\/logo\/image\/\"}}]}<\/script>\n<!-- \/ Yoast SEO plugin. -->","yoast_head_json":{"title":"La millor experi\u00e8ncia d\u2019acc\u00e9s a lectura mensual en club privat","description":"Instants de connexi\u00f3 i descobertes \u00faniques amb acc\u00e9s a lectura mensual. Experimenta la membresia lectura online amb activitats i novetats exclusives.","robots":{"index":"index","follow":"follow","max-snippet":"max-snippet:-1","max-image-preview":"max-image-preview:large","max-video-preview":"max-video-preview:-1"},"canonical":"https:\/\/demostore.ai\/ca\/producte\/membresia-del-club-de-lectura\/","og_type":"article","og_title":"La millor experi\u00e8ncia d\u2019acc\u00e9s a lectura mensual en club privat","og_description":"Moments per connectar llegint amb acc\u00e9s a lectura mensual, trobades virtuals, xats i activitats selectes. La teva membresia lectura online et fascinar\u00e0 cada mes amb novetats i intercanvi.","og_url":"https:\/\/demostore.ai\/ca\/producte\/membresia-del-club-de-lectura\/","og_site_name":"Trendy Thread","article_modified_time":"2026-04-29T07:57:25+00:00","og_image":[{"width":1000,"height":1000,"url":"https:\/\/demostore.ai\/wp-content\/uploads\/2026\/04\/book_club_membership.jpg","type":"image\/jpeg"}],"twitter_card":"summary_large_image","twitter_title":"La millor experi\u00e8ncia d\u2019acc\u00e9s a lectura mensual en club privat","twitter_description":"Moments per connectar llegint amb acc\u00e9s a lectura mensual, trobades virtuals, xats i activitats selectes. La teva membresia lectura online et fascinar\u00e0 cada mes amb novetats i intercanvi.","schema":{"@context":"https:\/\/schema.org","@graph":[{"@type":"WebPage","@id":"https:\/\/demostore.ai\/ca\/producte\/membresia-del-club-de-lectura\/","url":"https:\/\/demostore.ai\/ca\/producte\/membresia-del-club-de-lectura\/","name":"La millor experi\u00e8ncia d\u2019acc\u00e9s a lectura mensual en club privat","isPartOf":{"@id":"https:\/\/demostore.ai\/ca\/#website"},"primaryImageOfPage":{"@id":"https:\/\/demostore.ai\/ca\/producte\/membresia-del-club-de-lectura\/#primaryimage"},"image":{"@id":"https:\/\/demostore.ai\/ca\/producte\/membresia-del-club-de-lectura\/#primaryimage"},"thumbnailUrl":"https:\/\/demostore.ai\/wp-content\/uploads\/2026\/04\/book_club_membership.jpg","datePublished":"2026-04-14T02:53:06+00:00","dateModified":"2026-04-29T07:57:25+00:00","description":"Instants de connexi\u00f3 i descobertes \u00faniques amb acc\u00e9s a lectura mensual. Experimenta la membresia lectura online amb activitats i novetats exclusives.","breadcrumb":{"@id":"https:\/\/demostore.ai\/ca\/producte\/membresia-del-club-de-lectura\/#breadcrumb"},"inLanguage":"ca","potentialAction":[{"@type":"ReadAction","target":["https:\/\/demostore.ai\/ca\/producte\/membresia-del-club-de-lectura\/"]}]},{"@type":"ImageObject","inLanguage":"ca","@id":"https:\/\/demostore.ai\/ca\/producte\/membresia-del-club-de-lectura\/#primaryimage","url":"https:\/\/demostore.ai\/wp-content\/uploads\/2026\/04\/book_club_membership.jpg","contentUrl":"https:\/\/demostore.ai\/wp-content\/uploads\/2026\/04\/book_club_membership.jpg","width":1000,"height":1000,"caption":"Targeta de membresia al club de lectura per acc\u00e9s a lectura mensual, amb biblioteca elegant de fons."},{"@type":"BreadcrumbList","@id":"https:\/\/demostore.ai\/ca\/producte\/membresia-del-club-de-lectura\/#breadcrumb","itemListElement":[{"@type":"ListItem","position":1,"name":"Inici","item":"https:\/\/demostore.ai\/ca\/"},{"@type":"ListItem","position":2,"name":"Botiga","item":"https:\/\/demostore.ai\/ca\/botiga\/"},{"@type":"ListItem","position":3,"name":"Membresia del club de lectura"}]},{"@type":"WebSite","@id":"https:\/\/demostore.ai\/ca\/#website","url":"https:\/\/demostore.ai\/ca\/","name":"Trendy Thread","description":"Botiga de demostraci\u00f3 WriteText.ai","publisher":{"@id":"https:\/\/demostore.ai\/ca\/#organization"},"potentialAction":[{"@type":"SearchAction","target":{"@type":"EntryPoint","urlTemplate":"https:\/\/demostore.ai\/ca\/?s={search_term_string}"},"query-input":{"@type":"PropertyValueSpecification","valueRequired":true,"valueName":"search_term_string"}}],"inLanguage":"ca"},{"@type":"Organization","@id":"https:\/\/demostore.ai\/ca\/#organization","name":"WriteText.ai","url":"https:\/\/demostore.ai\/ca\/","logo":{"@type":"ImageObject","inLanguage":"ca","@id":"https:\/\/demostore.ai\/ca\/#\/schema\/logo\/image\/","url":"https:\/\/demostore.ai\/wp-content\/uploads\/2025\/10\/writetext_logo.webp","contentUrl":"https:\/\/demostore.ai\/wp-content\/uploads\/2025\/10\/writetext_logo.webp","width":200,"height":34,"caption":"WriteText.ai"},"image":{"@id":"https:\/\/demostore.ai\/ca\/#\/schema\/logo\/image\/"}}]}},"_links":{"self":[{"href":"https:\/\/demostore.ai\/ca\/wp-json\/wp\/v2\/product\/248774","targetHints":{"allow":["GET"]}}],"collection":[{"href":"https:\/\/demostore.ai\/ca\/wp-json\/wp\/v2\/product"}],"about":[{"href":"https:\/\/demostore.ai\/ca\/wp-json\/wp\/v2\/types\/product"}],"replies":[{"embeddable":true,"href":"https:\/\/demostore.ai\/ca\/wp-json\/wp\/v2\/comments?post=248774"}],"wp:featuredmedia":[{"embeddable":true,"href":"https:\/\/demostore.ai\/ca\/wp-json\/wp\/v2\/media\/244761"}],"wp:attachment":[{"href":"https:\/\/demostore.ai\/ca\/wp-json\/wp\/v2\/media?parent=248774"}],"wp:term":[{"taxonomy":"product_brand","embeddable":true,"href":"https:\/\/demostore.ai\/ca\/wp-json\/wp\/v2\/product_brand?post=248774"},{"taxonomy":"product_cat","embeddable":true,"href":"https:\/\/demostore.ai\/ca\/wp-json\/wp\/v2\/product_cat?post=248774"},{"taxonomy":"product_tag","embeddable":true,"href":"https:\/\/demostore.ai\/ca\/wp-json\/wp\/v2\/product_tag?post=248774"}],"curies":[{"name":"wp","href":"https:\/\/api.w.org\/{rel}","templated":true}]}}